{"id":76,"date":"2025-10-15T19:05:43","date_gmt":"2025-10-15T22:05:43","guid":{"rendered":"https:\/\/grankera.com.br\/v3\/?page_id=76"},"modified":"2025-10-21T20:22:27","modified_gmt":"2025-10-21T23:22:27","slug":"sobre","status":"publish","type":"page","link":"https:\/\/grankera.com.br\/v3\/sobre\/","title":{"rendered":"Sobre"},"content":{"rendered":"\n<div class=\"wp-block-group alignfull ticss-c4acaedb has-color-grankera-500-color has-text-color has-link-color wp-elements-dd08a5dbc23b87e0f8f735f788b3aedd is-content-justification-center is-nowrap is-layout-flex wp-container-core-group-is-layout-aad0424f wp-block-group-is-layout-flex\" style=\"padding-top:100px;padding-bottom:100px\">\n<div class=\"wp-block-group container px-5 gtb-container ticss-5ade513d wp-container-content-9fc0940c is-content-justification-left is-nowrap is-layout-flex wp-container-core-group-is-layout-a1ed96d5 wp-block-group-is-layout-flex\">\n<div class=\"wp-block-group ticss-8f19b783 is-vertical is-nowrap is-layout-flex wp-container-core-group-is-layout-6fe931d8 wp-block-group-is-layout-flex\">\n<h2 class=\"wp-block-heading has-poppins-font-family\" style=\"font-size:1.8rem\">Sobre<\/h2>\n\n\n\n<p class=\"has-color-grankera-200-color has-text-color has-link-color has-roboto-font-family wp-elements-e7aa075ab55e21e381690bd573b55be3\">Nascemos para promover o bem, elevar a autoestima, incentivar pessoas, formar parcerias e contribuir com o desenvolvimento profissional no setor da beleza.\u2028<\/p>\n\n\n\n<p class=\"has-color-grankera-200-color has-text-color has-link-color has-roboto-font-family wp-elements-610806f186cdd12c57af50253a06f326\">Nossos produtos s\u00e3o comercializados exclusivamente em sal\u00f5es de beleza e no e-commerce pr\u00f3prio e s\u00e3o elaborados para uso e indica\u00e7\u00e3o do profissional cabeleireiro, um dos principais respons\u00e1veis pelo nosso sucesso!<br>Esses profissionais, junto com nossos colaboradores, s\u00e3o quem contribuem para o crescimento da nossa marca e nos tornam uma empresa focada em desenvolver produtos que superem suas expectativas, nos mostrando que cuidar dos cabelos \u00e9 muito mais do que apresentar um belo visual, \u00e9 tamb\u00e9m lidar com a autoestima das pessoas.<\/p>\n<\/div>\n\n\n\n<div class=\"wp-block-group ticss-7189243d is-vertical is-nowrap is-layout-flex wp-container-core-group-is-layout-6fe931d8 wp-block-group-is-layout-flex\">\n<h1 class=\"wp-block-heading ticss-97c5acfb has-poppins-font-family\" style=\"font-style:normal;font-weight:400;line-height:1.4\">Tecnologia e qualidade com <span style=\"font-weight: 500;\">responsabilidade socioambiental<\/span><\/h1>\n\n\n\n<figure class=\"wp-block-image size-full\"><img loading=\"lazy\" decoding=\"async\" width=\"240\" height=\"130\" src=\"https:\/\/grankera.com.br\/v3\/wp-content\/uploads\/2025\/10\/naturek-sobre.png\" alt=\"\" class=\"wp-image-12362\"\/><\/figure>\n<\/div>\n<\/div>\n<\/div>\n\n\n\n<div class=\"wp-block-group alignfull ticss-a6714d1c is-content-justification-center is-nowrap is-layout-flex wp-container-core-group-is-layout-aad0424f wp-block-group-is-layout-flex\" style=\"padding-top:100px;padding-bottom:100px\">\n<div class=\"wp-block-group container px-5 gtb-container ticss-790a140b wp-container-content-9fc0940c is-content-justification-space-between is-nowrap is-layout-flex wp-container-core-group-is-layout-4e2e7437 wp-block-group-is-layout-flex\">\n<div class=\"wp-block-group ticss-5bd0bfcc is-vertical is-content-justification-center is-nowrap is-layout-flex wp-container-core-group-is-layout-7c07340a wp-block-group-is-layout-flex\">\n<div class=\"wp-block-group w-full ticss-f8ed49da is-content-justification-space-between is-nowrap is-layout-flex wp-container-core-group-is-layout-cb46ffcb wp-block-group-is-layout-flex\">\n<div class=\"wp-block-group w-full ticss-3dbf3a37 is-horizontal is-content-justification-space-between is-nowrap is-layout-flex wp-container-core-group-is-layout-bf7c3545 wp-block-group-is-layout-flex\">\n<h2 class=\"wp-block-heading ticss-2de5a492 has-color-grankera-50-color has-text-color has-link-color has-poppins-font-family wp-elements-8b457197471820534347c920a52ba99a\" style=\"font-style:normal;font-weight:400;line-height:1.22\">Somos uma<br>empresa<br><span style=\"font-weight: 500;\">100% Brasileira<\/span><\/h2>\n\n\n\n<figure class=\"wp-block-image size-full\"><img loading=\"lazy\" decoding=\"async\" width=\"117\" height=\"48\" src=\"https:\/\/grankera.com.br\/v3\/wp-content\/uploads\/2025\/10\/br-icon.png\" alt=\"\" class=\"wp-image-12360\"\/><\/figure>\n<\/div>\n<\/div>\n\n\n\n<figure class=\"wp-block-image size-full\"><img loading=\"lazy\" decoding=\"async\" width=\"508\" height=\"627\" src=\"https:\/\/grankera.com.br\/v3\/wp-content\/uploads\/2025\/10\/grankera-stand.png\" alt=\"\" class=\"wp-image-12358\"\/><\/figure>\n<\/div>\n\n\n\n<div class=\"wp-block-group ticss-77bd482c is-vertical is-nowrap is-layout-flex wp-container-core-group-is-layout-6fe931d8 wp-block-group-is-layout-flex\">\n<h2 class=\"wp-block-heading has-color-grankera-50-color has-text-color has-link-color has-poppins-font-family wp-elements-97692360cc6644c480f7dab81c9431a8\" style=\"font-size:25px;font-style:normal;font-weight:500\">Um pouco da nossa trajet\u00f3ria<\/h2>\n\n\n\n<ul>\n<li>\n<svg width=\"22\" height=\"22\" viewBox=\"0 0 24 24\" fill=\"none\" xmlns=\"http:\/\/www.w3.org\/2000\/svg\">\n<path d=\"M23.9825 1.62169C23.9564 1.20458 23.7789 0.811352 23.4833 0.515945C23.1876 0.220538 22.7943 0.0432968 22.3771 0.0175426C20.8697 -0.0718488 17.0173 0.0652996 13.82 3.26257L13.1649 3.91893H5.91931C5.69428 3.9184 5.47137 3.9625 5.2635 4.04868C5.05562 4.13486 4.86689 4.2614 4.70824 4.42099L0.501943 8.62606C0.276725 8.85135 0.118731 9.13493 0.0456826 9.44499C-0.0273655 9.75506 -0.0125781 10.0793 0.0883862 10.3815C0.189351 10.6836 0.372498 10.9516 0.617285 11.1555C0.862071 11.3593 1.15881 11.4909 1.47423 11.5356L6.26585 12.2042L11.7959 17.7342L12.4645 22.5319C12.5095 22.8472 12.6414 23.1436 12.8454 23.3881C13.0494 23.6325 13.3174 23.8154 13.6195 23.916C13.9216 24.0167 14.2457 24.0313 14.5556 23.9581C14.8655 23.885 15.1489 23.7269 15.374 23.5018L19.5803 19.2955C19.7398 19.1368 19.8663 18.9481 19.9525 18.7402C20.0387 18.5323 20.0828 18.3094 20.0823 18.0844V10.8351L20.7375 10.18C23.9335 6.98028 24.0719 3.13032 23.9825 1.62169ZM1.48157 9.91918C1.46843 9.87675 1.46707 9.83155 1.47764 9.78841C1.4882 9.74527 1.51031 9.70581 1.54158 9.67427L5.74665 5.4594C5.79257 5.41386 5.85463 5.38832 5.91931 5.38838H11.6955L6.35035 10.7323L1.67995 10.0808C1.63486 10.0758 1.59217 10.0578 1.55699 10.0292C1.52182 10.0005 1.49563 9.96232 1.48157 9.91918ZM18.6117 18.0807C18.6114 18.1456 18.5854 18.2077 18.5394 18.2534L14.3356 22.4585C14.3036 22.4908 14.2633 22.5136 14.2191 22.5243C14.1749 22.535 14.1286 22.5332 14.0854 22.5191C14.0422 22.505 14.0038 22.4791 13.9744 22.4444C13.9451 22.4097 13.926 22.3675 13.9192 22.3225L13.2678 17.6497L18.6117 12.3046V18.0807ZM19.6978 9.14159L12.489 16.3492L7.65081 11.5111L14.8597 4.30098C15.8259 3.3286 16.9889 2.5742 18.2707 2.08842C19.5525 1.60264 20.9234 1.39674 22.2914 1.48454C22.3502 1.48947 22.4053 1.51547 22.4465 1.55777C22.4877 1.60007 22.5122 1.65582 22.5155 1.71476C22.6024 3.08171 22.3961 4.45145 21.9103 5.73215C21.4246 7.01284 20.6706 8.17488 19.6991 9.14037L19.6978 9.14159ZM9.06025 19.1412C8.53125 20.3082 6.74955 23.0218 1.71301 23.0218C1.51815 23.0218 1.33127 22.9444 1.19348 22.8066C1.0557 22.6688 0.978289 22.4819 0.978289 22.287C0.978289 17.2505 3.69187 15.4688 4.85886 14.9398C4.94666 14.8996 5.04152 14.8771 5.13802 14.8735C5.23452 14.87 5.33078 14.8855 5.42129 14.9191C5.5118 14.9528 5.5948 15.004 5.66554 15.0697C5.73629 15.1354 5.79339 15.2145 5.83359 15.3023C5.87379 15.3901 5.89631 15.4849 5.89985 15.5814C5.90339 15.6779 5.88789 15.7742 5.85423 15.8647C5.82057 15.9552 5.76942 16.0382 5.70368 16.1089C5.63795 16.1797 5.55893 16.2368 5.47113 16.277C4.61395 16.6652 2.71224 17.9326 2.47468 21.5315C6.0736 21.2939 7.341 19.3861 7.72918 18.535C7.76938 18.4472 7.82648 18.3682 7.89722 18.3025C7.96797 18.2367 8.05096 18.1856 8.14148 18.1519C8.23199 18.1183 8.32824 18.1028 8.42475 18.1063C8.52125 18.1099 8.61611 18.1324 8.70391 18.1726C8.79171 18.2128 8.87074 18.2699 8.93647 18.3406C9.0022 18.4114 9.05336 18.4944 9.08702 18.5849C9.12068 18.6754 9.13618 18.7716 9.13263 18.8681C9.12909 18.9647 9.10658 19.0595 9.06638 19.1473L9.06025 19.1412Z\" fill=\"#F8F9FA\"\/>\n<\/svg>\n<span>2012 &#8211; Keranza<\/span>\n<p>\nIniciamos nossa jornada em setembro de 2012 com a marca Keranza Profissional, que surgiu com o objetivo espec\u00edfico de suprir os profissionais cabeleireiros com produtos que levam a satisfa\u00e7\u00e3o aos seus clientes. Desde ent\u00e3o, produzimos 100% dos produtos que comercializamos tra\u00e7ando assim uma trajet\u00f3ria de sucesso sempre em parceria com distribuidores e vendedores espalhados por todo territ\u00f3rio nacional.\n<\/p>\n<\/li>\n<li>\n<svg width=\"22\" height=\"22\" viewBox=\"0 0 24 24\" fill=\"none\" xmlns=\"http:\/\/www.w3.org\/2000\/svg\">\n<path d=\"M16.8994 7.10063C16.6409 5.55964 15.963 4.1196 14.9401 2.93842C13.9172 1.75725 12.5888 0.880561 11.1006 0.404505C9.61231 -0.0715504 8.02172 -0.12859 6.5032 0.239642C4.98469 0.607875 3.5969 1.38716 2.49203 2.49203C1.38716 3.5969 0.607875 4.98469 0.239642 6.5032C-0.12859 8.02172 -0.0715504 9.61231 0.404505 11.1006C0.880561 12.5888 1.75725 13.9172 2.93842 14.9401C4.1196 15.963 5.55964 16.6409 7.10063 16.8994C7.35915 18.4404 8.03702 19.8804 9.05991 21.0616C10.0828 22.2428 11.4112 23.1194 12.8994 23.5955C14.3877 24.0716 15.9783 24.1286 17.4968 23.7604C19.0153 23.3921 20.4031 22.6128 21.508 21.508C22.6128 20.4031 23.3921 19.0153 23.7604 17.4968C24.1286 15.9783 24.0716 14.3877 23.5955 12.8994C23.1194 11.4112 22.2428 10.0828 21.0616 9.05991C19.8804 8.03702 18.4404 7.35915 16.8994 7.10063ZM22.6905 15.4911C22.6901 15.8159 22.6675 16.1403 22.6228 16.462L16.7587 10.5967C16.9313 9.91454 17.0185 9.2136 17.0183 8.50996C17.0183 8.49141 17.0183 8.47287 17.0183 8.45432C18.6271 8.7994 20.0685 9.68676 21.1011 10.9678C22.1337 12.2488 22.6948 13.8457 22.6905 15.4911ZM14.0415 14.9665L20.0954 21.0204C19.4562 21.5527 18.7295 21.9701 17.9476 22.2542L11.97 16.2754C12.7201 15.9415 13.4179 15.5006 14.0415 14.9665ZM14.9665 14.0415C15.5007 13.4175 15.9416 12.7194 16.2754 11.9689L22.2542 17.9476C21.9688 18.7298 21.5499 19.4565 21.0161 20.0954L14.9665 14.0415ZM1.31061 8.50996C1.31061 7.08606 1.73285 5.69414 2.52392 4.51021C3.31499 3.32629 4.43938 2.40353 5.75489 1.85863C7.07039 1.31373 8.51794 1.17116 9.91448 1.44895C11.311 1.72673 12.5938 2.4124 13.6007 3.41925C14.6075 4.4261 15.2932 5.7089 15.571 7.10543C15.8488 8.50197 15.7062 9.94952 15.1613 11.265C14.6164 12.5805 13.6936 13.7049 12.5097 14.496C11.3258 15.2871 9.93385 15.7093 8.50996 15.7093C6.60128 15.707 4.77144 14.9477 3.4218 13.5981C2.07216 12.2485 1.31292 10.4186 1.31061 8.50996ZM8.45432 17.0183H8.50996C9.2136 17.0185 9.91454 16.9313 10.5967 16.7587L16.462 22.6228C14.6664 22.871 12.8434 22.4313 11.3583 21.3919C9.87332 20.3525 8.836 18.7903 8.45432 17.0183Z\" fill=\"#F8F9FA\"\/>\n<\/svg>\n<span>2021 &#8211; Transi\u00e7\u00e3o da marca<\/span>\n<p>\nDesde o lan\u00e7amento tivemos um crescimento consider\u00e1vel, o qual nos trouxe exposi\u00e7\u00e3o nas m\u00eddias sociais, muitos seguidores e parceiros e com tudo isso a possibilidade de melhorar e ampliar ainda mais o nosso trabalho. Por\u00e9m, esse crescimento acabou gerando conflitos com marcas similares ao nome Keranza, fato que nos levou a refletir os conceitos e ideais em nossa identidade visual e nosso nome.\n<\/p>\n<p>\nE para elevar ainda mais a Keranza Profissional, criamos uma nova marca: GRANK\u00c9RA PROFISSIONAL, um conceito que representa crescimento, transi\u00e7\u00e3o e evolu\u00e7\u00e3o um novo posicionamento da marca no mercado da beleza. Iniciamos um novo tempo. Tempo de renascer, evoluir, de encarar tudo de frente e aparecer para o mundo. Estamos cada vez mais conectados com nossos clientes e parceiros que est\u00e3o sempre engajados em elevar nossa marca e nosso trabalho sem perder a nossa ess\u00eancia.\n<\/p>\n<\/li>\n<\/ul>\n<\/div>\n<\/div>\n<\/div>\n\n\n\n<div class=\"wp-block-group alignfull is-content-justification-center is-nowrap is-layout-flex wp-container-core-group-is-layout-aad0424f wp-block-group-is-layout-flex\" style=\"padding-top:100px;padding-bottom:100px\">\n<div class=\"wp-block-group container px-5 gtb-container ticss-790a140b wp-container-content-9fc0940c is-vertical is-content-justification-center is-nowrap is-layout-flex wp-container-core-group-is-layout-0795eac7 wp-block-group-is-layout-flex\" style=\"margin-top:0;margin-bottom:0\">\n<h2 class=\"wp-block-heading has-text-align-center ticss-8ca11c75 has-color-grankera-950-color has-text-color has-link-color has-poppins-font-family wp-elements-b0cbbba2c2117491014edc3271034ac5\" style=\"font-size:35px\">Nossos Embaixadores<\/h2>\n\n\n\n<p class=\"has-text-align-center ticss-2208735d\">Nossa equipe \u00e9 formada por profissionais e parceiros que visam o desenvolvimento de produtos com alta tecnologia e qualidade sem esquecer.<\/p>\n\n\n<div class=\"ticss-97a0bf1d ticss-97a0bf1d wp-block-pods-pods-block-list\"><div>\n\t<img loading=\"lazy\" decoding=\"async\" src=\"https:\/\/grankera.com.br\/v3\/wp-content\/uploads\/2025\/10\/camila-lanaro.png\" width=\"300\" height=\"350\" alt=\"Camila Lanaro\">\n<div>\n\t<span class=\"skill\">Expert em lisos<\/span>\n\t<span class=\"name\">Camila Lanaro<\/span>\n<\/div>\n<\/div><div>\n\t<img loading=\"lazy\" decoding=\"async\" src=\"https:\/\/grankera.com.br\/v3\/wp-content\/uploads\/2025\/10\/evandro-sublime.png\" width=\"300\" height=\"350\" alt=\"Evandro Sublime\">\n<div>\n\t<span class=\"skill\">Terapeuta &#038; Especialista em Curvaturas<\/span>\n\t<span class=\"name\">Evandro Sublime<\/span>\n<\/div>\n<\/div><div>\n\t<img loading=\"lazy\" decoding=\"async\" src=\"https:\/\/grankera.com.br\/v3\/wp-content\/uploads\/2025\/10\/mark-riegel.png\" width=\"300\" height=\"350\" alt=\"Mark Riegel\">\n<div>\n\t<span class=\"skill\">Expert Blond &#038; Hairstylist<\/span>\n\t<span class=\"name\">Mark Riegel<\/span>\n<\/div>\n<\/div><div>\n\t<img loading=\"lazy\" decoding=\"async\" src=\"https:\/\/grankera.com.br\/v3\/wp-content\/uploads\/2025\/10\/vanessa-araujo.png\" width=\"300\" height=\"350\" alt=\"Vanessa Araujo\">\n<div>\n\t<span class=\"skill\">Expert em curvaturas &#038; mechas<\/span>\n\t<span class=\"name\">Vanessa Araujo<\/span>\n<\/div>\n<\/div><\/div><\/div>\n<\/div>\n","protected":false},"excerpt":{"rendered":"<p>Sobre Nascemos para promover o bem, elevar a autoestima, incentivar pessoas, formar parcerias e contribuir com o desenvolvimento profissional no setor da beleza.\u2028 Nossos produtos s\u00e3o comercializados exclusivamente em sal\u00f5es de beleza e no e-commerce pr\u00f3prio e s\u00e3o elaborados para uso e indica\u00e7\u00e3o do profissional cabeleireiro, um dos principais respons\u00e1veis pelo nosso sucesso!Esses profissionais, junto [&hellip;]<\/p>\n","protected":false},"author":1,"featured_media":0,"parent":0,"menu_order":0,"comment_status":"closed","ping_status":"closed","template":"page-blank.php","meta":{"footnotes":""},"class_list":["post-76","page","type-page","status-publish","hentry"],"yoast_head":"<!-- This site is optimized with the Yoast SEO plugin v26.6 - https:\/\/yoast.com\/wordpress\/plugins\/seo\/ -->\n<title>Sobre - Grankera<\/title>\n<meta name=\"robots\" content=\"noindex, follow, max-snippet:-1, max-image-preview:large, max-video-preview:-1\" \/>\n<meta property=\"og:locale\" content=\"pt_BR\" \/>\n<meta property=\"og:type\" content=\"article\" \/>\n<meta property=\"og:title\" content=\"Sobre - Grankera\" \/>\n<meta property=\"og:description\" content=\"Sobre Nascemos para promover o bem, elevar a autoestima, incentivar pessoas, formar parcerias e contribuir com o desenvolvimento profissional no setor da beleza.\u2028 Nossos produtos s\u00e3o comercializados exclusivamente em sal\u00f5es de beleza e no e-commerce pr\u00f3prio e s\u00e3o elaborados para uso e indica\u00e7\u00e3o do profissional cabeleireiro, um dos principais respons\u00e1veis pelo nosso sucesso!Esses profissionais, junto [&hellip;]\" \/>\n<meta property=\"og:url\" content=\"https:\/\/grankera.com.br\/v3\/sobre\/\" \/>\n<meta property=\"og:site_name\" content=\"Grankera\" \/>\n<meta property=\"article:publisher\" content=\"https:\/\/www.facebook.com\/grankera.oficial\" \/>\n<meta property=\"article:modified_time\" content=\"2025-10-21T23:22:27+00:00\" \/>\n<meta property=\"og:image\" content=\"https:\/\/grankera.com.br\/v3\/wp-content\/uploads\/2025\/10\/naturek-sobre.png\" \/>\n\t<meta property=\"og:image:width\" content=\"240\" \/>\n\t<meta property=\"og:image:height\" content=\"130\" \/>\n\t<meta property=\"og:image:type\" content=\"image\/png\" \/>\n<meta name=\"twitter:card\" content=\"summary_large_image\" \/>\n<meta name=\"twitter:label1\" content=\"Est. tempo de leitura\" \/>\n\t<meta name=\"twitter:data1\" content=\"2 minutos\" \/>\n<script type=\"application\/ld+json\" class=\"yoast-schema-graph\">{\"@context\":\"https:\/\/schema.org\",\"@graph\":[{\"@type\":\"WebPage\",\"@id\":\"https:\/\/grankera.com.br\/v3\/sobre\/\",\"url\":\"https:\/\/grankera.com.br\/v3\/sobre\/\",\"name\":\"Sobre - Grankera\",\"isPartOf\":{\"@id\":\"https:\/\/grankera.com.br\/v3\/#website\"},\"primaryImageOfPage\":{\"@id\":\"https:\/\/grankera.com.br\/v3\/sobre\/#primaryimage\"},\"image\":{\"@id\":\"https:\/\/grankera.com.br\/v3\/sobre\/#primaryimage\"},\"thumbnailUrl\":\"https:\/\/grankera.com.br\/v3\/wp-content\/uploads\/2025\/10\/naturek-sobre.png\",\"datePublished\":\"2025-10-15T22:05:43+00:00\",\"dateModified\":\"2025-10-21T23:22:27+00:00\",\"breadcrumb\":{\"@id\":\"https:\/\/grankera.com.br\/v3\/sobre\/#breadcrumb\"},\"inLanguage\":\"pt-BR\",\"potentialAction\":[{\"@type\":\"ReadAction\",\"target\":[\"https:\/\/grankera.com.br\/v3\/sobre\/\"]}]},{\"@type\":\"ImageObject\",\"inLanguage\":\"pt-BR\",\"@id\":\"https:\/\/grankera.com.br\/v3\/sobre\/#primaryimage\",\"url\":\"https:\/\/grankera.com.br\/v3\/wp-content\/uploads\/2025\/10\/naturek-sobre.png\",\"contentUrl\":\"https:\/\/grankera.com.br\/v3\/wp-content\/uploads\/2025\/10\/naturek-sobre.png\",\"width\":240,\"height\":130},{\"@type\":\"BreadcrumbList\",\"@id\":\"https:\/\/grankera.com.br\/v3\/sobre\/#breadcrumb\",\"itemListElement\":[{\"@type\":\"ListItem\",\"position\":1,\"name\":\"In\u00edcio\",\"item\":\"https:\/\/grankera.com.br\/v3\/\"},{\"@type\":\"ListItem\",\"position\":2,\"name\":\"Sobre\"}]},{\"@type\":\"WebSite\",\"@id\":\"https:\/\/grankera.com.br\/v3\/#website\",\"url\":\"https:\/\/grankera.com.br\/v3\/\",\"name\":\"Grankera\",\"description\":\"\",\"publisher\":{\"@id\":\"https:\/\/grankera.com.br\/v3\/#organization\"},\"potentialAction\":[{\"@type\":\"SearchAction\",\"target\":{\"@type\":\"EntryPoint\",\"urlTemplate\":\"https:\/\/grankera.com.br\/v3\/?s={search_term_string}\"},\"query-input\":{\"@type\":\"PropertyValueSpecification\",\"valueRequired\":true,\"valueName\":\"search_term_string\"}}],\"inLanguage\":\"pt-BR\"},{\"@type\":\"Organization\",\"@id\":\"https:\/\/grankera.com.br\/v3\/#organization\",\"name\":\"Grankera\",\"url\":\"https:\/\/grankera.com.br\/v3\/\",\"logo\":{\"@type\":\"ImageObject\",\"inLanguage\":\"pt-BR\",\"@id\":\"https:\/\/grankera.com.br\/v3\/#\/schema\/logo\/image\/\",\"url\":\"https:\/\/grankera.com.br\/v3\/wp-content\/uploads\/2025\/12\/logo.png\",\"contentUrl\":\"https:\/\/grankera.com.br\/v3\/wp-content\/uploads\/2025\/12\/logo.png\",\"width\":152,\"height\":33,\"caption\":\"Grankera\"},\"image\":{\"@id\":\"https:\/\/grankera.com.br\/v3\/#\/schema\/logo\/image\/\"},\"sameAs\":[\"https:\/\/www.facebook.com\/grankera.oficial\",\"https:\/\/www.instagram.com\/grankera.oficial\"]}]}<\/script>\n<!-- \/ Yoast SEO plugin. -->","yoast_head_json":{"title":"Sobre - Grankera","robots":{"index":"noindex","follow":"follow","max-snippet":"max-snippet:-1","max-image-preview":"max-image-preview:large","max-video-preview":"max-video-preview:-1"},"og_locale":"pt_BR","og_type":"article","og_title":"Sobre - Grankera","og_description":"Sobre Nascemos para promover o bem, elevar a autoestima, incentivar pessoas, formar parcerias e contribuir com o desenvolvimento profissional no setor da beleza.\u2028 Nossos produtos s\u00e3o comercializados exclusivamente em sal\u00f5es de beleza e no e-commerce pr\u00f3prio e s\u00e3o elaborados para uso e indica\u00e7\u00e3o do profissional cabeleireiro, um dos principais respons\u00e1veis pelo nosso sucesso!Esses profissionais, junto [&hellip;]","og_url":"https:\/\/grankera.com.br\/v3\/sobre\/","og_site_name":"Grankera","article_publisher":"https:\/\/www.facebook.com\/grankera.oficial","article_modified_time":"2025-10-21T23:22:27+00:00","og_image":[{"width":240,"height":130,"url":"https:\/\/grankera.com.br\/v3\/wp-content\/uploads\/2025\/10\/naturek-sobre.png","type":"image\/png"}],"twitter_card":"summary_large_image","twitter_misc":{"Est. tempo de leitura":"2 minutos"},"schema":{"@context":"https:\/\/schema.org","@graph":[{"@type":"WebPage","@id":"https:\/\/grankera.com.br\/v3\/sobre\/","url":"https:\/\/grankera.com.br\/v3\/sobre\/","name":"Sobre - Grankera","isPartOf":{"@id":"https:\/\/grankera.com.br\/v3\/#website"},"primaryImageOfPage":{"@id":"https:\/\/grankera.com.br\/v3\/sobre\/#primaryimage"},"image":{"@id":"https:\/\/grankera.com.br\/v3\/sobre\/#primaryimage"},"thumbnailUrl":"https:\/\/grankera.com.br\/v3\/wp-content\/uploads\/2025\/10\/naturek-sobre.png","datePublished":"2025-10-15T22:05:43+00:00","dateModified":"2025-10-21T23:22:27+00:00","breadcrumb":{"@id":"https:\/\/grankera.com.br\/v3\/sobre\/#breadcrumb"},"inLanguage":"pt-BR","potentialAction":[{"@type":"ReadAction","target":["https:\/\/grankera.com.br\/v3\/sobre\/"]}]},{"@type":"ImageObject","inLanguage":"pt-BR","@id":"https:\/\/grankera.com.br\/v3\/sobre\/#primaryimage","url":"https:\/\/grankera.com.br\/v3\/wp-content\/uploads\/2025\/10\/naturek-sobre.png","contentUrl":"https:\/\/grankera.com.br\/v3\/wp-content\/uploads\/2025\/10\/naturek-sobre.png","width":240,"height":130},{"@type":"BreadcrumbList","@id":"https:\/\/grankera.com.br\/v3\/sobre\/#breadcrumb","itemListElement":[{"@type":"ListItem","position":1,"name":"In\u00edcio","item":"https:\/\/grankera.com.br\/v3\/"},{"@type":"ListItem","position":2,"name":"Sobre"}]},{"@type":"WebSite","@id":"https:\/\/grankera.com.br\/v3\/#website","url":"https:\/\/grankera.com.br\/v3\/","name":"Grankera","description":"","publisher":{"@id":"https:\/\/grankera.com.br\/v3\/#organization"},"potentialAction":[{"@type":"SearchAction","target":{"@type":"EntryPoint","urlTemplate":"https:\/\/grankera.com.br\/v3\/?s={search_term_string}"},"query-input":{"@type":"PropertyValueSpecification","valueRequired":true,"valueName":"search_term_string"}}],"inLanguage":"pt-BR"},{"@type":"Organization","@id":"https:\/\/grankera.com.br\/v3\/#organization","name":"Grankera","url":"https:\/\/grankera.com.br\/v3\/","logo":{"@type":"ImageObject","inLanguage":"pt-BR","@id":"https:\/\/grankera.com.br\/v3\/#\/schema\/logo\/image\/","url":"https:\/\/grankera.com.br\/v3\/wp-content\/uploads\/2025\/12\/logo.png","contentUrl":"https:\/\/grankera.com.br\/v3\/wp-content\/uploads\/2025\/12\/logo.png","width":152,"height":33,"caption":"Grankera"},"image":{"@id":"https:\/\/grankera.com.br\/v3\/#\/schema\/logo\/image\/"},"sameAs":["https:\/\/www.facebook.com\/grankera.oficial","https:\/\/www.instagram.com\/grankera.oficial"]}]}},"_links":{"self":[{"href":"https:\/\/grankera.com.br\/v3\/wp-json\/wp\/v2\/pages\/76","targetHints":{"allow":["GET"]}}],"collection":[{"href":"https:\/\/grankera.com.br\/v3\/wp-json\/wp\/v2\/pages"}],"about":[{"href":"https:\/\/grankera.com.br\/v3\/wp-json\/wp\/v2\/types\/page"}],"author":[{"embeddable":true,"href":"https:\/\/grankera.com.br\/v3\/wp-json\/wp\/v2\/users\/1"}],"replies":[{"embeddable":true,"href":"https:\/\/grankera.com.br\/v3\/wp-json\/wp\/v2\/comments?post=76"}],"version-history":[{"count":138,"href":"https:\/\/grankera.com.br\/v3\/wp-json\/wp\/v2\/pages\/76\/revisions"}],"predecessor-version":[{"id":12575,"href":"https:\/\/grankera.com.br\/v3\/wp-json\/wp\/v2\/pages\/76\/revisions\/12575"}],"wp:attachment":[{"href":"https:\/\/grankera.com.br\/v3\/wp-json\/wp\/v2\/media?parent=76"}],"curies":[{"name":"wp","href":"https:\/\/api.w.org\/{rel}","templated":true}]}}