{"id":5799,"date":"2022-02-09T15:33:48","date_gmt":"2022-02-09T18:33:48","guid":{"rendered":"http:\/\/&#038;p=5799"},"modified":"2025-12-03T10:57:32","modified_gmt":"2025-12-03T13:57:32","slug":"ouro-indiano-suplemento-condicionador-300ml","status":"publish","type":"product","link":"https:\/\/grankera.com.br\/v3\/produto\/ouro-indiano-suplemento-condicionador-300ml\/","title":{"rendered":"Ouro Indiano Suplemento Condicionador 300ml"},"content":{"rendered":"<p>Com formula\u00e7\u00e3o rica em ingredientes nutritivos, a linha Ouro Indiano possui uma combina\u00e7\u00e3o \u00fanica de \u00f3leos de Amla e Oliva que possuem vitaminas essenciais e propriedades regenerativas que ajudam fortalecer os fios da raiz as pontas e a estimular o crescimento saud\u00e1vel dos cabelos. Restaura e hidrata os fios desde a primeira aplica\u00e7\u00e3o. Seu efeito iluminador deixa os cabelos sedosos e com brilho radiante.<\/p>\n<p><strong><em>ATIVOS<\/em><\/strong><\/p>\n<p><strong><em>\u00d3LEO DE AMLA<\/em><\/strong>: \u00c9 utilizado por um longo tempo na tradi\u00e7\u00e3o da medicina do subcontinente indiano, ela \u00e9 procedente de uma \u00e1rvore nativa da \u00cdndia chamada groselha indiana. Todas as partes da \u00e1rvore s\u00e3o utilizadas no tratamento de muitas condi\u00e7\u00f5es de cabelo, incluindo a crosta. \u00c9 um produto natural que cont\u00e9m \u00e1cidos graxos essenciais que ajudam a fortalecer os fol\u00edculos pilares, para condicionar e melhorar a sa\u00fade do cabelo.<\/p>\n<p>Estimula o Crescimento: Rico em nutrientes como c\u00e1lcio, zinco, cromo e cobre, ele fortalece os fios da raiz as pontas. Os antioxidantes presentes no \u00f3leo de Amla previnem o envelhecimento precoce dos fios. Promove o fim da queda dos cabelos e possui propriedades que s\u00e3o respons\u00e1veis por fazer com que os cabelos cres\u00e7am mais fortes. Encorpa os fios, aumenta a regenera\u00e7\u00e3o do tecido celular. \u00c9 riqu\u00edssima em vitamina C.<\/p>\n<p><strong><em>\u00d3LEO DE OLIVA<\/em><\/strong>: Rico em \u00e1cidos graxos e vitamina E, o ingrediente \u00e9 um \u00f3timo aliado para deixar o fio nutrido, leve e macio. Al\u00e9m disso, ele cont\u00e9m propriedades calmantes e regenerativas que ajudam a estimular o crescimento.O \u00f3leo de oliva extra virgem tamb\u00e9m minimiza o frizz, o volume, as pontas duplas e ajuda a evitar a queda. Por ter uma composi\u00e7\u00e3o natural, ele \u00e9 excelente para revitalizar os fios maltratados pelos produtos qu\u00edmicos.<\/p>\n<p><strong><em>MODO DE USAR<\/em><\/strong>: Com o cabelo limpo aplique uma pequena quantidade do suplemento condicionador em todo comprimento dos fios evitando a raiz. Deixe agir de 1 a 2 minutos e enxague bem para retirar todo excesso e finalize como de costume. Para um resultado ainda mais satisfat\u00f3rio antes de condicionar use a M\u00c1SCARA RECONSTRUTORA OURO INDIANO.<\/p>\n","protected":false},"excerpt":{"rendered":"<p>Emoliente, hidratante com efeito iluminador.<\/p>\n","protected":false},"featured_media":12355,"comment_status":"open","ping_status":"closed","template":"","meta":[],"product_brand":[],"product_cat":[17],"product_tag":[],"class_list":{"0":"post-5799","1":"product","2":"type-product","3":"status-publish","4":"has-post-thumbnail","6":"product_cat-ouro-indiano","8":"first","9":"instock","10":"shipping-taxable","11":"purchasable","12":"product-type-simple"},"yoast_head":"<!-- This site is optimized with the Yoast SEO plugin v26.6 - https:\/\/yoast.com\/wordpress\/plugins\/seo\/ -->\n<title>Ouro Indiano Suplemento Condicionador 300ml - Grankera<\/title>\n<meta name=\"robots\" content=\"noindex, follow, max-snippet:-1, max-image-preview:large, max-video-preview:-1\" \/>\n<meta property=\"og:locale\" content=\"pt_BR\" \/>\n<meta property=\"og:type\" content=\"article\" \/>\n<meta property=\"og:title\" content=\"Ouro Indiano Suplemento Condicionador 300ml - Grankera\" \/>\n<meta property=\"og:description\" content=\"Emoliente, hidratante com efeito iluminador.\" \/>\n<meta property=\"og:url\" content=\"https:\/\/grankera.com.br\/v3\/produto\/ouro-indiano-suplemento-condicionador-300ml\/\" \/>\n<meta property=\"og:site_name\" content=\"Grankera\" \/>\n<meta property=\"article:publisher\" content=\"https:\/\/www.facebook.com\/grankera.oficial\" \/>\n<meta property=\"article:modified_time\" content=\"2025-12-03T13:57:32+00:00\" \/>\n<meta property=\"og:image\" content=\"https:\/\/grankera.com.br\/v3\/wp-content\/uploads\/2022\/02\/Ouro-Indiano-Suplemento-300ml.png\" \/>\n\t<meta property=\"og:image:width\" content=\"1000\" \/>\n\t<meta property=\"og:image:height\" content=\"1000\" \/>\n\t<meta property=\"og:image:type\" content=\"image\/png\" \/>\n<meta name=\"twitter:card\" content=\"summary_large_image\" \/>\n<meta name=\"twitter:label1\" content=\"Est. tempo de leitura\" \/>\n\t<meta name=\"twitter:data1\" content=\"3 minutos\" \/>\n<script type=\"application\/ld+json\" class=\"yoast-schema-graph\">{\"@context\":\"https:\/\/schema.org\",\"@graph\":[{\"@type\":\"WebPage\",\"@id\":\"https:\/\/grankera.com.br\/v3\/produto\/ouro-indiano-suplemento-condicionador-300ml\/\",\"url\":\"https:\/\/grankera.com.br\/v3\/produto\/ouro-indiano-suplemento-condicionador-300ml\/\",\"name\":\"Ouro Indiano Suplemento Condicionador 300ml - Grankera\",\"isPartOf\":{\"@id\":\"https:\/\/grankera.com.br\/v3\/#website\"},\"primaryImageOfPage\":{\"@id\":\"https:\/\/grankera.com.br\/v3\/produto\/ouro-indiano-suplemento-condicionador-300ml\/#primaryimage\"},\"image\":{\"@id\":\"https:\/\/grankera.com.br\/v3\/produto\/ouro-indiano-suplemento-condicionador-300ml\/#primaryimage\"},\"thumbnailUrl\":\"https:\/\/grankera.com.br\/v3\/wp-content\/uploads\/2022\/02\/Ouro-Indiano-Suplemento-300ml.png\",\"datePublished\":\"2022-02-09T18:33:48+00:00\",\"dateModified\":\"2025-12-03T13:57:32+00:00\",\"breadcrumb\":{\"@id\":\"https:\/\/grankera.com.br\/v3\/produto\/ouro-indiano-suplemento-condicionador-300ml\/#breadcrumb\"},\"inLanguage\":\"pt-BR\",\"potentialAction\":[{\"@type\":\"ReadAction\",\"target\":[\"https:\/\/grankera.com.br\/v3\/produto\/ouro-indiano-suplemento-condicionador-300ml\/\"]}]},{\"@type\":\"ImageObject\",\"inLanguage\":\"pt-BR\",\"@id\":\"https:\/\/grankera.com.br\/v3\/produto\/ouro-indiano-suplemento-condicionador-300ml\/#primaryimage\",\"url\":\"https:\/\/grankera.com.br\/v3\/wp-content\/uploads\/2022\/02\/Ouro-Indiano-Suplemento-300ml.png\",\"contentUrl\":\"https:\/\/grankera.com.br\/v3\/wp-content\/uploads\/2022\/02\/Ouro-Indiano-Suplemento-300ml.png\",\"width\":1000,\"height\":1000},{\"@type\":\"BreadcrumbList\",\"@id\":\"https:\/\/grankera.com.br\/v3\/produto\/ouro-indiano-suplemento-condicionador-300ml\/#breadcrumb\",\"itemListElement\":[{\"@type\":\"ListItem\",\"position\":1,\"name\":\"In\u00edcio\",\"item\":\"https:\/\/grankera.com.br\/v3\/\"},{\"@type\":\"ListItem\",\"position\":2,\"name\":\"Loja\",\"item\":\"https:\/\/grankera.com.br\/v3\/loja\/\"},{\"@type\":\"ListItem\",\"position\":3,\"name\":\"Ouro Indiano Suplemento Condicionador 300ml\"}]},{\"@type\":\"WebSite\",\"@id\":\"https:\/\/grankera.com.br\/v3\/#website\",\"url\":\"https:\/\/grankera.com.br\/v3\/\",\"name\":\"Grankera\",\"description\":\"\",\"publisher\":{\"@id\":\"https:\/\/grankera.com.br\/v3\/#organization\"},\"potentialAction\":[{\"@type\":\"SearchAction\",\"target\":{\"@type\":\"EntryPoint\",\"urlTemplate\":\"https:\/\/grankera.com.br\/v3\/?s={search_term_string}\"},\"query-input\":{\"@type\":\"PropertyValueSpecification\",\"valueRequired\":true,\"valueName\":\"search_term_string\"}}],\"inLanguage\":\"pt-BR\"},{\"@type\":\"Organization\",\"@id\":\"https:\/\/grankera.com.br\/v3\/#organization\",\"name\":\"Grankera\",\"url\":\"https:\/\/grankera.com.br\/v3\/\",\"logo\":{\"@type\":\"ImageObject\",\"inLanguage\":\"pt-BR\",\"@id\":\"https:\/\/grankera.com.br\/v3\/#\/schema\/logo\/image\/\",\"url\":\"https:\/\/grankera.com.br\/v3\/wp-content\/uploads\/2025\/12\/logo.png\",\"contentUrl\":\"https:\/\/grankera.com.br\/v3\/wp-content\/uploads\/2025\/12\/logo.png\",\"width\":152,\"height\":33,\"caption\":\"Grankera\"},\"image\":{\"@id\":\"https:\/\/grankera.com.br\/v3\/#\/schema\/logo\/image\/\"},\"sameAs\":[\"https:\/\/www.facebook.com\/grankera.oficial\",\"https:\/\/www.instagram.com\/grankera.oficial\"]}]}<\/script>\n<!-- \/ Yoast SEO plugin. -->","yoast_head_json":{"title":"Ouro Indiano Suplemento Condicionador 300ml - Grankera","robots":{"index":"noindex","follow":"follow","max-snippet":"max-snippet:-1","max-image-preview":"max-image-preview:large","max-video-preview":"max-video-preview:-1"},"og_locale":"pt_BR","og_type":"article","og_title":"Ouro Indiano Suplemento Condicionador 300ml - Grankera","og_description":"Emoliente, hidratante com efeito iluminador.","og_url":"https:\/\/grankera.com.br\/v3\/produto\/ouro-indiano-suplemento-condicionador-300ml\/","og_site_name":"Grankera","article_publisher":"https:\/\/www.facebook.com\/grankera.oficial","article_modified_time":"2025-12-03T13:57:32+00:00","og_image":[{"width":1000,"height":1000,"url":"https:\/\/grankera.com.br\/v3\/wp-content\/uploads\/2022\/02\/Ouro-Indiano-Suplemento-300ml.png","type":"image\/png"}],"twitter_card":"summary_large_image","twitter_misc":{"Est. tempo de leitura":"3 minutos"},"schema":{"@context":"https:\/\/schema.org","@graph":[{"@type":"WebPage","@id":"https:\/\/grankera.com.br\/v3\/produto\/ouro-indiano-suplemento-condicionador-300ml\/","url":"https:\/\/grankera.com.br\/v3\/produto\/ouro-indiano-suplemento-condicionador-300ml\/","name":"Ouro Indiano Suplemento Condicionador 300ml - Grankera","isPartOf":{"@id":"https:\/\/grankera.com.br\/v3\/#website"},"primaryImageOfPage":{"@id":"https:\/\/grankera.com.br\/v3\/produto\/ouro-indiano-suplemento-condicionador-300ml\/#primaryimage"},"image":{"@id":"https:\/\/grankera.com.br\/v3\/produto\/ouro-indiano-suplemento-condicionador-300ml\/#primaryimage"},"thumbnailUrl":"https:\/\/grankera.com.br\/v3\/wp-content\/uploads\/2022\/02\/Ouro-Indiano-Suplemento-300ml.png","datePublished":"2022-02-09T18:33:48+00:00","dateModified":"2025-12-03T13:57:32+00:00","breadcrumb":{"@id":"https:\/\/grankera.com.br\/v3\/produto\/ouro-indiano-suplemento-condicionador-300ml\/#breadcrumb"},"inLanguage":"pt-BR","potentialAction":[{"@type":"ReadAction","target":["https:\/\/grankera.com.br\/v3\/produto\/ouro-indiano-suplemento-condicionador-300ml\/"]}]},{"@type":"ImageObject","inLanguage":"pt-BR","@id":"https:\/\/grankera.com.br\/v3\/produto\/ouro-indiano-suplemento-condicionador-300ml\/#primaryimage","url":"https:\/\/grankera.com.br\/v3\/wp-content\/uploads\/2022\/02\/Ouro-Indiano-Suplemento-300ml.png","contentUrl":"https:\/\/grankera.com.br\/v3\/wp-content\/uploads\/2022\/02\/Ouro-Indiano-Suplemento-300ml.png","width":1000,"height":1000},{"@type":"BreadcrumbList","@id":"https:\/\/grankera.com.br\/v3\/produto\/ouro-indiano-suplemento-condicionador-300ml\/#breadcrumb","itemListElement":[{"@type":"ListItem","position":1,"name":"In\u00edcio","item":"https:\/\/grankera.com.br\/v3\/"},{"@type":"ListItem","position":2,"name":"Loja","item":"https:\/\/grankera.com.br\/v3\/loja\/"},{"@type":"ListItem","position":3,"name":"Ouro Indiano Suplemento Condicionador 300ml"}]},{"@type":"WebSite","@id":"https:\/\/grankera.com.br\/v3\/#website","url":"https:\/\/grankera.com.br\/v3\/","name":"Grankera","description":"","publisher":{"@id":"https:\/\/grankera.com.br\/v3\/#organization"},"potentialAction":[{"@type":"SearchAction","target":{"@type":"EntryPoint","urlTemplate":"https:\/\/grankera.com.br\/v3\/?s={search_term_string}"},"query-input":{"@type":"PropertyValueSpecification","valueRequired":true,"valueName":"search_term_string"}}],"inLanguage":"pt-BR"},{"@type":"Organization","@id":"https:\/\/grankera.com.br\/v3\/#organization","name":"Grankera","url":"https:\/\/grankera.com.br\/v3\/","logo":{"@type":"ImageObject","inLanguage":"pt-BR","@id":"https:\/\/grankera.com.br\/v3\/#\/schema\/logo\/image\/","url":"https:\/\/grankera.com.br\/v3\/wp-content\/uploads\/2025\/12\/logo.png","contentUrl":"https:\/\/grankera.com.br\/v3\/wp-content\/uploads\/2025\/12\/logo.png","width":152,"height":33,"caption":"Grankera"},"image":{"@id":"https:\/\/grankera.com.br\/v3\/#\/schema\/logo\/image\/"},"sameAs":["https:\/\/www.facebook.com\/grankera.oficial","https:\/\/www.instagram.com\/grankera.oficial"]}]}},"_links":{"self":[{"href":"https:\/\/grankera.com.br\/v3\/wp-json\/wp\/v2\/product\/5799","targetHints":{"allow":["GET"]}}],"collection":[{"href":"https:\/\/grankera.com.br\/v3\/wp-json\/wp\/v2\/product"}],"about":[{"href":"https:\/\/grankera.com.br\/v3\/wp-json\/wp\/v2\/types\/product"}],"replies":[{"embeddable":true,"href":"https:\/\/grankera.com.br\/v3\/wp-json\/wp\/v2\/comments?post=5799"}],"wp:featuredmedia":[{"embeddable":true,"href":"https:\/\/grankera.com.br\/v3\/wp-json\/wp\/v2\/media\/12355"}],"wp:attachment":[{"href":"https:\/\/grankera.com.br\/v3\/wp-json\/wp\/v2\/media?parent=5799"}],"wp:term":[{"taxonomy":"product_brand","embeddable":true,"href":"https:\/\/grankera.com.br\/v3\/wp-json\/wp\/v2\/product_brand?post=5799"},{"taxonomy":"product_cat","embeddable":true,"href":"https:\/\/grankera.com.br\/v3\/wp-json\/wp\/v2\/product_cat?post=5799"},{"taxonomy":"product_tag","embeddable":true,"href":"https:\/\/grankera.com.br\/v3\/wp-json\/wp\/v2\/product_tag?post=5799"}],"curies":[{"name":"wp","href":"https:\/\/api.w.org\/{rel}","templated":true}]}}