{"id":5801,"date":"2022-02-09T15:33:48","date_gmt":"2022-02-09T18:33:48","guid":{"rendered":"http:\/\/&#038;p=5801"},"modified":"2025-11-27T13:57:43","modified_gmt":"2025-11-27T16:57:43","slug":"detox-terapia-shampoo-revigorante-300ml","status":"publish","type":"product","link":"https:\/\/grankera.com.br\/v3\/produto\/detox-terapia-shampoo-revigorante-300ml\/","title":{"rendered":"Detox Terapia Shampoo Revigorante 300ml"},"content":{"rendered":"<p><strong>SHAMPOO REVIGORANTE<\/strong><\/p>\n<p>Elaborado com extratos naturais de Alecrim, Biotina e S\u00e1lvia, o Shampoo Revigorante desintoxica, remove as impurezas e limpa delicadamente enquanto auxilia no controle da oleosidade, deixando o couro cabeludo saud\u00e1vel sem retirar os efeitos de qu\u00edmicas e hidrata\u00e7\u00f5es.<\/p>\n<p><strong>ATIVOS<\/strong><\/p>\n<p><strong><em>ALECRIM &#8211;<\/em><\/strong> Destaca-se pelo alto teor de nutrientes essenciais, incluindo uma alta concentra\u00e7\u00e3o de compostos antioxidantes que conferem benef\u00edcios importantes. \u00c9 destacado pela a\u00e7\u00e3o antiqueda e revitalizante e na recupera\u00e7\u00e3o do cabelo opaco e sem vida.<\/p>\n<p><strong><em>BIOTINA &#8211;<\/em><\/strong> A biotina \u00e9 uma vitamina do complexo B que, al\u00e9m de ajudar a evitar a queda de cabelo, tamb\u00e9m contribui para diminuir a caspa. Ajuda na produ\u00e7\u00e3o de queratina, uma importante prote\u00edna para a composi\u00e7\u00e3o dos cabelos.<\/p>\n<p><em><strong>S\u00c1LVIA &#8211;<\/strong> <\/em>Proporciona vigor e brilho ao cabelo. Al\u00e9m disso, gra\u00e7as as suas enzimas naturais e vitaminas, a s\u00e1lvia permite regular o excesso de caspa. Auxilia no crescimento dos fios, por favorecer a melhor circula\u00e7\u00e3o de nutrientes no couro cabeludo, o que ajuda na revitaliza\u00e7\u00e3o do cabelo.<\/p>\n<p><strong>MODO DE USAR:<\/strong> Aplicar sobre o cabelo molhado e massagear suavemente at\u00e9 a forma\u00e7\u00e3o de espuma. Enxague bem. Em seguida aplique o balsamo condicionador.<\/p>\n","protected":false},"excerpt":{"rendered":"<p>Auxilia na remo\u00e7\u00e3o das impurezas e limpa delicadamente enquanto ajuda no controle da oleosidade e mant\u00e9m o couro cabeludo saud\u00e1vel.<\/p>\n<p>&nbsp;<\/p>\n","protected":false},"featured_media":6468,"comment_status":"open","ping_status":"closed","template":"","meta":[],"product_brand":[],"product_cat":[19],"product_tag":[],"class_list":{"0":"post-5801","1":"product","2":"type-product","3":"status-publish","4":"has-post-thumbnail","6":"product_cat-detox-terapia","8":"first","9":"instock","10":"shipping-taxable","11":"purchasable","12":"product-type-simple"},"yoast_head":"<!-- This site is optimized with the Yoast SEO plugin v26.6 - https:\/\/yoast.com\/wordpress\/plugins\/seo\/ -->\n<title>Detox Terapia Shampoo Revigorante 300ml - Grankera<\/title>\n<meta name=\"robots\" content=\"noindex, follow, max-snippet:-1, max-image-preview:large, max-video-preview:-1\" \/>\n<meta property=\"og:locale\" content=\"pt_BR\" \/>\n<meta property=\"og:type\" content=\"article\" \/>\n<meta property=\"og:title\" content=\"Detox Terapia Shampoo Revigorante 300ml - Grankera\" \/>\n<meta property=\"og:description\" content=\"Auxilia na remo\u00e7\u00e3o das impurezas e limpa delicadamente enquanto ajuda no controle da oleosidade e mant\u00e9m o couro cabeludo saud\u00e1vel.  &nbsp;\" \/>\n<meta property=\"og:url\" content=\"https:\/\/grankera.com.br\/v3\/produto\/detox-terapia-shampoo-revigorante-300ml\/\" \/>\n<meta property=\"og:site_name\" content=\"Grankera\" \/>\n<meta property=\"article:publisher\" content=\"https:\/\/www.facebook.com\/grankera.oficial\" \/>\n<meta property=\"article:modified_time\" content=\"2025-11-27T16:57:43+00:00\" \/>\n<meta property=\"og:image\" content=\"https:\/\/grankera.com.br\/v3\/wp-content\/uploads\/2022\/02\/detox-shampoo.png\" \/>\n\t<meta property=\"og:image:width\" content=\"1000\" \/>\n\t<meta property=\"og:image:height\" content=\"1000\" \/>\n\t<meta property=\"og:image:type\" content=\"image\/png\" \/>\n<meta name=\"twitter:card\" content=\"summary_large_image\" \/>\n<meta name=\"twitter:label1\" content=\"Est. tempo de leitura\" \/>\n\t<meta name=\"twitter:data1\" content=\"2 minutos\" \/>\n<script type=\"application\/ld+json\" class=\"yoast-schema-graph\">{\"@context\":\"https:\/\/schema.org\",\"@graph\":[{\"@type\":\"WebPage\",\"@id\":\"https:\/\/grankera.com.br\/v3\/produto\/detox-terapia-shampoo-revigorante-300ml\/\",\"url\":\"https:\/\/grankera.com.br\/v3\/produto\/detox-terapia-shampoo-revigorante-300ml\/\",\"name\":\"Detox Terapia Shampoo Revigorante 300ml - Grankera\",\"isPartOf\":{\"@id\":\"https:\/\/grankera.com.br\/v3\/#website\"},\"primaryImageOfPage\":{\"@id\":\"https:\/\/grankera.com.br\/v3\/produto\/detox-terapia-shampoo-revigorante-300ml\/#primaryimage\"},\"image\":{\"@id\":\"https:\/\/grankera.com.br\/v3\/produto\/detox-terapia-shampoo-revigorante-300ml\/#primaryimage\"},\"thumbnailUrl\":\"https:\/\/grankera.com.br\/v3\/wp-content\/uploads\/2022\/02\/detox-shampoo.png\",\"datePublished\":\"2022-02-09T18:33:48+00:00\",\"dateModified\":\"2025-11-27T16:57:43+00:00\",\"breadcrumb\":{\"@id\":\"https:\/\/grankera.com.br\/v3\/produto\/detox-terapia-shampoo-revigorante-300ml\/#breadcrumb\"},\"inLanguage\":\"pt-BR\",\"potentialAction\":[{\"@type\":\"ReadAction\",\"target\":[\"https:\/\/grankera.com.br\/v3\/produto\/detox-terapia-shampoo-revigorante-300ml\/\"]}]},{\"@type\":\"ImageObject\",\"inLanguage\":\"pt-BR\",\"@id\":\"https:\/\/grankera.com.br\/v3\/produto\/detox-terapia-shampoo-revigorante-300ml\/#primaryimage\",\"url\":\"https:\/\/grankera.com.br\/v3\/wp-content\/uploads\/2022\/02\/detox-shampoo.png\",\"contentUrl\":\"https:\/\/grankera.com.br\/v3\/wp-content\/uploads\/2022\/02\/detox-shampoo.png\",\"width\":1000,\"height\":1000},{\"@type\":\"BreadcrumbList\",\"@id\":\"https:\/\/grankera.com.br\/v3\/produto\/detox-terapia-shampoo-revigorante-300ml\/#breadcrumb\",\"itemListElement\":[{\"@type\":\"ListItem\",\"position\":1,\"name\":\"In\u00edcio\",\"item\":\"https:\/\/grankera.com.br\/v3\/\"},{\"@type\":\"ListItem\",\"position\":2,\"name\":\"Loja\",\"item\":\"https:\/\/grankera.com.br\/v3\/loja\/\"},{\"@type\":\"ListItem\",\"position\":3,\"name\":\"Detox Terapia Shampoo Revigorante 300ml\"}]},{\"@type\":\"WebSite\",\"@id\":\"https:\/\/grankera.com.br\/v3\/#website\",\"url\":\"https:\/\/grankera.com.br\/v3\/\",\"name\":\"Grankera\",\"description\":\"\",\"publisher\":{\"@id\":\"https:\/\/grankera.com.br\/v3\/#organization\"},\"potentialAction\":[{\"@type\":\"SearchAction\",\"target\":{\"@type\":\"EntryPoint\",\"urlTemplate\":\"https:\/\/grankera.com.br\/v3\/?s={search_term_string}\"},\"query-input\":{\"@type\":\"PropertyValueSpecification\",\"valueRequired\":true,\"valueName\":\"search_term_string\"}}],\"inLanguage\":\"pt-BR\"},{\"@type\":\"Organization\",\"@id\":\"https:\/\/grankera.com.br\/v3\/#organization\",\"name\":\"Grankera\",\"url\":\"https:\/\/grankera.com.br\/v3\/\",\"logo\":{\"@type\":\"ImageObject\",\"inLanguage\":\"pt-BR\",\"@id\":\"https:\/\/grankera.com.br\/v3\/#\/schema\/logo\/image\/\",\"url\":\"https:\/\/grankera.com.br\/v3\/wp-content\/uploads\/2025\/12\/logo.png\",\"contentUrl\":\"https:\/\/grankera.com.br\/v3\/wp-content\/uploads\/2025\/12\/logo.png\",\"width\":152,\"height\":33,\"caption\":\"Grankera\"},\"image\":{\"@id\":\"https:\/\/grankera.com.br\/v3\/#\/schema\/logo\/image\/\"},\"sameAs\":[\"https:\/\/www.facebook.com\/grankera.oficial\",\"https:\/\/www.instagram.com\/grankera.oficial\"]}]}<\/script>\n<!-- \/ Yoast SEO plugin. -->","yoast_head_json":{"title":"Detox Terapia Shampoo Revigorante 300ml - Grankera","robots":{"index":"noindex","follow":"follow","max-snippet":"max-snippet:-1","max-image-preview":"max-image-preview:large","max-video-preview":"max-video-preview:-1"},"og_locale":"pt_BR","og_type":"article","og_title":"Detox Terapia Shampoo Revigorante 300ml - Grankera","og_description":"Auxilia na remo\u00e7\u00e3o das impurezas e limpa delicadamente enquanto ajuda no controle da oleosidade e mant\u00e9m o couro cabeludo saud\u00e1vel.  &nbsp;","og_url":"https:\/\/grankera.com.br\/v3\/produto\/detox-terapia-shampoo-revigorante-300ml\/","og_site_name":"Grankera","article_publisher":"https:\/\/www.facebook.com\/grankera.oficial","article_modified_time":"2025-11-27T16:57:43+00:00","og_image":[{"width":1000,"height":1000,"url":"https:\/\/grankera.com.br\/v3\/wp-content\/uploads\/2022\/02\/detox-shampoo.png","type":"image\/png"}],"twitter_card":"summary_large_image","twitter_misc":{"Est. tempo de leitura":"2 minutos"},"schema":{"@context":"https:\/\/schema.org","@graph":[{"@type":"WebPage","@id":"https:\/\/grankera.com.br\/v3\/produto\/detox-terapia-shampoo-revigorante-300ml\/","url":"https:\/\/grankera.com.br\/v3\/produto\/detox-terapia-shampoo-revigorante-300ml\/","name":"Detox Terapia Shampoo Revigorante 300ml - Grankera","isPartOf":{"@id":"https:\/\/grankera.com.br\/v3\/#website"},"primaryImageOfPage":{"@id":"https:\/\/grankera.com.br\/v3\/produto\/detox-terapia-shampoo-revigorante-300ml\/#primaryimage"},"image":{"@id":"https:\/\/grankera.com.br\/v3\/produto\/detox-terapia-shampoo-revigorante-300ml\/#primaryimage"},"thumbnailUrl":"https:\/\/grankera.com.br\/v3\/wp-content\/uploads\/2022\/02\/detox-shampoo.png","datePublished":"2022-02-09T18:33:48+00:00","dateModified":"2025-11-27T16:57:43+00:00","breadcrumb":{"@id":"https:\/\/grankera.com.br\/v3\/produto\/detox-terapia-shampoo-revigorante-300ml\/#breadcrumb"},"inLanguage":"pt-BR","potentialAction":[{"@type":"ReadAction","target":["https:\/\/grankera.com.br\/v3\/produto\/detox-terapia-shampoo-revigorante-300ml\/"]}]},{"@type":"ImageObject","inLanguage":"pt-BR","@id":"https:\/\/grankera.com.br\/v3\/produto\/detox-terapia-shampoo-revigorante-300ml\/#primaryimage","url":"https:\/\/grankera.com.br\/v3\/wp-content\/uploads\/2022\/02\/detox-shampoo.png","contentUrl":"https:\/\/grankera.com.br\/v3\/wp-content\/uploads\/2022\/02\/detox-shampoo.png","width":1000,"height":1000},{"@type":"BreadcrumbList","@id":"https:\/\/grankera.com.br\/v3\/produto\/detox-terapia-shampoo-revigorante-300ml\/#breadcrumb","itemListElement":[{"@type":"ListItem","position":1,"name":"In\u00edcio","item":"https:\/\/grankera.com.br\/v3\/"},{"@type":"ListItem","position":2,"name":"Loja","item":"https:\/\/grankera.com.br\/v3\/loja\/"},{"@type":"ListItem","position":3,"name":"Detox Terapia Shampoo Revigorante 300ml"}]},{"@type":"WebSite","@id":"https:\/\/grankera.com.br\/v3\/#website","url":"https:\/\/grankera.com.br\/v3\/","name":"Grankera","description":"","publisher":{"@id":"https:\/\/grankera.com.br\/v3\/#organization"},"potentialAction":[{"@type":"SearchAction","target":{"@type":"EntryPoint","urlTemplate":"https:\/\/grankera.com.br\/v3\/?s={search_term_string}"},"query-input":{"@type":"PropertyValueSpecification","valueRequired":true,"valueName":"search_term_string"}}],"inLanguage":"pt-BR"},{"@type":"Organization","@id":"https:\/\/grankera.com.br\/v3\/#organization","name":"Grankera","url":"https:\/\/grankera.com.br\/v3\/","logo":{"@type":"ImageObject","inLanguage":"pt-BR","@id":"https:\/\/grankera.com.br\/v3\/#\/schema\/logo\/image\/","url":"https:\/\/grankera.com.br\/v3\/wp-content\/uploads\/2025\/12\/logo.png","contentUrl":"https:\/\/grankera.com.br\/v3\/wp-content\/uploads\/2025\/12\/logo.png","width":152,"height":33,"caption":"Grankera"},"image":{"@id":"https:\/\/grankera.com.br\/v3\/#\/schema\/logo\/image\/"},"sameAs":["https:\/\/www.facebook.com\/grankera.oficial","https:\/\/www.instagram.com\/grankera.oficial"]}]}},"_links":{"self":[{"href":"https:\/\/grankera.com.br\/v3\/wp-json\/wp\/v2\/product\/5801","targetHints":{"allow":["GET"]}}],"collection":[{"href":"https:\/\/grankera.com.br\/v3\/wp-json\/wp\/v2\/product"}],"about":[{"href":"https:\/\/grankera.com.br\/v3\/wp-json\/wp\/v2\/types\/product"}],"replies":[{"embeddable":true,"href":"https:\/\/grankera.com.br\/v3\/wp-json\/wp\/v2\/comments?post=5801"}],"wp:featuredmedia":[{"embeddable":true,"href":"https:\/\/grankera.com.br\/v3\/wp-json\/wp\/v2\/media\/6468"}],"wp:attachment":[{"href":"https:\/\/grankera.com.br\/v3\/wp-json\/wp\/v2\/media?parent=5801"}],"wp:term":[{"taxonomy":"product_brand","embeddable":true,"href":"https:\/\/grankera.com.br\/v3\/wp-json\/wp\/v2\/product_brand?post=5801"},{"taxonomy":"product_cat","embeddable":true,"href":"https:\/\/grankera.com.br\/v3\/wp-json\/wp\/v2\/product_cat?post=5801"},{"taxonomy":"product_tag","embeddable":true,"href":"https:\/\/grankera.com.br\/v3\/wp-json\/wp\/v2\/product_tag?post=5801"}],"curies":[{"name":"wp","href":"https:\/\/api.w.org\/{rel}","templated":true}]}}