{"id":5803,"date":"2022-02-09T15:33:49","date_gmt":"2022-02-09T18:33:49","guid":{"rendered":"http:\/\/&amp;p=5803"},"modified":"2022-02-09T15:33:49","modified_gmt":"2022-02-09T18:33:49","slug":"detox-terapia-pre-shampoo-esfoliante-capilar-300g","status":"publish","type":"product","link":"https:\/\/grankera.com.br\/v3\/produto\/detox-terapia-pre-shampoo-esfoliante-capilar-300g\/","title":{"rendered":"Detox Terapia Pr\u00e9-Shampoo &#8211; Esfoliante Capilar 300g"},"content":{"rendered":"<p><strong>PR\u00c9 SHAMPOO \u2013 ESFOLIANTE CAPILAR<\/strong><\/p>\n<p>Desintoxica e auxilia na remo\u00e7\u00e3o de res\u00edduos acumulados por polui\u00e7\u00e3o, qu\u00edmicas e excesso de cosm\u00e9ticos que deixam os fios opacos e sem vida. Remove as impurezas auxiliando no controle da oleosidade acumulada, renovando os fios sem retirar a qu\u00edmica e hidrata\u00e7\u00e3o do cabelo. Sua f\u00f3rmula elaborada com Ch\u00e1 Verde, Gengibre, Oryza Sativa revitaliza, devolve o brilho natural e estimula o crescimento saud\u00e1vel dos fios.<\/p>\n<p><strong>ATIVOS<\/strong><\/p>\n<p><strong><em>CH\u00c1 VERDE &#8211; <\/em><\/strong>Auxilia no combate a caspa e suas propriedades anti-inflamat\u00f3rias estimulam o crescimento do cabelo.<\/p>\n<p>Principais benef\u00edcios do CH\u00c1 VERDE para o cabelo:<\/p>\n<ul>\n<li>Fios mais fortes<\/li>\n<li>Rico em vitaminas<\/li>\n<li>Propriedades antioxidantes<\/li>\n<li>Propriedades anti-inflamat\u00f3rias<\/li>\n<li>A\u00e7\u00e3o contra perda de cabelo<\/li>\n<li>Fios mais fortes e nutridos<\/li>\n<\/ul>\n<p><strong><em>GENGIBRE &#8211;<\/em><\/strong>Possui capacidade natural de estimular o fluxo sangu\u00edneo do couro cabeludo, favorecendo sua circula\u00e7\u00e3o e estimulando os fol\u00edculos do cabelo, consequentemente, o crescimento. Os \u00e1cidos graxos do gengibre, s\u00e3o excelentes para cabelos finos, favorecendo sua restaura\u00e7\u00e3o e cuidado. Gra\u00e7as \u00e0s suas propriedades antiss\u00e9pticas naturais \u00e9 \u00f3timo para eliminar a caspa.<\/p>\n<p><strong><em>ORYZA SATIVA \u2013<\/em><\/strong> \u00c9 um agente esfoliante e abrasivo suave. Promove uma esfolia\u00e7\u00e3o que favorece a remo\u00e7\u00e3o das c\u00e9lulas mortas da superf\u00edcie do couro cabeludo promovendo maciez, suavidade na textura e renova\u00e7\u00e3o da epiderme.<\/p>\n<p><strong>MODO DE USAR: <\/strong>Com o cabelo \u00famido aplique o PR\u00c9-SHAMPOO ESFOLIANTE no couro cabeludo massageando levemente com as pontas dos dedos durante 3 minutos e enxague. Em seguida lave com o SHAMPOO REVITALIZANTE e finalize com o BALSAMO CONDICIONADOR.<\/p>\n","protected":false},"excerpt":{"rendered":"<p>Desintoxica e auxilia na remo\u00e7\u00e3o de res\u00edduos acumulados por polui\u00e7\u00e3o, qu\u00edmicas e excesso de cosm\u00e9ticos que deixam os fios opacos e sem vida.<\/p>\n<p>&nbsp;<\/p>\n","protected":false},"featured_media":6321,"comment_status":"open","ping_status":"closed","template":"","meta":[],"product_brand":[],"product_cat":[19],"product_tag":[],"class_list":{"0":"post-5803","1":"product","2":"type-product","3":"status-publish","4":"has-post-thumbnail","6":"product_cat-detox-terapia","8":"first","9":"instock","10":"shipping-taxable","11":"purchasable","12":"product-type-simple"},"yoast_head":"<!-- This site is optimized with the Yoast SEO plugin v26.6 - https:\/\/yoast.com\/wordpress\/plugins\/seo\/ -->\n<title>Detox Terapia Pr\u00e9-Shampoo - Esfoliante Capilar 300g - Grankera<\/title>\n<meta name=\"robots\" content=\"noindex, follow, max-snippet:-1, max-image-preview:large, max-video-preview:-1\" \/>\n<meta property=\"og:locale\" content=\"pt_BR\" \/>\n<meta property=\"og:type\" content=\"article\" \/>\n<meta property=\"og:title\" content=\"Detox Terapia Pr\u00e9-Shampoo - Esfoliante Capilar 300g - Grankera\" \/>\n<meta property=\"og:description\" content=\"Desintoxica e auxilia na remo\u00e7\u00e3o de res\u00edduos acumulados por polui\u00e7\u00e3o, qu\u00edmicas e excesso de cosm\u00e9ticos que deixam os fios opacos e sem vida. &nbsp;\" \/>\n<meta property=\"og:url\" content=\"https:\/\/grankera.com.br\/v3\/produto\/detox-terapia-pre-shampoo-esfoliante-capilar-300g\/\" \/>\n<meta property=\"og:site_name\" content=\"Grankera\" \/>\n<meta property=\"article:publisher\" content=\"https:\/\/www.facebook.com\/grankera.oficial\" \/>\n<meta property=\"og:image\" content=\"https:\/\/grankera.com.br\/v3\/wp-content\/uploads\/2022\/02\/48-detox-terapia-pre-shampoo.png\" \/>\n\t<meta property=\"og:image:width\" content=\"1000\" \/>\n\t<meta property=\"og:image:height\" content=\"1000\" \/>\n\t<meta property=\"og:image:type\" content=\"image\/png\" \/>\n<meta name=\"twitter:card\" content=\"summary_large_image\" \/>\n<meta name=\"twitter:label1\" content=\"Est. tempo de leitura\" \/>\n\t<meta name=\"twitter:data1\" content=\"2 minutos\" \/>\n<script type=\"application\/ld+json\" class=\"yoast-schema-graph\">{\"@context\":\"https:\/\/schema.org\",\"@graph\":[{\"@type\":\"WebPage\",\"@id\":\"https:\/\/grankera.com.br\/v3\/produto\/detox-terapia-pre-shampoo-esfoliante-capilar-300g\/\",\"url\":\"https:\/\/grankera.com.br\/v3\/produto\/detox-terapia-pre-shampoo-esfoliante-capilar-300g\/\",\"name\":\"Detox Terapia Pr\u00e9-Shampoo - Esfoliante Capilar 300g - Grankera\",\"isPartOf\":{\"@id\":\"https:\/\/grankera.com.br\/v3\/#website\"},\"primaryImageOfPage\":{\"@id\":\"https:\/\/grankera.com.br\/v3\/produto\/detox-terapia-pre-shampoo-esfoliante-capilar-300g\/#primaryimage\"},\"image\":{\"@id\":\"https:\/\/grankera.com.br\/v3\/produto\/detox-terapia-pre-shampoo-esfoliante-capilar-300g\/#primaryimage\"},\"thumbnailUrl\":\"https:\/\/grankera.com.br\/v3\/wp-content\/uploads\/2022\/02\/48-detox-terapia-pre-shampoo.png\",\"datePublished\":\"2022-02-09T18:33:49+00:00\",\"breadcrumb\":{\"@id\":\"https:\/\/grankera.com.br\/v3\/produto\/detox-terapia-pre-shampoo-esfoliante-capilar-300g\/#breadcrumb\"},\"inLanguage\":\"pt-BR\",\"potentialAction\":[{\"@type\":\"ReadAction\",\"target\":[\"https:\/\/grankera.com.br\/v3\/produto\/detox-terapia-pre-shampoo-esfoliante-capilar-300g\/\"]}]},{\"@type\":\"ImageObject\",\"inLanguage\":\"pt-BR\",\"@id\":\"https:\/\/grankera.com.br\/v3\/produto\/detox-terapia-pre-shampoo-esfoliante-capilar-300g\/#primaryimage\",\"url\":\"https:\/\/grankera.com.br\/v3\/wp-content\/uploads\/2022\/02\/48-detox-terapia-pre-shampoo.png\",\"contentUrl\":\"https:\/\/grankera.com.br\/v3\/wp-content\/uploads\/2022\/02\/48-detox-terapia-pre-shampoo.png\",\"width\":1000,\"height\":1000},{\"@type\":\"BreadcrumbList\",\"@id\":\"https:\/\/grankera.com.br\/v3\/produto\/detox-terapia-pre-shampoo-esfoliante-capilar-300g\/#breadcrumb\",\"itemListElement\":[{\"@type\":\"ListItem\",\"position\":1,\"name\":\"In\u00edcio\",\"item\":\"https:\/\/grankera.com.br\/v3\/\"},{\"@type\":\"ListItem\",\"position\":2,\"name\":\"Loja\",\"item\":\"https:\/\/grankera.com.br\/v3\/loja\/\"},{\"@type\":\"ListItem\",\"position\":3,\"name\":\"Detox Terapia Pr\u00e9-Shampoo &#8211; Esfoliante Capilar 300g\"}]},{\"@type\":\"WebSite\",\"@id\":\"https:\/\/grankera.com.br\/v3\/#website\",\"url\":\"https:\/\/grankera.com.br\/v3\/\",\"name\":\"Grankera\",\"description\":\"\",\"publisher\":{\"@id\":\"https:\/\/grankera.com.br\/v3\/#organization\"},\"potentialAction\":[{\"@type\":\"SearchAction\",\"target\":{\"@type\":\"EntryPoint\",\"urlTemplate\":\"https:\/\/grankera.com.br\/v3\/?s={search_term_string}\"},\"query-input\":{\"@type\":\"PropertyValueSpecification\",\"valueRequired\":true,\"valueName\":\"search_term_string\"}}],\"inLanguage\":\"pt-BR\"},{\"@type\":\"Organization\",\"@id\":\"https:\/\/grankera.com.br\/v3\/#organization\",\"name\":\"Grankera\",\"url\":\"https:\/\/grankera.com.br\/v3\/\",\"logo\":{\"@type\":\"ImageObject\",\"inLanguage\":\"pt-BR\",\"@id\":\"https:\/\/grankera.com.br\/v3\/#\/schema\/logo\/image\/\",\"url\":\"https:\/\/grankera.com.br\/v3\/wp-content\/uploads\/2025\/12\/logo.png\",\"contentUrl\":\"https:\/\/grankera.com.br\/v3\/wp-content\/uploads\/2025\/12\/logo.png\",\"width\":152,\"height\":33,\"caption\":\"Grankera\"},\"image\":{\"@id\":\"https:\/\/grankera.com.br\/v3\/#\/schema\/logo\/image\/\"},\"sameAs\":[\"https:\/\/www.facebook.com\/grankera.oficial\",\"https:\/\/www.instagram.com\/grankera.oficial\"]}]}<\/script>\n<!-- \/ Yoast SEO plugin. -->","yoast_head_json":{"title":"Detox Terapia Pr\u00e9-Shampoo - Esfoliante Capilar 300g - Grankera","robots":{"index":"noindex","follow":"follow","max-snippet":"max-snippet:-1","max-image-preview":"max-image-preview:large","max-video-preview":"max-video-preview:-1"},"og_locale":"pt_BR","og_type":"article","og_title":"Detox Terapia Pr\u00e9-Shampoo - Esfoliante Capilar 300g - Grankera","og_description":"Desintoxica e auxilia na remo\u00e7\u00e3o de res\u00edduos acumulados por polui\u00e7\u00e3o, qu\u00edmicas e excesso de cosm\u00e9ticos que deixam os fios opacos e sem vida. &nbsp;","og_url":"https:\/\/grankera.com.br\/v3\/produto\/detox-terapia-pre-shampoo-esfoliante-capilar-300g\/","og_site_name":"Grankera","article_publisher":"https:\/\/www.facebook.com\/grankera.oficial","og_image":[{"width":1000,"height":1000,"url":"https:\/\/grankera.com.br\/v3\/wp-content\/uploads\/2022\/02\/48-detox-terapia-pre-shampoo.png","type":"image\/png"}],"twitter_card":"summary_large_image","twitter_misc":{"Est. tempo de leitura":"2 minutos"},"schema":{"@context":"https:\/\/schema.org","@graph":[{"@type":"WebPage","@id":"https:\/\/grankera.com.br\/v3\/produto\/detox-terapia-pre-shampoo-esfoliante-capilar-300g\/","url":"https:\/\/grankera.com.br\/v3\/produto\/detox-terapia-pre-shampoo-esfoliante-capilar-300g\/","name":"Detox Terapia Pr\u00e9-Shampoo - Esfoliante Capilar 300g - Grankera","isPartOf":{"@id":"https:\/\/grankera.com.br\/v3\/#website"},"primaryImageOfPage":{"@id":"https:\/\/grankera.com.br\/v3\/produto\/detox-terapia-pre-shampoo-esfoliante-capilar-300g\/#primaryimage"},"image":{"@id":"https:\/\/grankera.com.br\/v3\/produto\/detox-terapia-pre-shampoo-esfoliante-capilar-300g\/#primaryimage"},"thumbnailUrl":"https:\/\/grankera.com.br\/v3\/wp-content\/uploads\/2022\/02\/48-detox-terapia-pre-shampoo.png","datePublished":"2022-02-09T18:33:49+00:00","breadcrumb":{"@id":"https:\/\/grankera.com.br\/v3\/produto\/detox-terapia-pre-shampoo-esfoliante-capilar-300g\/#breadcrumb"},"inLanguage":"pt-BR","potentialAction":[{"@type":"ReadAction","target":["https:\/\/grankera.com.br\/v3\/produto\/detox-terapia-pre-shampoo-esfoliante-capilar-300g\/"]}]},{"@type":"ImageObject","inLanguage":"pt-BR","@id":"https:\/\/grankera.com.br\/v3\/produto\/detox-terapia-pre-shampoo-esfoliante-capilar-300g\/#primaryimage","url":"https:\/\/grankera.com.br\/v3\/wp-content\/uploads\/2022\/02\/48-detox-terapia-pre-shampoo.png","contentUrl":"https:\/\/grankera.com.br\/v3\/wp-content\/uploads\/2022\/02\/48-detox-terapia-pre-shampoo.png","width":1000,"height":1000},{"@type":"BreadcrumbList","@id":"https:\/\/grankera.com.br\/v3\/produto\/detox-terapia-pre-shampoo-esfoliante-capilar-300g\/#breadcrumb","itemListElement":[{"@type":"ListItem","position":1,"name":"In\u00edcio","item":"https:\/\/grankera.com.br\/v3\/"},{"@type":"ListItem","position":2,"name":"Loja","item":"https:\/\/grankera.com.br\/v3\/loja\/"},{"@type":"ListItem","position":3,"name":"Detox Terapia Pr\u00e9-Shampoo &#8211; Esfoliante Capilar 300g"}]},{"@type":"WebSite","@id":"https:\/\/grankera.com.br\/v3\/#website","url":"https:\/\/grankera.com.br\/v3\/","name":"Grankera","description":"","publisher":{"@id":"https:\/\/grankera.com.br\/v3\/#organization"},"potentialAction":[{"@type":"SearchAction","target":{"@type":"EntryPoint","urlTemplate":"https:\/\/grankera.com.br\/v3\/?s={search_term_string}"},"query-input":{"@type":"PropertyValueSpecification","valueRequired":true,"valueName":"search_term_string"}}],"inLanguage":"pt-BR"},{"@type":"Organization","@id":"https:\/\/grankera.com.br\/v3\/#organization","name":"Grankera","url":"https:\/\/grankera.com.br\/v3\/","logo":{"@type":"ImageObject","inLanguage":"pt-BR","@id":"https:\/\/grankera.com.br\/v3\/#\/schema\/logo\/image\/","url":"https:\/\/grankera.com.br\/v3\/wp-content\/uploads\/2025\/12\/logo.png","contentUrl":"https:\/\/grankera.com.br\/v3\/wp-content\/uploads\/2025\/12\/logo.png","width":152,"height":33,"caption":"Grankera"},"image":{"@id":"https:\/\/grankera.com.br\/v3\/#\/schema\/logo\/image\/"},"sameAs":["https:\/\/www.facebook.com\/grankera.oficial","https:\/\/www.instagram.com\/grankera.oficial"]}]}},"_links":{"self":[{"href":"https:\/\/grankera.com.br\/v3\/wp-json\/wp\/v2\/product\/5803","targetHints":{"allow":["GET"]}}],"collection":[{"href":"https:\/\/grankera.com.br\/v3\/wp-json\/wp\/v2\/product"}],"about":[{"href":"https:\/\/grankera.com.br\/v3\/wp-json\/wp\/v2\/types\/product"}],"replies":[{"embeddable":true,"href":"https:\/\/grankera.com.br\/v3\/wp-json\/wp\/v2\/comments?post=5803"}],"wp:featuredmedia":[{"embeddable":true,"href":"https:\/\/grankera.com.br\/v3\/wp-json\/wp\/v2\/media\/6321"}],"wp:attachment":[{"href":"https:\/\/grankera.com.br\/v3\/wp-json\/wp\/v2\/media?parent=5803"}],"wp:term":[{"taxonomy":"product_brand","embeddable":true,"href":"https:\/\/grankera.com.br\/v3\/wp-json\/wp\/v2\/product_brand?post=5803"},{"taxonomy":"product_cat","embeddable":true,"href":"https:\/\/grankera.com.br\/v3\/wp-json\/wp\/v2\/product_cat?post=5803"},{"taxonomy":"product_tag","embeddable":true,"href":"https:\/\/grankera.com.br\/v3\/wp-json\/wp\/v2\/product_tag?post=5803"}],"curies":[{"name":"wp","href":"https:\/\/api.w.org\/{rel}","templated":true}]}}