{"id":5806,"date":"2022-02-09T15:33:49","date_gmt":"2022-02-09T18:33:49","guid":{"rendered":"http:\/\/&#038;p=5806"},"modified":"2025-12-03T10:11:42","modified_gmt":"2025-12-03T13:11:42","slug":"kit-detox-terapia","status":"publish","type":"product","link":"https:\/\/grankera.com.br\/v3\/produto\/kit-detox-terapia\/","title":{"rendered":"Kit Detox Terapia"},"content":{"rendered":"<p><strong>CONT\u00c9M:<\/strong><\/p>\n<ul>\n<li>Shampoo Revigorante 300ml<\/li>\n<li>Balsamo Condicionador 300ml<\/li>\n<li>Pr\u00e9-Shampoo Esfoliante Capilar 300g<\/li>\n<\/ul>\n<p><strong><br \/>\nLINHA DETOX TERAPIA<\/strong><\/p>\n<p>Terapia para remo\u00e7\u00e3o de oleosidade e impurezas<\/p>\n<p>A linha Detox Terapia proporciona higieniza\u00e7\u00e3o equilibrada aos fios retirando o excesso de elementos depositados no cabelo e no couro cabeludo. Limpa suavemente sem agredir o couro cabeludo e n\u00e3o remove efeitos de qu\u00edmicas.<\/p>\n<p><strong>PR\u00c9 SHAMPOO \u2013 ESFOLIANTE CAPILAR<\/strong><\/p>\n<p>Desintoxica e auxilia na remo\u00e7\u00e3o de res\u00edduos acumulados por polui\u00e7\u00e3o, qu\u00edmicas e excesso de cosm\u00e9ticos que deixam os fios opacos e sem vida.<\/p>\n<p><strong>SHAMPOO REVIGORANTE<\/strong><\/p>\n<p>Auxilia na remo\u00e7\u00e3o das impurezas e limpa delicadamente enquanto auxilia no controle da oleosidade e mant\u00e9m o couro cabeludo sud\u00e1vel.<\/p>\n<p><strong>BALSAMO CONDICIONADOR<\/strong><\/p>\n<p>Possui a combina\u00e7\u00e3o de Aloe Vera e Vitamina B5 que regeneram os fios e hidratam. Auxilia no controle da oleosidade deixando o couro cabeludo saud\u00e1vel sem perder a maciez e o brilho.<\/p>\n<p><strong>TRATAMENTO<\/strong><\/p>\n<p><strong><em>PASSO 1<\/em> <\/strong>\u2013 Com o cabelo \u00famido aplique o PR\u00c9-SHAMPOO ESFOLIANTE no couro cabeludo massageando levemente com as pontas dos dedos durante 3 minutos e enxague<\/p>\n<p><em><strong>PASSO 2<\/strong> &#8211;<\/em> Aplicar o SHAMPOO REVIGORANTE sobre o cabelo molhado e massagear suavemente at\u00e9 a forma\u00e7\u00e3o de espuma. Enxague bem. Para uma limpeza mais profunda repita o processo.<\/p>\n<p><em><strong>PASSO 3<\/strong> &#8211;<\/em>\u00a0Com o cabelo limpo aplique o B\u00c1LSAMO CONDICIONADOR nos fios de forma uniforme. Deixe agir por 2 minutos e enxague retirando todo o excesso. Finalize como de costume.<\/p>\n<p>&nbsp;<\/p>\n","protected":false},"excerpt":{"rendered":"<p>Terapia para remo\u00e7\u00e3o de oleosidade e impurezas.<\/p>\n","protected":false},"featured_media":6324,"comment_status":"open","ping_status":"closed","template":"","meta":[],"product_brand":[],"product_cat":[19],"product_tag":[],"class_list":{"0":"post-5806","1":"product","2":"type-product","3":"status-publish","4":"has-post-thumbnail","6":"product_cat-detox-terapia","8":"first","9":"instock","10":"shipping-taxable","11":"purchasable","12":"product-type-simple"},"yoast_head":"<!-- This site is optimized with the Yoast SEO plugin v26.6 - https:\/\/yoast.com\/wordpress\/plugins\/seo\/ -->\n<title>Kit Detox Terapia - Grankera<\/title>\n<meta name=\"robots\" content=\"noindex, follow, max-snippet:-1, max-image-preview:large, max-video-preview:-1\" \/>\n<meta property=\"og:locale\" content=\"pt_BR\" \/>\n<meta property=\"og:type\" content=\"article\" \/>\n<meta property=\"og:title\" content=\"Kit Detox Terapia - Grankera\" \/>\n<meta property=\"og:description\" content=\"Terapia para remo\u00e7\u00e3o de oleosidade e impurezas.\" \/>\n<meta property=\"og:url\" content=\"https:\/\/grankera.com.br\/v3\/produto\/kit-detox-terapia\/\" \/>\n<meta property=\"og:site_name\" content=\"Grankera\" \/>\n<meta property=\"article:publisher\" content=\"https:\/\/www.facebook.com\/grankera.oficial\" \/>\n<meta property=\"article:modified_time\" content=\"2025-12-03T13:11:42+00:00\" \/>\n<meta property=\"og:image\" content=\"https:\/\/grankera.com.br\/v3\/wp-content\/uploads\/2022\/02\/49-detox-terapia-kit.png\" \/>\n\t<meta property=\"og:image:width\" content=\"1000\" \/>\n\t<meta property=\"og:image:height\" content=\"1000\" \/>\n\t<meta property=\"og:image:type\" content=\"image\/png\" \/>\n<meta name=\"twitter:card\" content=\"summary_large_image\" \/>\n<meta name=\"twitter:label1\" content=\"Est. tempo de leitura\" \/>\n\t<meta name=\"twitter:data1\" content=\"2 minutos\" \/>\n<script type=\"application\/ld+json\" class=\"yoast-schema-graph\">{\"@context\":\"https:\/\/schema.org\",\"@graph\":[{\"@type\":\"WebPage\",\"@id\":\"https:\/\/grankera.com.br\/v3\/produto\/kit-detox-terapia\/\",\"url\":\"https:\/\/grankera.com.br\/v3\/produto\/kit-detox-terapia\/\",\"name\":\"Kit Detox Terapia - Grankera\",\"isPartOf\":{\"@id\":\"https:\/\/grankera.com.br\/v3\/#website\"},\"primaryImageOfPage\":{\"@id\":\"https:\/\/grankera.com.br\/v3\/produto\/kit-detox-terapia\/#primaryimage\"},\"image\":{\"@id\":\"https:\/\/grankera.com.br\/v3\/produto\/kit-detox-terapia\/#primaryimage\"},\"thumbnailUrl\":\"https:\/\/grankera.com.br\/v3\/wp-content\/uploads\/2022\/02\/49-detox-terapia-kit.png\",\"datePublished\":\"2022-02-09T18:33:49+00:00\",\"dateModified\":\"2025-12-03T13:11:42+00:00\",\"breadcrumb\":{\"@id\":\"https:\/\/grankera.com.br\/v3\/produto\/kit-detox-terapia\/#breadcrumb\"},\"inLanguage\":\"pt-BR\",\"potentialAction\":[{\"@type\":\"ReadAction\",\"target\":[\"https:\/\/grankera.com.br\/v3\/produto\/kit-detox-terapia\/\"]}]},{\"@type\":\"ImageObject\",\"inLanguage\":\"pt-BR\",\"@id\":\"https:\/\/grankera.com.br\/v3\/produto\/kit-detox-terapia\/#primaryimage\",\"url\":\"https:\/\/grankera.com.br\/v3\/wp-content\/uploads\/2022\/02\/49-detox-terapia-kit.png\",\"contentUrl\":\"https:\/\/grankera.com.br\/v3\/wp-content\/uploads\/2022\/02\/49-detox-terapia-kit.png\",\"width\":1000,\"height\":1000},{\"@type\":\"BreadcrumbList\",\"@id\":\"https:\/\/grankera.com.br\/v3\/produto\/kit-detox-terapia\/#breadcrumb\",\"itemListElement\":[{\"@type\":\"ListItem\",\"position\":1,\"name\":\"In\u00edcio\",\"item\":\"https:\/\/grankera.com.br\/v3\/\"},{\"@type\":\"ListItem\",\"position\":2,\"name\":\"Loja\",\"item\":\"https:\/\/grankera.com.br\/v3\/loja\/\"},{\"@type\":\"ListItem\",\"position\":3,\"name\":\"Kit Detox Terapia\"}]},{\"@type\":\"WebSite\",\"@id\":\"https:\/\/grankera.com.br\/v3\/#website\",\"url\":\"https:\/\/grankera.com.br\/v3\/\",\"name\":\"Grankera\",\"description\":\"\",\"publisher\":{\"@id\":\"https:\/\/grankera.com.br\/v3\/#organization\"},\"potentialAction\":[{\"@type\":\"SearchAction\",\"target\":{\"@type\":\"EntryPoint\",\"urlTemplate\":\"https:\/\/grankera.com.br\/v3\/?s={search_term_string}\"},\"query-input\":{\"@type\":\"PropertyValueSpecification\",\"valueRequired\":true,\"valueName\":\"search_term_string\"}}],\"inLanguage\":\"pt-BR\"},{\"@type\":\"Organization\",\"@id\":\"https:\/\/grankera.com.br\/v3\/#organization\",\"name\":\"Grankera\",\"url\":\"https:\/\/grankera.com.br\/v3\/\",\"logo\":{\"@type\":\"ImageObject\",\"inLanguage\":\"pt-BR\",\"@id\":\"https:\/\/grankera.com.br\/v3\/#\/schema\/logo\/image\/\",\"url\":\"https:\/\/grankera.com.br\/v3\/wp-content\/uploads\/2025\/12\/logo.png\",\"contentUrl\":\"https:\/\/grankera.com.br\/v3\/wp-content\/uploads\/2025\/12\/logo.png\",\"width\":152,\"height\":33,\"caption\":\"Grankera\"},\"image\":{\"@id\":\"https:\/\/grankera.com.br\/v3\/#\/schema\/logo\/image\/\"},\"sameAs\":[\"https:\/\/www.facebook.com\/grankera.oficial\",\"https:\/\/www.instagram.com\/grankera.oficial\"]}]}<\/script>\n<!-- \/ Yoast SEO plugin. -->","yoast_head_json":{"title":"Kit Detox Terapia - Grankera","robots":{"index":"noindex","follow":"follow","max-snippet":"max-snippet:-1","max-image-preview":"max-image-preview:large","max-video-preview":"max-video-preview:-1"},"og_locale":"pt_BR","og_type":"article","og_title":"Kit Detox Terapia - Grankera","og_description":"Terapia para remo\u00e7\u00e3o de oleosidade e impurezas.","og_url":"https:\/\/grankera.com.br\/v3\/produto\/kit-detox-terapia\/","og_site_name":"Grankera","article_publisher":"https:\/\/www.facebook.com\/grankera.oficial","article_modified_time":"2025-12-03T13:11:42+00:00","og_image":[{"width":1000,"height":1000,"url":"https:\/\/grankera.com.br\/v3\/wp-content\/uploads\/2022\/02\/49-detox-terapia-kit.png","type":"image\/png"}],"twitter_card":"summary_large_image","twitter_misc":{"Est. tempo de leitura":"2 minutos"},"schema":{"@context":"https:\/\/schema.org","@graph":[{"@type":"WebPage","@id":"https:\/\/grankera.com.br\/v3\/produto\/kit-detox-terapia\/","url":"https:\/\/grankera.com.br\/v3\/produto\/kit-detox-terapia\/","name":"Kit Detox Terapia - Grankera","isPartOf":{"@id":"https:\/\/grankera.com.br\/v3\/#website"},"primaryImageOfPage":{"@id":"https:\/\/grankera.com.br\/v3\/produto\/kit-detox-terapia\/#primaryimage"},"image":{"@id":"https:\/\/grankera.com.br\/v3\/produto\/kit-detox-terapia\/#primaryimage"},"thumbnailUrl":"https:\/\/grankera.com.br\/v3\/wp-content\/uploads\/2022\/02\/49-detox-terapia-kit.png","datePublished":"2022-02-09T18:33:49+00:00","dateModified":"2025-12-03T13:11:42+00:00","breadcrumb":{"@id":"https:\/\/grankera.com.br\/v3\/produto\/kit-detox-terapia\/#breadcrumb"},"inLanguage":"pt-BR","potentialAction":[{"@type":"ReadAction","target":["https:\/\/grankera.com.br\/v3\/produto\/kit-detox-terapia\/"]}]},{"@type":"ImageObject","inLanguage":"pt-BR","@id":"https:\/\/grankera.com.br\/v3\/produto\/kit-detox-terapia\/#primaryimage","url":"https:\/\/grankera.com.br\/v3\/wp-content\/uploads\/2022\/02\/49-detox-terapia-kit.png","contentUrl":"https:\/\/grankera.com.br\/v3\/wp-content\/uploads\/2022\/02\/49-detox-terapia-kit.png","width":1000,"height":1000},{"@type":"BreadcrumbList","@id":"https:\/\/grankera.com.br\/v3\/produto\/kit-detox-terapia\/#breadcrumb","itemListElement":[{"@type":"ListItem","position":1,"name":"In\u00edcio","item":"https:\/\/grankera.com.br\/v3\/"},{"@type":"ListItem","position":2,"name":"Loja","item":"https:\/\/grankera.com.br\/v3\/loja\/"},{"@type":"ListItem","position":3,"name":"Kit Detox Terapia"}]},{"@type":"WebSite","@id":"https:\/\/grankera.com.br\/v3\/#website","url":"https:\/\/grankera.com.br\/v3\/","name":"Grankera","description":"","publisher":{"@id":"https:\/\/grankera.com.br\/v3\/#organization"},"potentialAction":[{"@type":"SearchAction","target":{"@type":"EntryPoint","urlTemplate":"https:\/\/grankera.com.br\/v3\/?s={search_term_string}"},"query-input":{"@type":"PropertyValueSpecification","valueRequired":true,"valueName":"search_term_string"}}],"inLanguage":"pt-BR"},{"@type":"Organization","@id":"https:\/\/grankera.com.br\/v3\/#organization","name":"Grankera","url":"https:\/\/grankera.com.br\/v3\/","logo":{"@type":"ImageObject","inLanguage":"pt-BR","@id":"https:\/\/grankera.com.br\/v3\/#\/schema\/logo\/image\/","url":"https:\/\/grankera.com.br\/v3\/wp-content\/uploads\/2025\/12\/logo.png","contentUrl":"https:\/\/grankera.com.br\/v3\/wp-content\/uploads\/2025\/12\/logo.png","width":152,"height":33,"caption":"Grankera"},"image":{"@id":"https:\/\/grankera.com.br\/v3\/#\/schema\/logo\/image\/"},"sameAs":["https:\/\/www.facebook.com\/grankera.oficial","https:\/\/www.instagram.com\/grankera.oficial"]}]}},"_links":{"self":[{"href":"https:\/\/grankera.com.br\/v3\/wp-json\/wp\/v2\/product\/5806","targetHints":{"allow":["GET"]}}],"collection":[{"href":"https:\/\/grankera.com.br\/v3\/wp-json\/wp\/v2\/product"}],"about":[{"href":"https:\/\/grankera.com.br\/v3\/wp-json\/wp\/v2\/types\/product"}],"replies":[{"embeddable":true,"href":"https:\/\/grankera.com.br\/v3\/wp-json\/wp\/v2\/comments?post=5806"}],"wp:featuredmedia":[{"embeddable":true,"href":"https:\/\/grankera.com.br\/v3\/wp-json\/wp\/v2\/media\/6324"}],"wp:attachment":[{"href":"https:\/\/grankera.com.br\/v3\/wp-json\/wp\/v2\/media?parent=5806"}],"wp:term":[{"taxonomy":"product_brand","embeddable":true,"href":"https:\/\/grankera.com.br\/v3\/wp-json\/wp\/v2\/product_brand?post=5806"},{"taxonomy":"product_cat","embeddable":true,"href":"https:\/\/grankera.com.br\/v3\/wp-json\/wp\/v2\/product_cat?post=5806"},{"taxonomy":"product_tag","embeddable":true,"href":"https:\/\/grankera.com.br\/v3\/wp-json\/wp\/v2\/product_tag?post=5806"}],"curies":[{"name":"wp","href":"https:\/\/api.w.org\/{rel}","templated":true}]}}