{"id":5812,"date":"2022-02-09T15:33:50","date_gmt":"2022-02-09T18:33:50","guid":{"rendered":"http:\/\/&#038;p=5812"},"modified":"2025-11-27T13:41:06","modified_gmt":"2025-11-27T16:41:06","slug":"damage-recovery-efeito-teia-mascara-hidratante-300g","status":"publish","type":"product","link":"https:\/\/grankera.com.br\/v3\/produto\/damage-recovery-efeito-teia-mascara-hidratante-300g\/","title":{"rendered":"Damage Recovery Efeito Teia M\u00e1scara Hidratante 300g"},"content":{"rendered":"<p>Proporciona o rejuvenescimento do cabelo devolvendo aos fios brilho e elasticidade perdidos com o tempo e por processos qu\u00edmicos. Possui Macad\u00e2mia Oil, Ojon Oil e A\u00e7a\u00ed Oil que rejuvenescem e reconstr\u00f3em os fios deixando-os profundamente nutridos com melhor maleabilidade, brilho e hidrata\u00e7\u00e3o.<\/p>\n<p><strong>ATIVOS<\/strong><\/p>\n<p><em><strong>MACAD\u00c2MIA OIL:<\/strong><\/em> \u00c9 um \u00f3leo recomendado para cabelos quimicamente tratados e danificados. Ajuda a proteger o cabelo contra raios UV, vento, polui\u00e7\u00e3o, chapinha, secador e produtos qu\u00edmicos. Promove diminui\u00e7\u00e3o do frizz e repara a elasticidade natural da fibra capilar, evitando que os fios se quebrem e que pontas duplas surjam.<\/p>\n<p><em><strong>OJON OIL:<\/strong><\/em> Rico em amino\u00e1cidos, antioxidantes naturais e lip\u00eddeos, o \u00f3leo de Ojon, \u00e9 considerado o melhor \u00f3leo vegetal para tratamento capilar, penetra profundamente nos fios.\u00a0 Proporciona recupera\u00e7\u00e3o das c\u00e9lulas capilares, brilho intenso, for\u00e7a e protege das agress\u00f5es di\u00e1rias, como ventos, polui\u00e7\u00e3o, raios solares e tamb\u00e9m dos efeitos do secador e da chapinha.<\/p>\n<p><em><strong>A\u00c7A\u00cd OIL:<\/strong><\/em> \u00c9 composto por \u00e1cidos graxos, \u00f4mega 6 e 9, rico em vitaminas E, B1, B2, B3 e C. Tem a\u00e7\u00e3o restauradora, emoliente e hidratante \u00e9 ideal para cabelos secos e quimicamente tratados, proporciona brilho e maciez aos fios.<\/p>\n<p><strong>MODO DE USAR:<\/strong> Com o cabelo limpo e \u00famido aplique a M\u00c1SCARA HIDRATANTE e deixe agir por 10 minutos. Enxague bem e finalize como de costume. O resultado \u00e9 um cabelo nutrido e hidratado com suavidade e completamente desembara\u00e7ado.<\/p>\n","protected":false},"excerpt":{"rendered":"<p>Auxilia na recupera\u00e7\u00e3o de cabelos danificados principalmente por processos qu\u00edmicos ou excesso de colora\u00e7\u00e3o. Trata os fios deixando-os nutridos, male\u00e1veis, hidratados e com brilho.<\/p>\n","protected":false},"featured_media":6286,"comment_status":"open","ping_status":"closed","template":"","meta":[],"product_brand":[],"product_cat":[20,22],"product_tag":[],"class_list":{"0":"post-5812","1":"product","2":"type-product","3":"status-publish","4":"has-post-thumbnail","6":"product_cat-damage-recovery","7":"product_cat-efeito-teia","9":"first","10":"instock","11":"shipping-taxable","12":"purchasable","13":"product-type-simple"},"yoast_head":"<!-- This site is optimized with the Yoast SEO plugin v26.6 - https:\/\/yoast.com\/wordpress\/plugins\/seo\/ -->\n<title>Damage Recovery Efeito Teia M\u00e1scara Hidratante 300g - Grankera<\/title>\n<meta name=\"robots\" content=\"noindex, follow, max-snippet:-1, max-image-preview:large, max-video-preview:-1\" \/>\n<meta property=\"og:locale\" content=\"pt_BR\" \/>\n<meta property=\"og:type\" content=\"article\" \/>\n<meta property=\"og:title\" content=\"Damage Recovery Efeito Teia M\u00e1scara Hidratante 300g - Grankera\" \/>\n<meta property=\"og:description\" content=\"Auxilia na recupera\u00e7\u00e3o de cabelos danificados principalmente por processos qu\u00edmicos ou excesso de colora\u00e7\u00e3o. Trata os fios deixando-os nutridos, male\u00e1veis, hidratados e com brilho.\" \/>\n<meta property=\"og:url\" content=\"https:\/\/grankera.com.br\/v3\/produto\/damage-recovery-efeito-teia-mascara-hidratante-300g\/\" \/>\n<meta property=\"og:site_name\" content=\"Grankera\" \/>\n<meta property=\"article:publisher\" content=\"https:\/\/www.facebook.com\/grankera.oficial\" \/>\n<meta property=\"article:modified_time\" content=\"2025-11-27T16:41:06+00:00\" \/>\n<meta property=\"og:image\" content=\"https:\/\/grankera.com.br\/v3\/wp-content\/uploads\/2022\/02\/efeito-teia-mascara.webp\" \/>\n\t<meta property=\"og:image:width\" content=\"1000\" \/>\n\t<meta property=\"og:image:height\" content=\"1000\" \/>\n\t<meta property=\"og:image:type\" content=\"image\/webp\" \/>\n<meta name=\"twitter:card\" content=\"summary_large_image\" \/>\n<meta name=\"twitter:label1\" content=\"Est. tempo de leitura\" \/>\n\t<meta name=\"twitter:data1\" content=\"2 minutos\" \/>\n<script type=\"application\/ld+json\" class=\"yoast-schema-graph\">{\"@context\":\"https:\/\/schema.org\",\"@graph\":[{\"@type\":\"WebPage\",\"@id\":\"https:\/\/grankera.com.br\/v3\/produto\/damage-recovery-efeito-teia-mascara-hidratante-300g\/\",\"url\":\"https:\/\/grankera.com.br\/v3\/produto\/damage-recovery-efeito-teia-mascara-hidratante-300g\/\",\"name\":\"Damage Recovery Efeito Teia M\u00e1scara Hidratante 300g - Grankera\",\"isPartOf\":{\"@id\":\"https:\/\/grankera.com.br\/v3\/#website\"},\"primaryImageOfPage\":{\"@id\":\"https:\/\/grankera.com.br\/v3\/produto\/damage-recovery-efeito-teia-mascara-hidratante-300g\/#primaryimage\"},\"image\":{\"@id\":\"https:\/\/grankera.com.br\/v3\/produto\/damage-recovery-efeito-teia-mascara-hidratante-300g\/#primaryimage\"},\"thumbnailUrl\":\"https:\/\/grankera.com.br\/v3\/wp-content\/uploads\/2022\/02\/efeito-teia-mascara.webp\",\"datePublished\":\"2022-02-09T18:33:50+00:00\",\"dateModified\":\"2025-11-27T16:41:06+00:00\",\"breadcrumb\":{\"@id\":\"https:\/\/grankera.com.br\/v3\/produto\/damage-recovery-efeito-teia-mascara-hidratante-300g\/#breadcrumb\"},\"inLanguage\":\"pt-BR\",\"potentialAction\":[{\"@type\":\"ReadAction\",\"target\":[\"https:\/\/grankera.com.br\/v3\/produto\/damage-recovery-efeito-teia-mascara-hidratante-300g\/\"]}]},{\"@type\":\"ImageObject\",\"inLanguage\":\"pt-BR\",\"@id\":\"https:\/\/grankera.com.br\/v3\/produto\/damage-recovery-efeito-teia-mascara-hidratante-300g\/#primaryimage\",\"url\":\"https:\/\/grankera.com.br\/v3\/wp-content\/uploads\/2022\/02\/efeito-teia-mascara.webp\",\"contentUrl\":\"https:\/\/grankera.com.br\/v3\/wp-content\/uploads\/2022\/02\/efeito-teia-mascara.webp\",\"width\":1000,\"height\":1000},{\"@type\":\"BreadcrumbList\",\"@id\":\"https:\/\/grankera.com.br\/v3\/produto\/damage-recovery-efeito-teia-mascara-hidratante-300g\/#breadcrumb\",\"itemListElement\":[{\"@type\":\"ListItem\",\"position\":1,\"name\":\"In\u00edcio\",\"item\":\"https:\/\/grankera.com.br\/v3\/\"},{\"@type\":\"ListItem\",\"position\":2,\"name\":\"Loja\",\"item\":\"https:\/\/grankera.com.br\/v3\/loja\/\"},{\"@type\":\"ListItem\",\"position\":3,\"name\":\"Damage Recovery Efeito Teia M\u00e1scara Hidratante 300g\"}]},{\"@type\":\"WebSite\",\"@id\":\"https:\/\/grankera.com.br\/v3\/#website\",\"url\":\"https:\/\/grankera.com.br\/v3\/\",\"name\":\"Grankera\",\"description\":\"\",\"publisher\":{\"@id\":\"https:\/\/grankera.com.br\/v3\/#organization\"},\"potentialAction\":[{\"@type\":\"SearchAction\",\"target\":{\"@type\":\"EntryPoint\",\"urlTemplate\":\"https:\/\/grankera.com.br\/v3\/?s={search_term_string}\"},\"query-input\":{\"@type\":\"PropertyValueSpecification\",\"valueRequired\":true,\"valueName\":\"search_term_string\"}}],\"inLanguage\":\"pt-BR\"},{\"@type\":\"Organization\",\"@id\":\"https:\/\/grankera.com.br\/v3\/#organization\",\"name\":\"Grankera\",\"url\":\"https:\/\/grankera.com.br\/v3\/\",\"logo\":{\"@type\":\"ImageObject\",\"inLanguage\":\"pt-BR\",\"@id\":\"https:\/\/grankera.com.br\/v3\/#\/schema\/logo\/image\/\",\"url\":\"https:\/\/grankera.com.br\/v3\/wp-content\/uploads\/2025\/12\/logo.png\",\"contentUrl\":\"https:\/\/grankera.com.br\/v3\/wp-content\/uploads\/2025\/12\/logo.png\",\"width\":152,\"height\":33,\"caption\":\"Grankera\"},\"image\":{\"@id\":\"https:\/\/grankera.com.br\/v3\/#\/schema\/logo\/image\/\"},\"sameAs\":[\"https:\/\/www.facebook.com\/grankera.oficial\",\"https:\/\/www.instagram.com\/grankera.oficial\"]}]}<\/script>\n<!-- \/ Yoast SEO plugin. -->","yoast_head_json":{"title":"Damage Recovery Efeito Teia M\u00e1scara Hidratante 300g - Grankera","robots":{"index":"noindex","follow":"follow","max-snippet":"max-snippet:-1","max-image-preview":"max-image-preview:large","max-video-preview":"max-video-preview:-1"},"og_locale":"pt_BR","og_type":"article","og_title":"Damage Recovery Efeito Teia M\u00e1scara Hidratante 300g - Grankera","og_description":"Auxilia na recupera\u00e7\u00e3o de cabelos danificados principalmente por processos qu\u00edmicos ou excesso de colora\u00e7\u00e3o. Trata os fios deixando-os nutridos, male\u00e1veis, hidratados e com brilho.","og_url":"https:\/\/grankera.com.br\/v3\/produto\/damage-recovery-efeito-teia-mascara-hidratante-300g\/","og_site_name":"Grankera","article_publisher":"https:\/\/www.facebook.com\/grankera.oficial","article_modified_time":"2025-11-27T16:41:06+00:00","og_image":[{"width":1000,"height":1000,"url":"https:\/\/grankera.com.br\/v3\/wp-content\/uploads\/2022\/02\/efeito-teia-mascara.webp","type":"image\/webp"}],"twitter_card":"summary_large_image","twitter_misc":{"Est. tempo de leitura":"2 minutos"},"schema":{"@context":"https:\/\/schema.org","@graph":[{"@type":"WebPage","@id":"https:\/\/grankera.com.br\/v3\/produto\/damage-recovery-efeito-teia-mascara-hidratante-300g\/","url":"https:\/\/grankera.com.br\/v3\/produto\/damage-recovery-efeito-teia-mascara-hidratante-300g\/","name":"Damage Recovery Efeito Teia M\u00e1scara Hidratante 300g - Grankera","isPartOf":{"@id":"https:\/\/grankera.com.br\/v3\/#website"},"primaryImageOfPage":{"@id":"https:\/\/grankera.com.br\/v3\/produto\/damage-recovery-efeito-teia-mascara-hidratante-300g\/#primaryimage"},"image":{"@id":"https:\/\/grankera.com.br\/v3\/produto\/damage-recovery-efeito-teia-mascara-hidratante-300g\/#primaryimage"},"thumbnailUrl":"https:\/\/grankera.com.br\/v3\/wp-content\/uploads\/2022\/02\/efeito-teia-mascara.webp","datePublished":"2022-02-09T18:33:50+00:00","dateModified":"2025-11-27T16:41:06+00:00","breadcrumb":{"@id":"https:\/\/grankera.com.br\/v3\/produto\/damage-recovery-efeito-teia-mascara-hidratante-300g\/#breadcrumb"},"inLanguage":"pt-BR","potentialAction":[{"@type":"ReadAction","target":["https:\/\/grankera.com.br\/v3\/produto\/damage-recovery-efeito-teia-mascara-hidratante-300g\/"]}]},{"@type":"ImageObject","inLanguage":"pt-BR","@id":"https:\/\/grankera.com.br\/v3\/produto\/damage-recovery-efeito-teia-mascara-hidratante-300g\/#primaryimage","url":"https:\/\/grankera.com.br\/v3\/wp-content\/uploads\/2022\/02\/efeito-teia-mascara.webp","contentUrl":"https:\/\/grankera.com.br\/v3\/wp-content\/uploads\/2022\/02\/efeito-teia-mascara.webp","width":1000,"height":1000},{"@type":"BreadcrumbList","@id":"https:\/\/grankera.com.br\/v3\/produto\/damage-recovery-efeito-teia-mascara-hidratante-300g\/#breadcrumb","itemListElement":[{"@type":"ListItem","position":1,"name":"In\u00edcio","item":"https:\/\/grankera.com.br\/v3\/"},{"@type":"ListItem","position":2,"name":"Loja","item":"https:\/\/grankera.com.br\/v3\/loja\/"},{"@type":"ListItem","position":3,"name":"Damage Recovery Efeito Teia M\u00e1scara Hidratante 300g"}]},{"@type":"WebSite","@id":"https:\/\/grankera.com.br\/v3\/#website","url":"https:\/\/grankera.com.br\/v3\/","name":"Grankera","description":"","publisher":{"@id":"https:\/\/grankera.com.br\/v3\/#organization"},"potentialAction":[{"@type":"SearchAction","target":{"@type":"EntryPoint","urlTemplate":"https:\/\/grankera.com.br\/v3\/?s={search_term_string}"},"query-input":{"@type":"PropertyValueSpecification","valueRequired":true,"valueName":"search_term_string"}}],"inLanguage":"pt-BR"},{"@type":"Organization","@id":"https:\/\/grankera.com.br\/v3\/#organization","name":"Grankera","url":"https:\/\/grankera.com.br\/v3\/","logo":{"@type":"ImageObject","inLanguage":"pt-BR","@id":"https:\/\/grankera.com.br\/v3\/#\/schema\/logo\/image\/","url":"https:\/\/grankera.com.br\/v3\/wp-content\/uploads\/2025\/12\/logo.png","contentUrl":"https:\/\/grankera.com.br\/v3\/wp-content\/uploads\/2025\/12\/logo.png","width":152,"height":33,"caption":"Grankera"},"image":{"@id":"https:\/\/grankera.com.br\/v3\/#\/schema\/logo\/image\/"},"sameAs":["https:\/\/www.facebook.com\/grankera.oficial","https:\/\/www.instagram.com\/grankera.oficial"]}]}},"_links":{"self":[{"href":"https:\/\/grankera.com.br\/v3\/wp-json\/wp\/v2\/product\/5812","targetHints":{"allow":["GET"]}}],"collection":[{"href":"https:\/\/grankera.com.br\/v3\/wp-json\/wp\/v2\/product"}],"about":[{"href":"https:\/\/grankera.com.br\/v3\/wp-json\/wp\/v2\/types\/product"}],"replies":[{"embeddable":true,"href":"https:\/\/grankera.com.br\/v3\/wp-json\/wp\/v2\/comments?post=5812"}],"wp:featuredmedia":[{"embeddable":true,"href":"https:\/\/grankera.com.br\/v3\/wp-json\/wp\/v2\/media\/6286"}],"wp:attachment":[{"href":"https:\/\/grankera.com.br\/v3\/wp-json\/wp\/v2\/media?parent=5812"}],"wp:term":[{"taxonomy":"product_brand","embeddable":true,"href":"https:\/\/grankera.com.br\/v3\/wp-json\/wp\/v2\/product_brand?post=5812"},{"taxonomy":"product_cat","embeddable":true,"href":"https:\/\/grankera.com.br\/v3\/wp-json\/wp\/v2\/product_cat?post=5812"},{"taxonomy":"product_tag","embeddable":true,"href":"https:\/\/grankera.com.br\/v3\/wp-json\/wp\/v2\/product_tag?post=5812"}],"curies":[{"name":"wp","href":"https:\/\/api.w.org\/{rel}","templated":true}]}}