{"id":5819,"date":"2022-02-09T15:33:50","date_gmt":"2022-02-09T18:33:50","guid":{"rendered":"http:\/\/&#038;p=5819"},"modified":"2025-11-27T13:49:49","modified_gmt":"2025-11-27T16:49:49","slug":"recovery-oil-60ml","status":"publish","type":"product","link":"https:\/\/grankera.com.br\/v3\/produto\/recovery-oil-60ml\/","title":{"rendered":"Recovery Oil 60ml"},"content":{"rendered":"<ul>\n<li>Ideal para usar antes ou na mistura de tinturas e processos de descolora\u00e7\u00e3o para proteger os fios e evitar danos<\/li>\n<li>Auxilia no tratamento de umecta\u00e7\u00e3o que faz a recupera\u00e7\u00e3o de cabelos quebradi\u00e7os e danificados<\/li>\n<li>Por ser termoativado \u00e9 perfeito para proteger os fios do calor do secador e chapinha<\/li>\n<li>Pode ser usado como finalizador anti frizz<\/li>\n<\/ul>\n<p><strong>ATIVOS<\/strong><\/p>\n<p><em><strong>MACAD\u00c2MIA OIL:<\/strong>\u00a0<\/em> Promove diminui\u00e7\u00e3o do frizz, d\u00e1 brilho e repara a elasticidade natural da fibra capilar, evitando que os fios se quebrem e que pontas duplas surjam. \u00c9 um \u00f3leo recomendado para cabelos quimicamente tratados e danificados.<\/p>\n<p><em><strong>OJON OIL:<\/strong><\/em> Considerado o melhor \u00f3leo vegetal para tratamento capilar, o \u00f3leo de Ojon traz muitos benef\u00edcios aos fios. Rico em amino\u00e1cidos, antioxidantes naturais e lip\u00eddeos, o \u00f3leo de ojon re\u00fane todas as ess\u00eancias necess\u00e1rias para manter os cabelos saud\u00e1veis. Proporciona recupera\u00e7\u00e3o das c\u00e9lulas capilares, brilho intenso, for\u00e7a e protege das agress\u00f5es di\u00e1rias, como ventos, polui\u00e7\u00e3o, raios solares e tamb\u00e9m dos efeitos do secador e da chapinha. Ele tamb\u00e9m pode ser usado como protetor t\u00e9rmico. Serve ainda como anti frizz e reduz o volume dos cabelos arrepiados.<\/p>\n<p><em><strong>A\u00c7A\u00cd OIL:<\/strong><\/em> Tem a\u00e7\u00e3o restauradora, emoliente e hidratante \u00e9 ideal para cabelos secos e quimicamente tratados, proporciona brilho e maciez aos fios.<\/p>\n","protected":false},"excerpt":{"rendered":"<p>Essencial para cuidados com o cabelo, um verdadeiro coringa que n\u00e3o pode faltar no seu dia a dia.<\/p>\n","protected":false},"featured_media":6020,"comment_status":"open","ping_status":"closed","template":"","meta":[],"product_brand":[],"product_cat":[15],"product_tag":[],"class_list":{"0":"post-5819","1":"product","2":"type-product","3":"status-publish","4":"has-post-thumbnail","6":"product_cat-sem-categoria","8":"first","9":"instock","10":"shipping-taxable","11":"purchasable","12":"product-type-simple"},"yoast_head":"<!-- This site is optimized with the Yoast SEO plugin v26.6 - https:\/\/yoast.com\/wordpress\/plugins\/seo\/ -->\n<title>Recovery Oil 60ml - Grankera<\/title>\n<meta name=\"robots\" content=\"noindex, follow, max-snippet:-1, max-image-preview:large, max-video-preview:-1\" \/>\n<meta property=\"og:locale\" content=\"pt_BR\" \/>\n<meta property=\"og:type\" content=\"article\" \/>\n<meta property=\"og:title\" content=\"Recovery Oil 60ml - Grankera\" \/>\n<meta property=\"og:description\" content=\"Essencial para cuidados com o cabelo, um verdadeiro coringa que n\u00e3o pode faltar no seu dia a dia.\" \/>\n<meta property=\"og:url\" content=\"https:\/\/grankera.com.br\/v3\/produto\/recovery-oil-60ml\/\" \/>\n<meta property=\"og:site_name\" content=\"Grankera\" \/>\n<meta property=\"article:publisher\" content=\"https:\/\/www.facebook.com\/grankera.oficial\" \/>\n<meta property=\"article:modified_time\" content=\"2025-11-27T16:49:49+00:00\" \/>\n<meta property=\"og:image\" content=\"https:\/\/grankera.com.br\/v3\/wp-content\/uploads\/2022\/02\/13-recovery-oil.png\" \/>\n\t<meta property=\"og:image:width\" content=\"1000\" \/>\n\t<meta property=\"og:image:height\" content=\"1000\" \/>\n\t<meta property=\"og:image:type\" content=\"image\/png\" \/>\n<meta name=\"twitter:card\" content=\"summary_large_image\" \/>\n<meta name=\"twitter:label1\" content=\"Est. tempo de leitura\" \/>\n\t<meta name=\"twitter:data1\" content=\"2 minutos\" \/>\n<script type=\"application\/ld+json\" class=\"yoast-schema-graph\">{\"@context\":\"https:\/\/schema.org\",\"@graph\":[{\"@type\":\"WebPage\",\"@id\":\"https:\/\/grankera.com.br\/v3\/produto\/recovery-oil-60ml\/\",\"url\":\"https:\/\/grankera.com.br\/v3\/produto\/recovery-oil-60ml\/\",\"name\":\"Recovery Oil 60ml - Grankera\",\"isPartOf\":{\"@id\":\"https:\/\/grankera.com.br\/v3\/#website\"},\"primaryImageOfPage\":{\"@id\":\"https:\/\/grankera.com.br\/v3\/produto\/recovery-oil-60ml\/#primaryimage\"},\"image\":{\"@id\":\"https:\/\/grankera.com.br\/v3\/produto\/recovery-oil-60ml\/#primaryimage\"},\"thumbnailUrl\":\"https:\/\/grankera.com.br\/v3\/wp-content\/uploads\/2022\/02\/13-recovery-oil.png\",\"datePublished\":\"2022-02-09T18:33:50+00:00\",\"dateModified\":\"2025-11-27T16:49:49+00:00\",\"breadcrumb\":{\"@id\":\"https:\/\/grankera.com.br\/v3\/produto\/recovery-oil-60ml\/#breadcrumb\"},\"inLanguage\":\"pt-BR\",\"potentialAction\":[{\"@type\":\"ReadAction\",\"target\":[\"https:\/\/grankera.com.br\/v3\/produto\/recovery-oil-60ml\/\"]}]},{\"@type\":\"ImageObject\",\"inLanguage\":\"pt-BR\",\"@id\":\"https:\/\/grankera.com.br\/v3\/produto\/recovery-oil-60ml\/#primaryimage\",\"url\":\"https:\/\/grankera.com.br\/v3\/wp-content\/uploads\/2022\/02\/13-recovery-oil.png\",\"contentUrl\":\"https:\/\/grankera.com.br\/v3\/wp-content\/uploads\/2022\/02\/13-recovery-oil.png\",\"width\":1000,\"height\":1000},{\"@type\":\"BreadcrumbList\",\"@id\":\"https:\/\/grankera.com.br\/v3\/produto\/recovery-oil-60ml\/#breadcrumb\",\"itemListElement\":[{\"@type\":\"ListItem\",\"position\":1,\"name\":\"In\u00edcio\",\"item\":\"https:\/\/grankera.com.br\/v3\/\"},{\"@type\":\"ListItem\",\"position\":2,\"name\":\"Loja\",\"item\":\"https:\/\/grankera.com.br\/v3\/loja\/\"},{\"@type\":\"ListItem\",\"position\":3,\"name\":\"Recovery Oil 60ml\"}]},{\"@type\":\"WebSite\",\"@id\":\"https:\/\/grankera.com.br\/v3\/#website\",\"url\":\"https:\/\/grankera.com.br\/v3\/\",\"name\":\"Grankera\",\"description\":\"\",\"publisher\":{\"@id\":\"https:\/\/grankera.com.br\/v3\/#organization\"},\"potentialAction\":[{\"@type\":\"SearchAction\",\"target\":{\"@type\":\"EntryPoint\",\"urlTemplate\":\"https:\/\/grankera.com.br\/v3\/?s={search_term_string}\"},\"query-input\":{\"@type\":\"PropertyValueSpecification\",\"valueRequired\":true,\"valueName\":\"search_term_string\"}}],\"inLanguage\":\"pt-BR\"},{\"@type\":\"Organization\",\"@id\":\"https:\/\/grankera.com.br\/v3\/#organization\",\"name\":\"Grankera\",\"url\":\"https:\/\/grankera.com.br\/v3\/\",\"logo\":{\"@type\":\"ImageObject\",\"inLanguage\":\"pt-BR\",\"@id\":\"https:\/\/grankera.com.br\/v3\/#\/schema\/logo\/image\/\",\"url\":\"https:\/\/grankera.com.br\/v3\/wp-content\/uploads\/2025\/12\/logo.png\",\"contentUrl\":\"https:\/\/grankera.com.br\/v3\/wp-content\/uploads\/2025\/12\/logo.png\",\"width\":152,\"height\":33,\"caption\":\"Grankera\"},\"image\":{\"@id\":\"https:\/\/grankera.com.br\/v3\/#\/schema\/logo\/image\/\"},\"sameAs\":[\"https:\/\/www.facebook.com\/grankera.oficial\",\"https:\/\/www.instagram.com\/grankera.oficial\"]}]}<\/script>\n<!-- \/ Yoast SEO plugin. -->","yoast_head_json":{"title":"Recovery Oil 60ml - Grankera","robots":{"index":"noindex","follow":"follow","max-snippet":"max-snippet:-1","max-image-preview":"max-image-preview:large","max-video-preview":"max-video-preview:-1"},"og_locale":"pt_BR","og_type":"article","og_title":"Recovery Oil 60ml - Grankera","og_description":"Essencial para cuidados com o cabelo, um verdadeiro coringa que n\u00e3o pode faltar no seu dia a dia.","og_url":"https:\/\/grankera.com.br\/v3\/produto\/recovery-oil-60ml\/","og_site_name":"Grankera","article_publisher":"https:\/\/www.facebook.com\/grankera.oficial","article_modified_time":"2025-11-27T16:49:49+00:00","og_image":[{"width":1000,"height":1000,"url":"https:\/\/grankera.com.br\/v3\/wp-content\/uploads\/2022\/02\/13-recovery-oil.png","type":"image\/png"}],"twitter_card":"summary_large_image","twitter_misc":{"Est. tempo de leitura":"2 minutos"},"schema":{"@context":"https:\/\/schema.org","@graph":[{"@type":"WebPage","@id":"https:\/\/grankera.com.br\/v3\/produto\/recovery-oil-60ml\/","url":"https:\/\/grankera.com.br\/v3\/produto\/recovery-oil-60ml\/","name":"Recovery Oil 60ml - Grankera","isPartOf":{"@id":"https:\/\/grankera.com.br\/v3\/#website"},"primaryImageOfPage":{"@id":"https:\/\/grankera.com.br\/v3\/produto\/recovery-oil-60ml\/#primaryimage"},"image":{"@id":"https:\/\/grankera.com.br\/v3\/produto\/recovery-oil-60ml\/#primaryimage"},"thumbnailUrl":"https:\/\/grankera.com.br\/v3\/wp-content\/uploads\/2022\/02\/13-recovery-oil.png","datePublished":"2022-02-09T18:33:50+00:00","dateModified":"2025-11-27T16:49:49+00:00","breadcrumb":{"@id":"https:\/\/grankera.com.br\/v3\/produto\/recovery-oil-60ml\/#breadcrumb"},"inLanguage":"pt-BR","potentialAction":[{"@type":"ReadAction","target":["https:\/\/grankera.com.br\/v3\/produto\/recovery-oil-60ml\/"]}]},{"@type":"ImageObject","inLanguage":"pt-BR","@id":"https:\/\/grankera.com.br\/v3\/produto\/recovery-oil-60ml\/#primaryimage","url":"https:\/\/grankera.com.br\/v3\/wp-content\/uploads\/2022\/02\/13-recovery-oil.png","contentUrl":"https:\/\/grankera.com.br\/v3\/wp-content\/uploads\/2022\/02\/13-recovery-oil.png","width":1000,"height":1000},{"@type":"BreadcrumbList","@id":"https:\/\/grankera.com.br\/v3\/produto\/recovery-oil-60ml\/#breadcrumb","itemListElement":[{"@type":"ListItem","position":1,"name":"In\u00edcio","item":"https:\/\/grankera.com.br\/v3\/"},{"@type":"ListItem","position":2,"name":"Loja","item":"https:\/\/grankera.com.br\/v3\/loja\/"},{"@type":"ListItem","position":3,"name":"Recovery Oil 60ml"}]},{"@type":"WebSite","@id":"https:\/\/grankera.com.br\/v3\/#website","url":"https:\/\/grankera.com.br\/v3\/","name":"Grankera","description":"","publisher":{"@id":"https:\/\/grankera.com.br\/v3\/#organization"},"potentialAction":[{"@type":"SearchAction","target":{"@type":"EntryPoint","urlTemplate":"https:\/\/grankera.com.br\/v3\/?s={search_term_string}"},"query-input":{"@type":"PropertyValueSpecification","valueRequired":true,"valueName":"search_term_string"}}],"inLanguage":"pt-BR"},{"@type":"Organization","@id":"https:\/\/grankera.com.br\/v3\/#organization","name":"Grankera","url":"https:\/\/grankera.com.br\/v3\/","logo":{"@type":"ImageObject","inLanguage":"pt-BR","@id":"https:\/\/grankera.com.br\/v3\/#\/schema\/logo\/image\/","url":"https:\/\/grankera.com.br\/v3\/wp-content\/uploads\/2025\/12\/logo.png","contentUrl":"https:\/\/grankera.com.br\/v3\/wp-content\/uploads\/2025\/12\/logo.png","width":152,"height":33,"caption":"Grankera"},"image":{"@id":"https:\/\/grankera.com.br\/v3\/#\/schema\/logo\/image\/"},"sameAs":["https:\/\/www.facebook.com\/grankera.oficial","https:\/\/www.instagram.com\/grankera.oficial"]}]}},"_links":{"self":[{"href":"https:\/\/grankera.com.br\/v3\/wp-json\/wp\/v2\/product\/5819","targetHints":{"allow":["GET"]}}],"collection":[{"href":"https:\/\/grankera.com.br\/v3\/wp-json\/wp\/v2\/product"}],"about":[{"href":"https:\/\/grankera.com.br\/v3\/wp-json\/wp\/v2\/types\/product"}],"replies":[{"embeddable":true,"href":"https:\/\/grankera.com.br\/v3\/wp-json\/wp\/v2\/comments?post=5819"}],"wp:featuredmedia":[{"embeddable":true,"href":"https:\/\/grankera.com.br\/v3\/wp-json\/wp\/v2\/media\/6020"}],"wp:attachment":[{"href":"https:\/\/grankera.com.br\/v3\/wp-json\/wp\/v2\/media?parent=5819"}],"wp:term":[{"taxonomy":"product_brand","embeddable":true,"href":"https:\/\/grankera.com.br\/v3\/wp-json\/wp\/v2\/product_brand?post=5819"},{"taxonomy":"product_cat","embeddable":true,"href":"https:\/\/grankera.com.br\/v3\/wp-json\/wp\/v2\/product_cat?post=5819"},{"taxonomy":"product_tag","embeddable":true,"href":"https:\/\/grankera.com.br\/v3\/wp-json\/wp\/v2\/product_tag?post=5819"}],"curies":[{"name":"wp","href":"https:\/\/api.w.org\/{rel}","templated":true}]}}