{"id":5826,"date":"2022-02-09T15:33:51","date_gmt":"2022-02-09T18:33:51","guid":{"rendered":"http:\/\/&#038;p=5826"},"modified":"2025-12-03T10:03:39","modified_gmt":"2025-12-03T13:03:39","slug":"ouro-indiano-fluido-finalizador-termoativado","status":"publish","type":"product","link":"https:\/\/grankera.com.br\/v3\/produto\/ouro-indiano-fluido-finalizador-termoativado\/","title":{"rendered":"Ouro Indiano Flu\u00eddo Finalizador Termoativado"},"content":{"rendered":"<p><strong>FLUIDO FINALIZADOR \u2013 REPOSITOR DE MASSA CAPILAR<\/strong><\/p>\n<p>Age na reposi\u00e7\u00e3o da massa capilar promovendo hidrata\u00e7\u00e3o com a a\u00e7\u00e3o reparadora. Possui em sua formula\u00e7\u00e3o Fitoqueratina, a queratina vegetal que recupera os fios deixando-os com mais for\u00e7a, hidrata\u00e7\u00e3o e brilho, sem deix\u00e1-los pesados. O extrato de Aloe Vera nutri profundamente e estimula seu crescimento e D-Pantenol hidrata e deixa os cabelos macios, sem frizz e pontas duplas.<\/p>\n<p><strong>ATIVOS<\/strong><\/p>\n<p><em><strong>FITOQUERATINA (QUERATINA VEGETAL) &#8211;<\/strong><\/em> \u00c9 muito parecida com a queratina natural presente no cabelo. Sua composi\u00e7\u00e3o com prote\u00ednas hidrolisadas extra\u00eddas do arroz, trigo, milho, soja e algas, penetram facilmente nos fios e recuperam rapidamente as cut\u00edculas danificadas. Seu baixo peso molecular, pode ser sol\u00favel em \u00e1gua e n\u00e3o pesa o cabelo. A Queratina Vegetal tem a fun\u00e7\u00e3o de recuperar os fios, trazendo mais for\u00e7a, hidrata\u00e7\u00e3o e brilho.<\/p>\n<p><strong><em>ALOE VERA &#8211;<\/em><\/strong> Esta Planta \u00e9 nutritiva, hidratante, regeneradora, calmante e cicatrizante. \u00c9 considerada uma das melhores fontes naturais para manter um cabelo saud\u00e1vel, j\u00e1 que ao nutrir profundamente os fol\u00edculos pilosos, ativa os mecanismos que geram o cabelo. Estimula seu crescimento, det\u00e9m sua queda e faz com que fique forte e bonito.<\/p>\n<p><em><strong>D-PANTENOL &#8211; <\/strong><\/em>\u00c9 uma vitamina chamada pr\u00f3-vitamina B5. Ele est\u00e1 presente na pele, nos cabelos e \u00e9 essencial para a sa\u00fade, cicatriza\u00e7\u00e3o e maciez dos fios e epiderme. Por conta disso, produtos com D-pantenol hidratam, tem a\u00e7\u00f5es anti-inflamat\u00f3rias e deixam os cabelos macios, sem frizz e pontas duplas.<\/p>\n<p><strong>MODO DE USAR:<\/strong> Aplique sobre os cabelos limpos e \u00famidos em seguida finalize com secador e chapinha.<\/p>\n","protected":false},"excerpt":{"rendered":"<p>Age na reposi\u00e7\u00e3o da massa capilar promovendo hidrata\u00e7\u00e3o com a a\u00e7\u00e3o reparadora e anti frizz.<\/p>\n","protected":false},"featured_media":12353,"comment_status":"open","ping_status":"closed","template":"","meta":[],"product_brand":[],"product_cat":[17],"product_tag":[],"class_list":{"0":"post-5826","1":"product","2":"type-product","3":"status-publish","4":"has-post-thumbnail","6":"product_cat-ouro-indiano","8":"first","9":"instock","10":"shipping-taxable","11":"purchasable","12":"product-type-simple"},"yoast_head":"<!-- This site is optimized with the Yoast SEO plugin v26.6 - https:\/\/yoast.com\/wordpress\/plugins\/seo\/ -->\n<title>Ouro Indiano Flu\u00eddo Finalizador Termoativado - Grankera<\/title>\n<meta name=\"robots\" content=\"noindex, follow, max-snippet:-1, max-image-preview:large, max-video-preview:-1\" \/>\n<meta property=\"og:locale\" content=\"pt_BR\" \/>\n<meta property=\"og:type\" content=\"article\" \/>\n<meta property=\"og:title\" content=\"Ouro Indiano Flu\u00eddo Finalizador Termoativado - Grankera\" \/>\n<meta property=\"og:description\" content=\"Age na reposi\u00e7\u00e3o da massa capilar promovendo hidrata\u00e7\u00e3o com a a\u00e7\u00e3o reparadora e anti frizz.\" \/>\n<meta property=\"og:url\" content=\"https:\/\/grankera.com.br\/v3\/produto\/ouro-indiano-fluido-finalizador-termoativado\/\" \/>\n<meta property=\"og:site_name\" content=\"Grankera\" \/>\n<meta property=\"article:publisher\" content=\"https:\/\/www.facebook.com\/grankera.oficial\" \/>\n<meta property=\"article:modified_time\" content=\"2025-12-03T13:03:39+00:00\" \/>\n<meta property=\"og:image\" content=\"https:\/\/grankera.com.br\/v3\/wp-content\/uploads\/2022\/02\/Ouro-Indiano-Fluido-120ml.png\" \/>\n\t<meta property=\"og:image:width\" content=\"1000\" \/>\n\t<meta property=\"og:image:height\" content=\"1000\" \/>\n\t<meta property=\"og:image:type\" content=\"image\/png\" \/>\n<meta name=\"twitter:card\" content=\"summary_large_image\" \/>\n<meta name=\"twitter:label1\" content=\"Est. tempo de leitura\" \/>\n\t<meta name=\"twitter:data1\" content=\"2 minutos\" \/>\n<script type=\"application\/ld+json\" class=\"yoast-schema-graph\">{\"@context\":\"https:\/\/schema.org\",\"@graph\":[{\"@type\":\"WebPage\",\"@id\":\"https:\/\/grankera.com.br\/v3\/produto\/ouro-indiano-fluido-finalizador-termoativado\/\",\"url\":\"https:\/\/grankera.com.br\/v3\/produto\/ouro-indiano-fluido-finalizador-termoativado\/\",\"name\":\"Ouro Indiano Flu\u00eddo Finalizador Termoativado - Grankera\",\"isPartOf\":{\"@id\":\"https:\/\/grankera.com.br\/v3\/#website\"},\"primaryImageOfPage\":{\"@id\":\"https:\/\/grankera.com.br\/v3\/produto\/ouro-indiano-fluido-finalizador-termoativado\/#primaryimage\"},\"image\":{\"@id\":\"https:\/\/grankera.com.br\/v3\/produto\/ouro-indiano-fluido-finalizador-termoativado\/#primaryimage\"},\"thumbnailUrl\":\"https:\/\/grankera.com.br\/v3\/wp-content\/uploads\/2022\/02\/Ouro-Indiano-Fluido-120ml.png\",\"datePublished\":\"2022-02-09T18:33:51+00:00\",\"dateModified\":\"2025-12-03T13:03:39+00:00\",\"breadcrumb\":{\"@id\":\"https:\/\/grankera.com.br\/v3\/produto\/ouro-indiano-fluido-finalizador-termoativado\/#breadcrumb\"},\"inLanguage\":\"pt-BR\",\"potentialAction\":[{\"@type\":\"ReadAction\",\"target\":[\"https:\/\/grankera.com.br\/v3\/produto\/ouro-indiano-fluido-finalizador-termoativado\/\"]}]},{\"@type\":\"ImageObject\",\"inLanguage\":\"pt-BR\",\"@id\":\"https:\/\/grankera.com.br\/v3\/produto\/ouro-indiano-fluido-finalizador-termoativado\/#primaryimage\",\"url\":\"https:\/\/grankera.com.br\/v3\/wp-content\/uploads\/2022\/02\/Ouro-Indiano-Fluido-120ml.png\",\"contentUrl\":\"https:\/\/grankera.com.br\/v3\/wp-content\/uploads\/2022\/02\/Ouro-Indiano-Fluido-120ml.png\",\"width\":1000,\"height\":1000},{\"@type\":\"BreadcrumbList\",\"@id\":\"https:\/\/grankera.com.br\/v3\/produto\/ouro-indiano-fluido-finalizador-termoativado\/#breadcrumb\",\"itemListElement\":[{\"@type\":\"ListItem\",\"position\":1,\"name\":\"In\u00edcio\",\"item\":\"https:\/\/grankera.com.br\/v3\/\"},{\"@type\":\"ListItem\",\"position\":2,\"name\":\"Loja\",\"item\":\"https:\/\/grankera.com.br\/v3\/loja\/\"},{\"@type\":\"ListItem\",\"position\":3,\"name\":\"Ouro Indiano Flu\u00eddo Finalizador Termoativado\"}]},{\"@type\":\"WebSite\",\"@id\":\"https:\/\/grankera.com.br\/v3\/#website\",\"url\":\"https:\/\/grankera.com.br\/v3\/\",\"name\":\"Grankera\",\"description\":\"\",\"publisher\":{\"@id\":\"https:\/\/grankera.com.br\/v3\/#organization\"},\"potentialAction\":[{\"@type\":\"SearchAction\",\"target\":{\"@type\":\"EntryPoint\",\"urlTemplate\":\"https:\/\/grankera.com.br\/v3\/?s={search_term_string}\"},\"query-input\":{\"@type\":\"PropertyValueSpecification\",\"valueRequired\":true,\"valueName\":\"search_term_string\"}}],\"inLanguage\":\"pt-BR\"},{\"@type\":\"Organization\",\"@id\":\"https:\/\/grankera.com.br\/v3\/#organization\",\"name\":\"Grankera\",\"url\":\"https:\/\/grankera.com.br\/v3\/\",\"logo\":{\"@type\":\"ImageObject\",\"inLanguage\":\"pt-BR\",\"@id\":\"https:\/\/grankera.com.br\/v3\/#\/schema\/logo\/image\/\",\"url\":\"https:\/\/grankera.com.br\/v3\/wp-content\/uploads\/2025\/12\/logo.png\",\"contentUrl\":\"https:\/\/grankera.com.br\/v3\/wp-content\/uploads\/2025\/12\/logo.png\",\"width\":152,\"height\":33,\"caption\":\"Grankera\"},\"image\":{\"@id\":\"https:\/\/grankera.com.br\/v3\/#\/schema\/logo\/image\/\"},\"sameAs\":[\"https:\/\/www.facebook.com\/grankera.oficial\",\"https:\/\/www.instagram.com\/grankera.oficial\"]}]}<\/script>\n<!-- \/ Yoast SEO plugin. -->","yoast_head_json":{"title":"Ouro Indiano Flu\u00eddo Finalizador Termoativado - Grankera","robots":{"index":"noindex","follow":"follow","max-snippet":"max-snippet:-1","max-image-preview":"max-image-preview:large","max-video-preview":"max-video-preview:-1"},"og_locale":"pt_BR","og_type":"article","og_title":"Ouro Indiano Flu\u00eddo Finalizador Termoativado - Grankera","og_description":"Age na reposi\u00e7\u00e3o da massa capilar promovendo hidrata\u00e7\u00e3o com a a\u00e7\u00e3o reparadora e anti frizz.","og_url":"https:\/\/grankera.com.br\/v3\/produto\/ouro-indiano-fluido-finalizador-termoativado\/","og_site_name":"Grankera","article_publisher":"https:\/\/www.facebook.com\/grankera.oficial","article_modified_time":"2025-12-03T13:03:39+00:00","og_image":[{"width":1000,"height":1000,"url":"https:\/\/grankera.com.br\/v3\/wp-content\/uploads\/2022\/02\/Ouro-Indiano-Fluido-120ml.png","type":"image\/png"}],"twitter_card":"summary_large_image","twitter_misc":{"Est. tempo de leitura":"2 minutos"},"schema":{"@context":"https:\/\/schema.org","@graph":[{"@type":"WebPage","@id":"https:\/\/grankera.com.br\/v3\/produto\/ouro-indiano-fluido-finalizador-termoativado\/","url":"https:\/\/grankera.com.br\/v3\/produto\/ouro-indiano-fluido-finalizador-termoativado\/","name":"Ouro Indiano Flu\u00eddo Finalizador Termoativado - Grankera","isPartOf":{"@id":"https:\/\/grankera.com.br\/v3\/#website"},"primaryImageOfPage":{"@id":"https:\/\/grankera.com.br\/v3\/produto\/ouro-indiano-fluido-finalizador-termoativado\/#primaryimage"},"image":{"@id":"https:\/\/grankera.com.br\/v3\/produto\/ouro-indiano-fluido-finalizador-termoativado\/#primaryimage"},"thumbnailUrl":"https:\/\/grankera.com.br\/v3\/wp-content\/uploads\/2022\/02\/Ouro-Indiano-Fluido-120ml.png","datePublished":"2022-02-09T18:33:51+00:00","dateModified":"2025-12-03T13:03:39+00:00","breadcrumb":{"@id":"https:\/\/grankera.com.br\/v3\/produto\/ouro-indiano-fluido-finalizador-termoativado\/#breadcrumb"},"inLanguage":"pt-BR","potentialAction":[{"@type":"ReadAction","target":["https:\/\/grankera.com.br\/v3\/produto\/ouro-indiano-fluido-finalizador-termoativado\/"]}]},{"@type":"ImageObject","inLanguage":"pt-BR","@id":"https:\/\/grankera.com.br\/v3\/produto\/ouro-indiano-fluido-finalizador-termoativado\/#primaryimage","url":"https:\/\/grankera.com.br\/v3\/wp-content\/uploads\/2022\/02\/Ouro-Indiano-Fluido-120ml.png","contentUrl":"https:\/\/grankera.com.br\/v3\/wp-content\/uploads\/2022\/02\/Ouro-Indiano-Fluido-120ml.png","width":1000,"height":1000},{"@type":"BreadcrumbList","@id":"https:\/\/grankera.com.br\/v3\/produto\/ouro-indiano-fluido-finalizador-termoativado\/#breadcrumb","itemListElement":[{"@type":"ListItem","position":1,"name":"In\u00edcio","item":"https:\/\/grankera.com.br\/v3\/"},{"@type":"ListItem","position":2,"name":"Loja","item":"https:\/\/grankera.com.br\/v3\/loja\/"},{"@type":"ListItem","position":3,"name":"Ouro Indiano Flu\u00eddo Finalizador Termoativado"}]},{"@type":"WebSite","@id":"https:\/\/grankera.com.br\/v3\/#website","url":"https:\/\/grankera.com.br\/v3\/","name":"Grankera","description":"","publisher":{"@id":"https:\/\/grankera.com.br\/v3\/#organization"},"potentialAction":[{"@type":"SearchAction","target":{"@type":"EntryPoint","urlTemplate":"https:\/\/grankera.com.br\/v3\/?s={search_term_string}"},"query-input":{"@type":"PropertyValueSpecification","valueRequired":true,"valueName":"search_term_string"}}],"inLanguage":"pt-BR"},{"@type":"Organization","@id":"https:\/\/grankera.com.br\/v3\/#organization","name":"Grankera","url":"https:\/\/grankera.com.br\/v3\/","logo":{"@type":"ImageObject","inLanguage":"pt-BR","@id":"https:\/\/grankera.com.br\/v3\/#\/schema\/logo\/image\/","url":"https:\/\/grankera.com.br\/v3\/wp-content\/uploads\/2025\/12\/logo.png","contentUrl":"https:\/\/grankera.com.br\/v3\/wp-content\/uploads\/2025\/12\/logo.png","width":152,"height":33,"caption":"Grankera"},"image":{"@id":"https:\/\/grankera.com.br\/v3\/#\/schema\/logo\/image\/"},"sameAs":["https:\/\/www.facebook.com\/grankera.oficial","https:\/\/www.instagram.com\/grankera.oficial"]}]}},"_links":{"self":[{"href":"https:\/\/grankera.com.br\/v3\/wp-json\/wp\/v2\/product\/5826","targetHints":{"allow":["GET"]}}],"collection":[{"href":"https:\/\/grankera.com.br\/v3\/wp-json\/wp\/v2\/product"}],"about":[{"href":"https:\/\/grankera.com.br\/v3\/wp-json\/wp\/v2\/types\/product"}],"replies":[{"embeddable":true,"href":"https:\/\/grankera.com.br\/v3\/wp-json\/wp\/v2\/comments?post=5826"}],"wp:featuredmedia":[{"embeddable":true,"href":"https:\/\/grankera.com.br\/v3\/wp-json\/wp\/v2\/media\/12353"}],"wp:attachment":[{"href":"https:\/\/grankera.com.br\/v3\/wp-json\/wp\/v2\/media?parent=5826"}],"wp:term":[{"taxonomy":"product_brand","embeddable":true,"href":"https:\/\/grankera.com.br\/v3\/wp-json\/wp\/v2\/product_brand?post=5826"},{"taxonomy":"product_cat","embeddable":true,"href":"https:\/\/grankera.com.br\/v3\/wp-json\/wp\/v2\/product_cat?post=5826"},{"taxonomy":"product_tag","embeddable":true,"href":"https:\/\/grankera.com.br\/v3\/wp-json\/wp\/v2\/product_tag?post=5826"}],"curies":[{"name":"wp","href":"https:\/\/api.w.org\/{rel}","templated":true}]}}