{"id":5840,"date":"2022-02-09T15:34:14","date_gmt":"2022-02-09T18:34:14","guid":{"rendered":"http:\/\/&#038;p=5840"},"modified":"2025-11-27T13:54:29","modified_gmt":"2025-11-27T16:54:29","slug":"shampoo-i-love-cachos-500ml","status":"publish","type":"product","link":"https:\/\/grankera.com.br\/v3\/produto\/shampoo-i-love-cachos-500ml\/","title":{"rendered":"Shampoo I Love Cachos 500ml"},"content":{"rendered":"<p>Lava suavemente o cabelo e elimina os res\u00edduos mais pesados do dia a dia. Sua f\u00f3rmula conta com ingredientes que oferecem revitaliza\u00e7\u00e3o, brilho e nutri\u00e7\u00e3o aos fios e promovem a limpeza sem ressecar.<\/p>\n<p><strong>ATIVOS<\/strong><\/p>\n<p><em><strong>PLANTICOL:<\/strong><\/em> Rico em gomas, amino\u00e1cidos e prote\u00ednas de alto peso molecular. Agente hidratante e nutritivo, atua no controle dos cachos e redu\u00e7\u00e3o do frizz.<\/p>\n<p><em><strong>BLAND DE VITAMINAS:<\/strong><\/em> \u00c9 a combina\u00e7\u00e3o de vitaminas do complexo B que auxiliam no fortalecimento e crescimento saud\u00e1vel dos fios e vitamina E, antioxidante que neutraliza os radicais livres que podem causar danos ao couro cabeludo e ao cabelo, equilibra o pH e protege o cabelo dos danos causados pelos raios UV.<\/p>\n<p><strong>MODO DE USAR:<\/strong><\/p>\n<p>Molhe os fios, aplique o Shampoo I LOVE CACHOS e massageie suavemente at\u00e9 a forma\u00e7\u00e3o de espuma. Enx\u00e1gue e repita a aplica\u00e7\u00e3o se necess\u00e1rio.<\/p>\n","protected":false},"excerpt":{"rendered":"<p>Revitaliza e limpa suavemente sem ressecar.<\/p>\n","protected":false},"featured_media":6455,"comment_status":"open","ping_status":"closed","template":"","meta":[],"product_brand":[],"product_cat":[24],"product_tag":[],"class_list":{"0":"post-5840","1":"product","2":"type-product","3":"status-publish","4":"has-post-thumbnail","6":"product_cat-i-love-cachos","8":"first","9":"instock","10":"shipping-taxable","11":"purchasable","12":"product-type-simple"},"yoast_head":"<!-- This site is optimized with the Yoast SEO plugin v26.6 - https:\/\/yoast.com\/wordpress\/plugins\/seo\/ -->\n<title>Shampoo I Love Cachos 500ml - Grankera<\/title>\n<meta name=\"description\" content=\"Lava suavemente o cabelo e elimina os res\u00edduos mais pesados do dia a dia. Sua f\u00f3rmula conta com ingredientes que oferecem revitaliza\u00e7\u00e3o, brilho e nutri\u00e7\u00e3o aos fios e promovem a limpeza sem ressecar.\" \/>\n<meta name=\"robots\" content=\"noindex, follow, max-snippet:-1, max-image-preview:large, max-video-preview:-1\" \/>\n<meta property=\"og:locale\" content=\"pt_BR\" \/>\n<meta property=\"og:type\" content=\"article\" \/>\n<meta property=\"og:title\" content=\"Shampoo I Love Cachos 500ml - Grankera\" \/>\n<meta property=\"og:description\" content=\"Lava suavemente o cabelo e elimina os res\u00edduos mais pesados do dia a dia. Sua f\u00f3rmula conta com ingredientes que oferecem revitaliza\u00e7\u00e3o, brilho e nutri\u00e7\u00e3o aos fios e promovem a limpeza sem ressecar.\" \/>\n<meta property=\"og:url\" content=\"https:\/\/grankera.com.br\/v3\/produto\/shampoo-i-love-cachos-500ml\/\" \/>\n<meta property=\"og:site_name\" content=\"Grankera\" \/>\n<meta property=\"article:publisher\" content=\"https:\/\/www.facebook.com\/grankera.oficial\" \/>\n<meta property=\"article:modified_time\" content=\"2025-11-27T16:54:29+00:00\" \/>\n<meta property=\"og:image\" content=\"https:\/\/grankera.com.br\/v3\/wp-content\/uploads\/2022\/02\/i-love-cachos-shampoo.webp\" \/>\n\t<meta property=\"og:image:width\" content=\"1080\" \/>\n\t<meta property=\"og:image:height\" content=\"1080\" \/>\n\t<meta property=\"og:image:type\" content=\"image\/webp\" \/>\n<meta name=\"twitter:card\" content=\"summary_large_image\" \/>\n<meta name=\"twitter:label1\" content=\"Est. tempo de leitura\" \/>\n\t<meta name=\"twitter:data1\" content=\"1 minuto\" \/>\n<script type=\"application\/ld+json\" class=\"yoast-schema-graph\">{\"@context\":\"https:\/\/schema.org\",\"@graph\":[{\"@type\":\"WebPage\",\"@id\":\"https:\/\/grankera.com.br\/v3\/produto\/shampoo-i-love-cachos-500ml\/\",\"url\":\"https:\/\/grankera.com.br\/v3\/produto\/shampoo-i-love-cachos-500ml\/\",\"name\":\"Shampoo I Love Cachos 500ml - Grankera\",\"isPartOf\":{\"@id\":\"https:\/\/grankera.com.br\/v3\/#website\"},\"primaryImageOfPage\":{\"@id\":\"https:\/\/grankera.com.br\/v3\/produto\/shampoo-i-love-cachos-500ml\/#primaryimage\"},\"image\":{\"@id\":\"https:\/\/grankera.com.br\/v3\/produto\/shampoo-i-love-cachos-500ml\/#primaryimage\"},\"thumbnailUrl\":\"https:\/\/grankera.com.br\/v3\/wp-content\/uploads\/2022\/02\/i-love-cachos-shampoo.webp\",\"datePublished\":\"2022-02-09T18:34:14+00:00\",\"dateModified\":\"2025-11-27T16:54:29+00:00\",\"description\":\"Lava suavemente o cabelo e elimina os res\u00edduos mais pesados do dia a dia. Sua f\u00f3rmula conta com ingredientes que oferecem revitaliza\u00e7\u00e3o, brilho e nutri\u00e7\u00e3o aos fios e promovem a limpeza sem ressecar.\",\"breadcrumb\":{\"@id\":\"https:\/\/grankera.com.br\/v3\/produto\/shampoo-i-love-cachos-500ml\/#breadcrumb\"},\"inLanguage\":\"pt-BR\",\"potentialAction\":[{\"@type\":\"ReadAction\",\"target\":[\"https:\/\/grankera.com.br\/v3\/produto\/shampoo-i-love-cachos-500ml\/\"]}]},{\"@type\":\"ImageObject\",\"inLanguage\":\"pt-BR\",\"@id\":\"https:\/\/grankera.com.br\/v3\/produto\/shampoo-i-love-cachos-500ml\/#primaryimage\",\"url\":\"https:\/\/grankera.com.br\/v3\/wp-content\/uploads\/2022\/02\/i-love-cachos-shampoo.webp\",\"contentUrl\":\"https:\/\/grankera.com.br\/v3\/wp-content\/uploads\/2022\/02\/i-love-cachos-shampoo.webp\",\"width\":1080,\"height\":1080},{\"@type\":\"BreadcrumbList\",\"@id\":\"https:\/\/grankera.com.br\/v3\/produto\/shampoo-i-love-cachos-500ml\/#breadcrumb\",\"itemListElement\":[{\"@type\":\"ListItem\",\"position\":1,\"name\":\"In\u00edcio\",\"item\":\"https:\/\/grankera.com.br\/v3\/\"},{\"@type\":\"ListItem\",\"position\":2,\"name\":\"Loja\",\"item\":\"https:\/\/grankera.com.br\/v3\/loja\/\"},{\"@type\":\"ListItem\",\"position\":3,\"name\":\"Shampoo I Love Cachos 500ml\"}]},{\"@type\":\"WebSite\",\"@id\":\"https:\/\/grankera.com.br\/v3\/#website\",\"url\":\"https:\/\/grankera.com.br\/v3\/\",\"name\":\"Grankera\",\"description\":\"\",\"publisher\":{\"@id\":\"https:\/\/grankera.com.br\/v3\/#organization\"},\"potentialAction\":[{\"@type\":\"SearchAction\",\"target\":{\"@type\":\"EntryPoint\",\"urlTemplate\":\"https:\/\/grankera.com.br\/v3\/?s={search_term_string}\"},\"query-input\":{\"@type\":\"PropertyValueSpecification\",\"valueRequired\":true,\"valueName\":\"search_term_string\"}}],\"inLanguage\":\"pt-BR\"},{\"@type\":\"Organization\",\"@id\":\"https:\/\/grankera.com.br\/v3\/#organization\",\"name\":\"Grankera\",\"url\":\"https:\/\/grankera.com.br\/v3\/\",\"logo\":{\"@type\":\"ImageObject\",\"inLanguage\":\"pt-BR\",\"@id\":\"https:\/\/grankera.com.br\/v3\/#\/schema\/logo\/image\/\",\"url\":\"https:\/\/grankera.com.br\/v3\/wp-content\/uploads\/2025\/12\/logo.png\",\"contentUrl\":\"https:\/\/grankera.com.br\/v3\/wp-content\/uploads\/2025\/12\/logo.png\",\"width\":152,\"height\":33,\"caption\":\"Grankera\"},\"image\":{\"@id\":\"https:\/\/grankera.com.br\/v3\/#\/schema\/logo\/image\/\"},\"sameAs\":[\"https:\/\/www.facebook.com\/grankera.oficial\",\"https:\/\/www.instagram.com\/grankera.oficial\"]}]}<\/script>\n<!-- \/ Yoast SEO plugin. -->","yoast_head_json":{"title":"Shampoo I Love Cachos 500ml - Grankera","description":"Lava suavemente o cabelo e elimina os res\u00edduos mais pesados do dia a dia. Sua f\u00f3rmula conta com ingredientes que oferecem revitaliza\u00e7\u00e3o, brilho e nutri\u00e7\u00e3o aos fios e promovem a limpeza sem ressecar.","robots":{"index":"noindex","follow":"follow","max-snippet":"max-snippet:-1","max-image-preview":"max-image-preview:large","max-video-preview":"max-video-preview:-1"},"og_locale":"pt_BR","og_type":"article","og_title":"Shampoo I Love Cachos 500ml - Grankera","og_description":"Lava suavemente o cabelo e elimina os res\u00edduos mais pesados do dia a dia. Sua f\u00f3rmula conta com ingredientes que oferecem revitaliza\u00e7\u00e3o, brilho e nutri\u00e7\u00e3o aos fios e promovem a limpeza sem ressecar.","og_url":"https:\/\/grankera.com.br\/v3\/produto\/shampoo-i-love-cachos-500ml\/","og_site_name":"Grankera","article_publisher":"https:\/\/www.facebook.com\/grankera.oficial","article_modified_time":"2025-11-27T16:54:29+00:00","og_image":[{"width":1080,"height":1080,"url":"https:\/\/grankera.com.br\/v3\/wp-content\/uploads\/2022\/02\/i-love-cachos-shampoo.webp","type":"image\/webp"}],"twitter_card":"summary_large_image","twitter_misc":{"Est. tempo de leitura":"1 minuto"},"schema":{"@context":"https:\/\/schema.org","@graph":[{"@type":"WebPage","@id":"https:\/\/grankera.com.br\/v3\/produto\/shampoo-i-love-cachos-500ml\/","url":"https:\/\/grankera.com.br\/v3\/produto\/shampoo-i-love-cachos-500ml\/","name":"Shampoo I Love Cachos 500ml - Grankera","isPartOf":{"@id":"https:\/\/grankera.com.br\/v3\/#website"},"primaryImageOfPage":{"@id":"https:\/\/grankera.com.br\/v3\/produto\/shampoo-i-love-cachos-500ml\/#primaryimage"},"image":{"@id":"https:\/\/grankera.com.br\/v3\/produto\/shampoo-i-love-cachos-500ml\/#primaryimage"},"thumbnailUrl":"https:\/\/grankera.com.br\/v3\/wp-content\/uploads\/2022\/02\/i-love-cachos-shampoo.webp","datePublished":"2022-02-09T18:34:14+00:00","dateModified":"2025-11-27T16:54:29+00:00","description":"Lava suavemente o cabelo e elimina os res\u00edduos mais pesados do dia a dia. Sua f\u00f3rmula conta com ingredientes que oferecem revitaliza\u00e7\u00e3o, brilho e nutri\u00e7\u00e3o aos fios e promovem a limpeza sem ressecar.","breadcrumb":{"@id":"https:\/\/grankera.com.br\/v3\/produto\/shampoo-i-love-cachos-500ml\/#breadcrumb"},"inLanguage":"pt-BR","potentialAction":[{"@type":"ReadAction","target":["https:\/\/grankera.com.br\/v3\/produto\/shampoo-i-love-cachos-500ml\/"]}]},{"@type":"ImageObject","inLanguage":"pt-BR","@id":"https:\/\/grankera.com.br\/v3\/produto\/shampoo-i-love-cachos-500ml\/#primaryimage","url":"https:\/\/grankera.com.br\/v3\/wp-content\/uploads\/2022\/02\/i-love-cachos-shampoo.webp","contentUrl":"https:\/\/grankera.com.br\/v3\/wp-content\/uploads\/2022\/02\/i-love-cachos-shampoo.webp","width":1080,"height":1080},{"@type":"BreadcrumbList","@id":"https:\/\/grankera.com.br\/v3\/produto\/shampoo-i-love-cachos-500ml\/#breadcrumb","itemListElement":[{"@type":"ListItem","position":1,"name":"In\u00edcio","item":"https:\/\/grankera.com.br\/v3\/"},{"@type":"ListItem","position":2,"name":"Loja","item":"https:\/\/grankera.com.br\/v3\/loja\/"},{"@type":"ListItem","position":3,"name":"Shampoo I Love Cachos 500ml"}]},{"@type":"WebSite","@id":"https:\/\/grankera.com.br\/v3\/#website","url":"https:\/\/grankera.com.br\/v3\/","name":"Grankera","description":"","publisher":{"@id":"https:\/\/grankera.com.br\/v3\/#organization"},"potentialAction":[{"@type":"SearchAction","target":{"@type":"EntryPoint","urlTemplate":"https:\/\/grankera.com.br\/v3\/?s={search_term_string}"},"query-input":{"@type":"PropertyValueSpecification","valueRequired":true,"valueName":"search_term_string"}}],"inLanguage":"pt-BR"},{"@type":"Organization","@id":"https:\/\/grankera.com.br\/v3\/#organization","name":"Grankera","url":"https:\/\/grankera.com.br\/v3\/","logo":{"@type":"ImageObject","inLanguage":"pt-BR","@id":"https:\/\/grankera.com.br\/v3\/#\/schema\/logo\/image\/","url":"https:\/\/grankera.com.br\/v3\/wp-content\/uploads\/2025\/12\/logo.png","contentUrl":"https:\/\/grankera.com.br\/v3\/wp-content\/uploads\/2025\/12\/logo.png","width":152,"height":33,"caption":"Grankera"},"image":{"@id":"https:\/\/grankera.com.br\/v3\/#\/schema\/logo\/image\/"},"sameAs":["https:\/\/www.facebook.com\/grankera.oficial","https:\/\/www.instagram.com\/grankera.oficial"]}]}},"_links":{"self":[{"href":"https:\/\/grankera.com.br\/v3\/wp-json\/wp\/v2\/product\/5840","targetHints":{"allow":["GET"]}}],"collection":[{"href":"https:\/\/grankera.com.br\/v3\/wp-json\/wp\/v2\/product"}],"about":[{"href":"https:\/\/grankera.com.br\/v3\/wp-json\/wp\/v2\/types\/product"}],"replies":[{"embeddable":true,"href":"https:\/\/grankera.com.br\/v3\/wp-json\/wp\/v2\/comments?post=5840"}],"wp:featuredmedia":[{"embeddable":true,"href":"https:\/\/grankera.com.br\/v3\/wp-json\/wp\/v2\/media\/6455"}],"wp:attachment":[{"href":"https:\/\/grankera.com.br\/v3\/wp-json\/wp\/v2\/media?parent=5840"}],"wp:term":[{"taxonomy":"product_brand","embeddable":true,"href":"https:\/\/grankera.com.br\/v3\/wp-json\/wp\/v2\/product_brand?post=5840"},{"taxonomy":"product_cat","embeddable":true,"href":"https:\/\/grankera.com.br\/v3\/wp-json\/wp\/v2\/product_cat?post=5840"},{"taxonomy":"product_tag","embeddable":true,"href":"https:\/\/grankera.com.br\/v3\/wp-json\/wp\/v2\/product_tag?post=5840"}],"curies":[{"name":"wp","href":"https:\/\/api.w.org\/{rel}","templated":true}]}}