{"id":5842,"date":"2022-02-09T15:34:14","date_gmt":"2022-02-09T18:34:14","guid":{"rendered":"http:\/\/&#038;p=5842"},"modified":"2025-12-03T09:53:44","modified_gmt":"2025-12-03T12:53:44","slug":"i-love-cachos-500ml","status":"publish","type":"product","link":"https:\/\/grankera.com.br\/v3\/produto\/i-love-cachos-500ml\/","title":{"rendered":"Ativador de cachos I LOVE CACHOS 500ml"},"content":{"rendered":"<p>O ativador de cachos Grank\u00e9ra I Love Cachos, foi elaborado para uma excepcional manuten\u00e7\u00e3o de cabelos ondulados e cacheados. Utilizando-se de mat\u00e9rias primas nobres, sua formula\u00e7\u00e3o traz a combina\u00e7\u00e3o de Planticol e \u00d3leo de Coco. Planticol \u00e9 um agente hidratante rico em amino\u00e1cidos e prote\u00ednas que atuam no controle dos cachos e redu\u00e7\u00e3o do frizz. O \u00d3leo de Coco \u00e9 vegetal rico em vitamina E, que proporciona brilho, maciez e prote\u00e7\u00e3o para os fios, fazendo com que eles fiquem ainda mais fortes. O resultado dessa combina\u00e7\u00e3o, s\u00e3o cachos definidos com selamento perfeito das cut\u00edculas, maleabilidade, balan\u00e7o e brilho intenso.<\/p>\n<p><strong>ATIVOS<\/strong><\/p>\n<p><em><strong>PLANTICOL:<\/strong><\/em> Concentrado de Ac\u00e1cia senegal. Rico em gomas, amino\u00e1cidos e prote\u00ednas de alto peso molecular. Agente hidratante e film\u00f3geno, atua no controle dos cachos e redu\u00e7\u00e3o do frizz.<\/p>\n<p><em><strong>\u00d3LEO DE COCO:<\/strong><\/em> Indicado para todos os tipos de cabelos, mas quem tem fios cacheados e crespos pode se beneficiar mais com o \u00f3leo de coco. Ele \u00e9 rico em vitaminas e \u00e1cidos graxos, que nutrem profundamente os fios. Al\u00e9m disso, como os cachos costumam ser mais ressecados, o \u00f3leo fortalece e d\u00e1 um brilho incr\u00edvel.<\/p>\n<p><strong>MODO DE USAR:<\/strong> Com os cabelos limpos e \u00famidos aplique o I Love Cachos em toda a extens\u00e3o dos fios desembarace com pente de dentes largos em seguida amasse com as m\u00e3os de baixo para cima, para que fiquem definidos e deixe secar naturalmente.<\/p>\n<p>&nbsp;<\/p>\n","protected":false},"excerpt":{"rendered":"<p>Hidrata e define naturalmente os cachos. Controle, hidrata\u00e7\u00e3o, prote\u00e7\u00e3o e brilho.<\/p>\n","protected":false},"featured_media":6012,"comment_status":"open","ping_status":"closed","template":"","meta":[],"product_brand":[],"product_cat":[24],"product_tag":[],"class_list":{"0":"post-5842","1":"product","2":"type-product","3":"status-publish","4":"has-post-thumbnail","6":"product_cat-i-love-cachos","8":"first","9":"instock","10":"shipping-taxable","11":"purchasable","12":"product-type-simple"},"yoast_head":"<!-- This site is optimized with the Yoast SEO plugin v26.6 - https:\/\/yoast.com\/wordpress\/plugins\/seo\/ -->\n<title>Ativador de cachos I LOVE CACHOS 500ml - Grankera<\/title>\n<meta name=\"description\" content=\"O ativador de cachos Keranza I Love Cachos, foi elaborado para uma excepcional manuten\u00e7\u00e3o de cabelos ondulados e cacheados.\" \/>\n<meta name=\"robots\" content=\"noindex, follow, max-snippet:-1, max-image-preview:large, max-video-preview:-1\" \/>\n<meta property=\"og:locale\" content=\"pt_BR\" \/>\n<meta property=\"og:type\" content=\"article\" \/>\n<meta property=\"og:title\" content=\"Ativador de cachos I LOVE CACHOS 500ml - Grankera\" \/>\n<meta property=\"og:description\" content=\"O ativador de cachos Keranza I Love Cachos, foi elaborado para uma excepcional manuten\u00e7\u00e3o de cabelos ondulados e cacheados.\" \/>\n<meta property=\"og:url\" content=\"https:\/\/grankera.com.br\/v3\/produto\/i-love-cachos-500ml\/\" \/>\n<meta property=\"og:site_name\" content=\"Grankera\" \/>\n<meta property=\"article:publisher\" content=\"https:\/\/www.facebook.com\/grankera.oficial\" \/>\n<meta property=\"article:modified_time\" content=\"2025-12-03T12:53:44+00:00\" \/>\n<meta property=\"og:image\" content=\"https:\/\/grankera.com.br\/v3\/wp-content\/uploads\/2022\/02\/40-i-love-cachos-ativador-de-cachos.png\" \/>\n\t<meta property=\"og:image:width\" content=\"1000\" \/>\n\t<meta property=\"og:image:height\" content=\"1000\" \/>\n\t<meta property=\"og:image:type\" content=\"image\/png\" \/>\n<meta name=\"twitter:card\" content=\"summary_large_image\" \/>\n<meta name=\"twitter:label1\" content=\"Est. tempo de leitura\" \/>\n\t<meta name=\"twitter:data1\" content=\"2 minutos\" \/>\n<script type=\"application\/ld+json\" class=\"yoast-schema-graph\">{\"@context\":\"https:\/\/schema.org\",\"@graph\":[{\"@type\":\"WebPage\",\"@id\":\"https:\/\/grankera.com.br\/v3\/produto\/i-love-cachos-500ml\/\",\"url\":\"https:\/\/grankera.com.br\/v3\/produto\/i-love-cachos-500ml\/\",\"name\":\"Ativador de cachos I LOVE CACHOS 500ml - Grankera\",\"isPartOf\":{\"@id\":\"https:\/\/grankera.com.br\/v3\/#website\"},\"primaryImageOfPage\":{\"@id\":\"https:\/\/grankera.com.br\/v3\/produto\/i-love-cachos-500ml\/#primaryimage\"},\"image\":{\"@id\":\"https:\/\/grankera.com.br\/v3\/produto\/i-love-cachos-500ml\/#primaryimage\"},\"thumbnailUrl\":\"https:\/\/grankera.com.br\/v3\/wp-content\/uploads\/2022\/02\/40-i-love-cachos-ativador-de-cachos.png\",\"datePublished\":\"2022-02-09T18:34:14+00:00\",\"dateModified\":\"2025-12-03T12:53:44+00:00\",\"description\":\"O ativador de cachos Keranza I Love Cachos, foi elaborado para uma excepcional manuten\u00e7\u00e3o de cabelos ondulados e cacheados.\",\"breadcrumb\":{\"@id\":\"https:\/\/grankera.com.br\/v3\/produto\/i-love-cachos-500ml\/#breadcrumb\"},\"inLanguage\":\"pt-BR\",\"potentialAction\":[{\"@type\":\"ReadAction\",\"target\":[\"https:\/\/grankera.com.br\/v3\/produto\/i-love-cachos-500ml\/\"]}]},{\"@type\":\"ImageObject\",\"inLanguage\":\"pt-BR\",\"@id\":\"https:\/\/grankera.com.br\/v3\/produto\/i-love-cachos-500ml\/#primaryimage\",\"url\":\"https:\/\/grankera.com.br\/v3\/wp-content\/uploads\/2022\/02\/40-i-love-cachos-ativador-de-cachos.png\",\"contentUrl\":\"https:\/\/grankera.com.br\/v3\/wp-content\/uploads\/2022\/02\/40-i-love-cachos-ativador-de-cachos.png\",\"width\":1000,\"height\":1000},{\"@type\":\"BreadcrumbList\",\"@id\":\"https:\/\/grankera.com.br\/v3\/produto\/i-love-cachos-500ml\/#breadcrumb\",\"itemListElement\":[{\"@type\":\"ListItem\",\"position\":1,\"name\":\"In\u00edcio\",\"item\":\"https:\/\/grankera.com.br\/v3\/\"},{\"@type\":\"ListItem\",\"position\":2,\"name\":\"Loja\",\"item\":\"https:\/\/grankera.com.br\/v3\/loja\/\"},{\"@type\":\"ListItem\",\"position\":3,\"name\":\"Ativador de cachos I LOVE CACHOS 500ml\"}]},{\"@type\":\"WebSite\",\"@id\":\"https:\/\/grankera.com.br\/v3\/#website\",\"url\":\"https:\/\/grankera.com.br\/v3\/\",\"name\":\"Grankera\",\"description\":\"\",\"publisher\":{\"@id\":\"https:\/\/grankera.com.br\/v3\/#organization\"},\"potentialAction\":[{\"@type\":\"SearchAction\",\"target\":{\"@type\":\"EntryPoint\",\"urlTemplate\":\"https:\/\/grankera.com.br\/v3\/?s={search_term_string}\"},\"query-input\":{\"@type\":\"PropertyValueSpecification\",\"valueRequired\":true,\"valueName\":\"search_term_string\"}}],\"inLanguage\":\"pt-BR\"},{\"@type\":\"Organization\",\"@id\":\"https:\/\/grankera.com.br\/v3\/#organization\",\"name\":\"Grankera\",\"url\":\"https:\/\/grankera.com.br\/v3\/\",\"logo\":{\"@type\":\"ImageObject\",\"inLanguage\":\"pt-BR\",\"@id\":\"https:\/\/grankera.com.br\/v3\/#\/schema\/logo\/image\/\",\"url\":\"https:\/\/grankera.com.br\/v3\/wp-content\/uploads\/2025\/12\/logo.png\",\"contentUrl\":\"https:\/\/grankera.com.br\/v3\/wp-content\/uploads\/2025\/12\/logo.png\",\"width\":152,\"height\":33,\"caption\":\"Grankera\"},\"image\":{\"@id\":\"https:\/\/grankera.com.br\/v3\/#\/schema\/logo\/image\/\"},\"sameAs\":[\"https:\/\/www.facebook.com\/grankera.oficial\",\"https:\/\/www.instagram.com\/grankera.oficial\"]}]}<\/script>\n<!-- \/ Yoast SEO plugin. -->","yoast_head_json":{"title":"Ativador de cachos I LOVE CACHOS 500ml - Grankera","description":"O ativador de cachos Keranza I Love Cachos, foi elaborado para uma excepcional manuten\u00e7\u00e3o de cabelos ondulados e cacheados.","robots":{"index":"noindex","follow":"follow","max-snippet":"max-snippet:-1","max-image-preview":"max-image-preview:large","max-video-preview":"max-video-preview:-1"},"og_locale":"pt_BR","og_type":"article","og_title":"Ativador de cachos I LOVE CACHOS 500ml - Grankera","og_description":"O ativador de cachos Keranza I Love Cachos, foi elaborado para uma excepcional manuten\u00e7\u00e3o de cabelos ondulados e cacheados.","og_url":"https:\/\/grankera.com.br\/v3\/produto\/i-love-cachos-500ml\/","og_site_name":"Grankera","article_publisher":"https:\/\/www.facebook.com\/grankera.oficial","article_modified_time":"2025-12-03T12:53:44+00:00","og_image":[{"width":1000,"height":1000,"url":"https:\/\/grankera.com.br\/v3\/wp-content\/uploads\/2022\/02\/40-i-love-cachos-ativador-de-cachos.png","type":"image\/png"}],"twitter_card":"summary_large_image","twitter_misc":{"Est. tempo de leitura":"2 minutos"},"schema":{"@context":"https:\/\/schema.org","@graph":[{"@type":"WebPage","@id":"https:\/\/grankera.com.br\/v3\/produto\/i-love-cachos-500ml\/","url":"https:\/\/grankera.com.br\/v3\/produto\/i-love-cachos-500ml\/","name":"Ativador de cachos I LOVE CACHOS 500ml - Grankera","isPartOf":{"@id":"https:\/\/grankera.com.br\/v3\/#website"},"primaryImageOfPage":{"@id":"https:\/\/grankera.com.br\/v3\/produto\/i-love-cachos-500ml\/#primaryimage"},"image":{"@id":"https:\/\/grankera.com.br\/v3\/produto\/i-love-cachos-500ml\/#primaryimage"},"thumbnailUrl":"https:\/\/grankera.com.br\/v3\/wp-content\/uploads\/2022\/02\/40-i-love-cachos-ativador-de-cachos.png","datePublished":"2022-02-09T18:34:14+00:00","dateModified":"2025-12-03T12:53:44+00:00","description":"O ativador de cachos Keranza I Love Cachos, foi elaborado para uma excepcional manuten\u00e7\u00e3o de cabelos ondulados e cacheados.","breadcrumb":{"@id":"https:\/\/grankera.com.br\/v3\/produto\/i-love-cachos-500ml\/#breadcrumb"},"inLanguage":"pt-BR","potentialAction":[{"@type":"ReadAction","target":["https:\/\/grankera.com.br\/v3\/produto\/i-love-cachos-500ml\/"]}]},{"@type":"ImageObject","inLanguage":"pt-BR","@id":"https:\/\/grankera.com.br\/v3\/produto\/i-love-cachos-500ml\/#primaryimage","url":"https:\/\/grankera.com.br\/v3\/wp-content\/uploads\/2022\/02\/40-i-love-cachos-ativador-de-cachos.png","contentUrl":"https:\/\/grankera.com.br\/v3\/wp-content\/uploads\/2022\/02\/40-i-love-cachos-ativador-de-cachos.png","width":1000,"height":1000},{"@type":"BreadcrumbList","@id":"https:\/\/grankera.com.br\/v3\/produto\/i-love-cachos-500ml\/#breadcrumb","itemListElement":[{"@type":"ListItem","position":1,"name":"In\u00edcio","item":"https:\/\/grankera.com.br\/v3\/"},{"@type":"ListItem","position":2,"name":"Loja","item":"https:\/\/grankera.com.br\/v3\/loja\/"},{"@type":"ListItem","position":3,"name":"Ativador de cachos I LOVE CACHOS 500ml"}]},{"@type":"WebSite","@id":"https:\/\/grankera.com.br\/v3\/#website","url":"https:\/\/grankera.com.br\/v3\/","name":"Grankera","description":"","publisher":{"@id":"https:\/\/grankera.com.br\/v3\/#organization"},"potentialAction":[{"@type":"SearchAction","target":{"@type":"EntryPoint","urlTemplate":"https:\/\/grankera.com.br\/v3\/?s={search_term_string}"},"query-input":{"@type":"PropertyValueSpecification","valueRequired":true,"valueName":"search_term_string"}}],"inLanguage":"pt-BR"},{"@type":"Organization","@id":"https:\/\/grankera.com.br\/v3\/#organization","name":"Grankera","url":"https:\/\/grankera.com.br\/v3\/","logo":{"@type":"ImageObject","inLanguage":"pt-BR","@id":"https:\/\/grankera.com.br\/v3\/#\/schema\/logo\/image\/","url":"https:\/\/grankera.com.br\/v3\/wp-content\/uploads\/2025\/12\/logo.png","contentUrl":"https:\/\/grankera.com.br\/v3\/wp-content\/uploads\/2025\/12\/logo.png","width":152,"height":33,"caption":"Grankera"},"image":{"@id":"https:\/\/grankera.com.br\/v3\/#\/schema\/logo\/image\/"},"sameAs":["https:\/\/www.facebook.com\/grankera.oficial","https:\/\/www.instagram.com\/grankera.oficial"]}]}},"_links":{"self":[{"href":"https:\/\/grankera.com.br\/v3\/wp-json\/wp\/v2\/product\/5842","targetHints":{"allow":["GET"]}}],"collection":[{"href":"https:\/\/grankera.com.br\/v3\/wp-json\/wp\/v2\/product"}],"about":[{"href":"https:\/\/grankera.com.br\/v3\/wp-json\/wp\/v2\/types\/product"}],"replies":[{"embeddable":true,"href":"https:\/\/grankera.com.br\/v3\/wp-json\/wp\/v2\/comments?post=5842"}],"wp:featuredmedia":[{"embeddable":true,"href":"https:\/\/grankera.com.br\/v3\/wp-json\/wp\/v2\/media\/6012"}],"wp:attachment":[{"href":"https:\/\/grankera.com.br\/v3\/wp-json\/wp\/v2\/media?parent=5842"}],"wp:term":[{"taxonomy":"product_brand","embeddable":true,"href":"https:\/\/grankera.com.br\/v3\/wp-json\/wp\/v2\/product_brand?post=5842"},{"taxonomy":"product_cat","embeddable":true,"href":"https:\/\/grankera.com.br\/v3\/wp-json\/wp\/v2\/product_cat?post=5842"},{"taxonomy":"product_tag","embeddable":true,"href":"https:\/\/grankera.com.br\/v3\/wp-json\/wp\/v2\/product_tag?post=5842"}],"curies":[{"name":"wp","href":"https:\/\/api.w.org\/{rel}","templated":true}]}}