{"id":5850,"date":"2022-02-09T15:34:39","date_gmt":"2022-02-09T18:34:39","guid":{"rendered":"http:\/\/&#038;p=5850"},"modified":"2025-12-03T10:01:29","modified_gmt":"2025-12-03T13:01:29","slug":"intensive-care-bambu-mascara-intensiva-300g","status":"publish","type":"product","link":"https:\/\/grankera.com.br\/v3\/produto\/intensive-care-bambu-mascara-intensiva-300g\/","title":{"rendered":"Intensive Care Bambu M\u00e1scara Intensiva 300g"},"content":{"rendered":"<p>Com ativos super concentrados de Queratina e Broto de Bambu, <strong>INTENSIVE CARE GRANK\u00c9RA<\/strong> \u00e9 ideal para cabelos danificados e que precisam de for\u00e7a extra e crescimento. Seu poder de tratamento e nutri\u00e7\u00e3o \u00e9 essencial para beleza dos cabelos. Garante nutri\u00e7\u00e3o, recupera\u00e7\u00e3o e brilho aos fios.<\/p>\n<p><strong>ATIVOS<\/strong><\/p>\n<p><em><strong>QUERATINA:<\/strong><\/em> Por tratar os fios de dentro para fora com o que ele tem de natural, devolve a capacidade saud\u00e1vel do cabelo deixando-o mais fortalecido. Tratamentos com queratina s\u00e3o muito indicados para cabelos quimicamente tratados, quebradi\u00e7os, finos demais, desalinhados, entre outros.<\/p>\n<p><em><strong>BROTO DE BAMBU:<\/strong><\/em> Auxilia na reconstru\u00e7\u00e3o de cabelos enfraquecidos e fortalecem fios que passaram por processo de queda. Ele \u00e9 rico em \u00e1gua, prote\u00ednas e sel\u00eanio, que fazem parte da constitui\u00e7\u00e3o da fibra capilar.<br \/>\nReconstr\u00f3i: \u00e9 rico em amino\u00e1cidos que preenchem a fibra capilar e auxiliam na regenera\u00e7\u00e3o dos fios que perderam massa por causa de processos qu\u00edmicos.<br \/>\nAjuda no crescimento: como auxilia na hidrata\u00e7\u00e3o e reconstru\u00e7\u00e3o, faz com que os fios cres\u00e7am mais fortes e saud\u00e1veis e n\u00e3o quebrem.<\/p>\n<p><strong>MODO DE USAR:<\/strong> Para uma hidrata\u00e7\u00e3o profunda, ap\u00f3s lavar os fios, aplique no cabelo \u00famido e massageie suavemente. Deixe agir de 15 a 20 minutos. Enx\u00e1gue bem e finalize como de costume.<\/p>\n","protected":false},"excerpt":{"rendered":"<p>As propriedades hidratantes e nutritivas do broto de bambu e queratina s\u00e3o capazes de recuperar os fios danificados deixando-os mais saud\u00e1veis.<\/p>\n","protected":false},"featured_media":6290,"comment_status":"open","ping_status":"closed","template":"","meta":[],"product_brand":[],"product_cat":[26],"product_tag":[],"class_list":{"0":"post-5850","1":"product","2":"type-product","3":"status-publish","4":"has-post-thumbnail","6":"product_cat-intensive-care","8":"first","9":"instock","10":"shipping-taxable","11":"purchasable","12":"product-type-simple"},"yoast_head":"<!-- This site is optimized with the Yoast SEO plugin v26.6 - https:\/\/yoast.com\/wordpress\/plugins\/seo\/ -->\n<title>Intensive Care Bambu M\u00e1scara Intensiva 300g - Grankera<\/title>\n<meta name=\"robots\" content=\"noindex, follow, max-snippet:-1, max-image-preview:large, max-video-preview:-1\" \/>\n<meta property=\"og:locale\" content=\"pt_BR\" \/>\n<meta property=\"og:type\" content=\"article\" \/>\n<meta property=\"og:title\" content=\"Intensive Care Bambu M\u00e1scara Intensiva 300g - Grankera\" \/>\n<meta property=\"og:description\" content=\"As propriedades hidratantes e nutritivas do broto de bambu e queratina s\u00e3o capazes de recuperar os fios danificados deixando-os mais saud\u00e1veis.\" \/>\n<meta property=\"og:url\" content=\"https:\/\/grankera.com.br\/v3\/produto\/intensive-care-bambu-mascara-intensiva-300g\/\" \/>\n<meta property=\"og:site_name\" content=\"Grankera\" \/>\n<meta property=\"article:publisher\" content=\"https:\/\/www.facebook.com\/grankera.oficial\" \/>\n<meta property=\"article:modified_time\" content=\"2025-12-03T13:01:29+00:00\" \/>\n<meta property=\"og:image\" content=\"https:\/\/grankera.com.br\/v3\/wp-content\/uploads\/2022\/02\/intensive-care-mascara.png\" \/>\n\t<meta property=\"og:image:width\" content=\"1000\" \/>\n\t<meta property=\"og:image:height\" content=\"1000\" \/>\n\t<meta property=\"og:image:type\" content=\"image\/png\" \/>\n<meta name=\"twitter:card\" content=\"summary_large_image\" \/>\n<meta name=\"twitter:label1\" content=\"Est. tempo de leitura\" \/>\n\t<meta name=\"twitter:data1\" content=\"2 minutos\" \/>\n<script type=\"application\/ld+json\" class=\"yoast-schema-graph\">{\"@context\":\"https:\/\/schema.org\",\"@graph\":[{\"@type\":\"WebPage\",\"@id\":\"https:\/\/grankera.com.br\/v3\/produto\/intensive-care-bambu-mascara-intensiva-300g\/\",\"url\":\"https:\/\/grankera.com.br\/v3\/produto\/intensive-care-bambu-mascara-intensiva-300g\/\",\"name\":\"Intensive Care Bambu M\u00e1scara Intensiva 300g - Grankera\",\"isPartOf\":{\"@id\":\"https:\/\/grankera.com.br\/v3\/#website\"},\"primaryImageOfPage\":{\"@id\":\"https:\/\/grankera.com.br\/v3\/produto\/intensive-care-bambu-mascara-intensiva-300g\/#primaryimage\"},\"image\":{\"@id\":\"https:\/\/grankera.com.br\/v3\/produto\/intensive-care-bambu-mascara-intensiva-300g\/#primaryimage\"},\"thumbnailUrl\":\"https:\/\/grankera.com.br\/v3\/wp-content\/uploads\/2022\/02\/intensive-care-mascara.png\",\"datePublished\":\"2022-02-09T18:34:39+00:00\",\"dateModified\":\"2025-12-03T13:01:29+00:00\",\"breadcrumb\":{\"@id\":\"https:\/\/grankera.com.br\/v3\/produto\/intensive-care-bambu-mascara-intensiva-300g\/#breadcrumb\"},\"inLanguage\":\"pt-BR\",\"potentialAction\":[{\"@type\":\"ReadAction\",\"target\":[\"https:\/\/grankera.com.br\/v3\/produto\/intensive-care-bambu-mascara-intensiva-300g\/\"]}]},{\"@type\":\"ImageObject\",\"inLanguage\":\"pt-BR\",\"@id\":\"https:\/\/grankera.com.br\/v3\/produto\/intensive-care-bambu-mascara-intensiva-300g\/#primaryimage\",\"url\":\"https:\/\/grankera.com.br\/v3\/wp-content\/uploads\/2022\/02\/intensive-care-mascara.png\",\"contentUrl\":\"https:\/\/grankera.com.br\/v3\/wp-content\/uploads\/2022\/02\/intensive-care-mascara.png\",\"width\":1000,\"height\":1000},{\"@type\":\"BreadcrumbList\",\"@id\":\"https:\/\/grankera.com.br\/v3\/produto\/intensive-care-bambu-mascara-intensiva-300g\/#breadcrumb\",\"itemListElement\":[{\"@type\":\"ListItem\",\"position\":1,\"name\":\"In\u00edcio\",\"item\":\"https:\/\/grankera.com.br\/v3\/\"},{\"@type\":\"ListItem\",\"position\":2,\"name\":\"Loja\",\"item\":\"https:\/\/grankera.com.br\/v3\/loja\/\"},{\"@type\":\"ListItem\",\"position\":3,\"name\":\"Intensive Care Bambu M\u00e1scara Intensiva 300g\"}]},{\"@type\":\"WebSite\",\"@id\":\"https:\/\/grankera.com.br\/v3\/#website\",\"url\":\"https:\/\/grankera.com.br\/v3\/\",\"name\":\"Grankera\",\"description\":\"\",\"publisher\":{\"@id\":\"https:\/\/grankera.com.br\/v3\/#organization\"},\"potentialAction\":[{\"@type\":\"SearchAction\",\"target\":{\"@type\":\"EntryPoint\",\"urlTemplate\":\"https:\/\/grankera.com.br\/v3\/?s={search_term_string}\"},\"query-input\":{\"@type\":\"PropertyValueSpecification\",\"valueRequired\":true,\"valueName\":\"search_term_string\"}}],\"inLanguage\":\"pt-BR\"},{\"@type\":\"Organization\",\"@id\":\"https:\/\/grankera.com.br\/v3\/#organization\",\"name\":\"Grankera\",\"url\":\"https:\/\/grankera.com.br\/v3\/\",\"logo\":{\"@type\":\"ImageObject\",\"inLanguage\":\"pt-BR\",\"@id\":\"https:\/\/grankera.com.br\/v3\/#\/schema\/logo\/image\/\",\"url\":\"https:\/\/grankera.com.br\/v3\/wp-content\/uploads\/2025\/12\/logo.png\",\"contentUrl\":\"https:\/\/grankera.com.br\/v3\/wp-content\/uploads\/2025\/12\/logo.png\",\"width\":152,\"height\":33,\"caption\":\"Grankera\"},\"image\":{\"@id\":\"https:\/\/grankera.com.br\/v3\/#\/schema\/logo\/image\/\"},\"sameAs\":[\"https:\/\/www.facebook.com\/grankera.oficial\",\"https:\/\/www.instagram.com\/grankera.oficial\"]}]}<\/script>\n<!-- \/ Yoast SEO plugin. -->","yoast_head_json":{"title":"Intensive Care Bambu M\u00e1scara Intensiva 300g - Grankera","robots":{"index":"noindex","follow":"follow","max-snippet":"max-snippet:-1","max-image-preview":"max-image-preview:large","max-video-preview":"max-video-preview:-1"},"og_locale":"pt_BR","og_type":"article","og_title":"Intensive Care Bambu M\u00e1scara Intensiva 300g - Grankera","og_description":"As propriedades hidratantes e nutritivas do broto de bambu e queratina s\u00e3o capazes de recuperar os fios danificados deixando-os mais saud\u00e1veis.","og_url":"https:\/\/grankera.com.br\/v3\/produto\/intensive-care-bambu-mascara-intensiva-300g\/","og_site_name":"Grankera","article_publisher":"https:\/\/www.facebook.com\/grankera.oficial","article_modified_time":"2025-12-03T13:01:29+00:00","og_image":[{"width":1000,"height":1000,"url":"https:\/\/grankera.com.br\/v3\/wp-content\/uploads\/2022\/02\/intensive-care-mascara.png","type":"image\/png"}],"twitter_card":"summary_large_image","twitter_misc":{"Est. tempo de leitura":"2 minutos"},"schema":{"@context":"https:\/\/schema.org","@graph":[{"@type":"WebPage","@id":"https:\/\/grankera.com.br\/v3\/produto\/intensive-care-bambu-mascara-intensiva-300g\/","url":"https:\/\/grankera.com.br\/v3\/produto\/intensive-care-bambu-mascara-intensiva-300g\/","name":"Intensive Care Bambu M\u00e1scara Intensiva 300g - Grankera","isPartOf":{"@id":"https:\/\/grankera.com.br\/v3\/#website"},"primaryImageOfPage":{"@id":"https:\/\/grankera.com.br\/v3\/produto\/intensive-care-bambu-mascara-intensiva-300g\/#primaryimage"},"image":{"@id":"https:\/\/grankera.com.br\/v3\/produto\/intensive-care-bambu-mascara-intensiva-300g\/#primaryimage"},"thumbnailUrl":"https:\/\/grankera.com.br\/v3\/wp-content\/uploads\/2022\/02\/intensive-care-mascara.png","datePublished":"2022-02-09T18:34:39+00:00","dateModified":"2025-12-03T13:01:29+00:00","breadcrumb":{"@id":"https:\/\/grankera.com.br\/v3\/produto\/intensive-care-bambu-mascara-intensiva-300g\/#breadcrumb"},"inLanguage":"pt-BR","potentialAction":[{"@type":"ReadAction","target":["https:\/\/grankera.com.br\/v3\/produto\/intensive-care-bambu-mascara-intensiva-300g\/"]}]},{"@type":"ImageObject","inLanguage":"pt-BR","@id":"https:\/\/grankera.com.br\/v3\/produto\/intensive-care-bambu-mascara-intensiva-300g\/#primaryimage","url":"https:\/\/grankera.com.br\/v3\/wp-content\/uploads\/2022\/02\/intensive-care-mascara.png","contentUrl":"https:\/\/grankera.com.br\/v3\/wp-content\/uploads\/2022\/02\/intensive-care-mascara.png","width":1000,"height":1000},{"@type":"BreadcrumbList","@id":"https:\/\/grankera.com.br\/v3\/produto\/intensive-care-bambu-mascara-intensiva-300g\/#breadcrumb","itemListElement":[{"@type":"ListItem","position":1,"name":"In\u00edcio","item":"https:\/\/grankera.com.br\/v3\/"},{"@type":"ListItem","position":2,"name":"Loja","item":"https:\/\/grankera.com.br\/v3\/loja\/"},{"@type":"ListItem","position":3,"name":"Intensive Care Bambu M\u00e1scara Intensiva 300g"}]},{"@type":"WebSite","@id":"https:\/\/grankera.com.br\/v3\/#website","url":"https:\/\/grankera.com.br\/v3\/","name":"Grankera","description":"","publisher":{"@id":"https:\/\/grankera.com.br\/v3\/#organization"},"potentialAction":[{"@type":"SearchAction","target":{"@type":"EntryPoint","urlTemplate":"https:\/\/grankera.com.br\/v3\/?s={search_term_string}"},"query-input":{"@type":"PropertyValueSpecification","valueRequired":true,"valueName":"search_term_string"}}],"inLanguage":"pt-BR"},{"@type":"Organization","@id":"https:\/\/grankera.com.br\/v3\/#organization","name":"Grankera","url":"https:\/\/grankera.com.br\/v3\/","logo":{"@type":"ImageObject","inLanguage":"pt-BR","@id":"https:\/\/grankera.com.br\/v3\/#\/schema\/logo\/image\/","url":"https:\/\/grankera.com.br\/v3\/wp-content\/uploads\/2025\/12\/logo.png","contentUrl":"https:\/\/grankera.com.br\/v3\/wp-content\/uploads\/2025\/12\/logo.png","width":152,"height":33,"caption":"Grankera"},"image":{"@id":"https:\/\/grankera.com.br\/v3\/#\/schema\/logo\/image\/"},"sameAs":["https:\/\/www.facebook.com\/grankera.oficial","https:\/\/www.instagram.com\/grankera.oficial"]}]}},"_links":{"self":[{"href":"https:\/\/grankera.com.br\/v3\/wp-json\/wp\/v2\/product\/5850","targetHints":{"allow":["GET"]}}],"collection":[{"href":"https:\/\/grankera.com.br\/v3\/wp-json\/wp\/v2\/product"}],"about":[{"href":"https:\/\/grankera.com.br\/v3\/wp-json\/wp\/v2\/types\/product"}],"replies":[{"embeddable":true,"href":"https:\/\/grankera.com.br\/v3\/wp-json\/wp\/v2\/comments?post=5850"}],"wp:featuredmedia":[{"embeddable":true,"href":"https:\/\/grankera.com.br\/v3\/wp-json\/wp\/v2\/media\/6290"}],"wp:attachment":[{"href":"https:\/\/grankera.com.br\/v3\/wp-json\/wp\/v2\/media?parent=5850"}],"wp:term":[{"taxonomy":"product_brand","embeddable":true,"href":"https:\/\/grankera.com.br\/v3\/wp-json\/wp\/v2\/product_brand?post=5850"},{"taxonomy":"product_cat","embeddable":true,"href":"https:\/\/grankera.com.br\/v3\/wp-json\/wp\/v2\/product_cat?post=5850"},{"taxonomy":"product_tag","embeddable":true,"href":"https:\/\/grankera.com.br\/v3\/wp-json\/wp\/v2\/product_tag?post=5850"}],"curies":[{"name":"wp","href":"https:\/\/api.w.org\/{rel}","templated":true}]}}