{"id":6381,"date":"2022-09-16T11:41:32","date_gmt":"2022-09-16T14:41:32","guid":{"rendered":"http:\/\/&#038;p=6381"},"modified":"2025-12-03T10:20:30","modified_gmt":"2025-12-03T13:20:30","slug":"cereja-negra-250ml","status":"publish","type":"product","link":"https:\/\/grankera.com.br\/v3\/produto\/cereja-negra-250ml\/","title":{"rendered":"Cereja Negra 250ml"},"content":{"rendered":"<p>Resistente \u00e0 umidade, calor e polui\u00e7\u00e3o, o produto forma uma pel\u00edcula protetora em torno dos fios aumentando a durabilidade da chapinha, evitando o frizz e mant\u00e9m o cabelo impec\u00e1vel at\u00e9 a pr\u00f3xima lavagem. A f\u00f3rmula l\u00edquida facilita a escova\u00e7\u00e3o e n\u00e3o deixa os fios oleosos ou pegajosos, al\u00e9m de adicionar luminosidade e leveza aos fios. N\u00e3o \u00e9 um alisamento, esse produto mant\u00e9m o liso por muito mais tempo.<\/p>\n<p><strong>ATIVOS<\/strong><\/p>\n<p><em><strong>EXO-P<\/strong><\/em>:O Escudo Biomim\u00e9tico EXO-P \u00e9 um composto inovador que protege o cabelo exposto \u00e0 polui\u00e7\u00e3o, sol e umidade, Preenche a fibra capilar e deixa os fios alinhados por mais tempo.<\/p>\n<p><strong><em>EXTRATO DE CEREJA NEGRA<\/em><\/strong>:<br \/>\nCont\u00e9m compostos org\u00e2nicos com propriedades antioxidantes e n\u00e3o permitem que as agress\u00f5es do dia a dia causem tantos danos, al\u00e9m de manterem a sa\u00fade, for\u00e7a e integridade das c\u00e9lulas capilares, contribui para um crescimento saud\u00e1vel e a boa apar\u00eancia dos fios. Previne contra ressecamento e pontas duplas.<\/p>\n<p><strong>MODO DE USAR:<br \/>\n<\/strong>Divida o cabelo \u00famido em mechas e aplique a selagem por toda a extens\u00e3o dos fios. Escove e pranche o cabelo para selar a f\u00f3rmula e manter a durabilidade do liso.<\/p>\n","protected":false},"excerpt":{"rendered":"<p>A blindagem capilar forma um escudo protetor que garante alinhamento tempor\u00e1rio dos fios e brilho intenso.<\/p>\n","protected":false},"featured_media":6383,"comment_status":"open","ping_status":"closed","template":"","meta":[],"product_brand":[],"product_cat":[35],"product_tag":[],"class_list":{"0":"post-6381","1":"product","2":"type-product","3":"status-publish","4":"has-post-thumbnail","6":"product_cat-cereja-negra","8":"first","9":"outofstock","10":"shipping-taxable","11":"purchasable","12":"product-type-simple"},"yoast_head":"<!-- This site is optimized with the Yoast SEO plugin v26.6 - https:\/\/yoast.com\/wordpress\/plugins\/seo\/ -->\n<title>Cereja Negra 250ml - Grankera<\/title>\n<meta name=\"robots\" content=\"noindex, follow, max-snippet:-1, max-image-preview:large, max-video-preview:-1\" \/>\n<meta property=\"og:locale\" content=\"pt_BR\" \/>\n<meta property=\"og:type\" content=\"article\" \/>\n<meta property=\"og:title\" content=\"Cereja Negra 250ml - Grankera\" \/>\n<meta property=\"og:description\" content=\"A blindagem capilar forma um escudo protetor que garante alinhamento tempor\u00e1rio dos fios e brilho intenso.\" \/>\n<meta property=\"og:url\" content=\"https:\/\/grankera.com.br\/v3\/produto\/cereja-negra-250ml\/\" \/>\n<meta property=\"og:site_name\" content=\"Grankera\" \/>\n<meta property=\"article:publisher\" content=\"https:\/\/www.facebook.com\/grankera.oficial\" \/>\n<meta property=\"article:modified_time\" content=\"2025-12-03T13:20:30+00:00\" \/>\n<meta property=\"og:image\" content=\"https:\/\/grankera.com.br\/v3\/wp-content\/uploads\/2022\/09\/Cereja-Negra.webp\" \/>\n\t<meta property=\"og:image:width\" content=\"1000\" \/>\n\t<meta property=\"og:image:height\" content=\"1000\" \/>\n\t<meta property=\"og:image:type\" content=\"image\/webp\" \/>\n<meta name=\"twitter:card\" content=\"summary_large_image\" \/>\n<meta name=\"twitter:label1\" content=\"Est. tempo de leitura\" \/>\n\t<meta name=\"twitter:data1\" content=\"2 minutos\" \/>\n<script type=\"application\/ld+json\" class=\"yoast-schema-graph\">{\"@context\":\"https:\/\/schema.org\",\"@graph\":[{\"@type\":\"WebPage\",\"@id\":\"https:\/\/grankera.com.br\/v3\/produto\/cereja-negra-250ml\/\",\"url\":\"https:\/\/grankera.com.br\/v3\/produto\/cereja-negra-250ml\/\",\"name\":\"Cereja Negra 250ml - Grankera\",\"isPartOf\":{\"@id\":\"https:\/\/grankera.com.br\/v3\/#website\"},\"primaryImageOfPage\":{\"@id\":\"https:\/\/grankera.com.br\/v3\/produto\/cereja-negra-250ml\/#primaryimage\"},\"image\":{\"@id\":\"https:\/\/grankera.com.br\/v3\/produto\/cereja-negra-250ml\/#primaryimage\"},\"thumbnailUrl\":\"https:\/\/grankera.com.br\/v3\/wp-content\/uploads\/2022\/09\/Cereja-Negra.webp\",\"datePublished\":\"2022-09-16T14:41:32+00:00\",\"dateModified\":\"2025-12-03T13:20:30+00:00\",\"breadcrumb\":{\"@id\":\"https:\/\/grankera.com.br\/v3\/produto\/cereja-negra-250ml\/#breadcrumb\"},\"inLanguage\":\"pt-BR\",\"potentialAction\":[{\"@type\":\"ReadAction\",\"target\":[\"https:\/\/grankera.com.br\/v3\/produto\/cereja-negra-250ml\/\"]}]},{\"@type\":\"ImageObject\",\"inLanguage\":\"pt-BR\",\"@id\":\"https:\/\/grankera.com.br\/v3\/produto\/cereja-negra-250ml\/#primaryimage\",\"url\":\"https:\/\/grankera.com.br\/v3\/wp-content\/uploads\/2022\/09\/Cereja-Negra.webp\",\"contentUrl\":\"https:\/\/grankera.com.br\/v3\/wp-content\/uploads\/2022\/09\/Cereja-Negra.webp\",\"width\":1000,\"height\":1000},{\"@type\":\"BreadcrumbList\",\"@id\":\"https:\/\/grankera.com.br\/v3\/produto\/cereja-negra-250ml\/#breadcrumb\",\"itemListElement\":[{\"@type\":\"ListItem\",\"position\":1,\"name\":\"In\u00edcio\",\"item\":\"https:\/\/grankera.com.br\/v3\/\"},{\"@type\":\"ListItem\",\"position\":2,\"name\":\"Loja\",\"item\":\"https:\/\/grankera.com.br\/v3\/loja\/\"},{\"@type\":\"ListItem\",\"position\":3,\"name\":\"Cereja Negra 250ml\"}]},{\"@type\":\"WebSite\",\"@id\":\"https:\/\/grankera.com.br\/v3\/#website\",\"url\":\"https:\/\/grankera.com.br\/v3\/\",\"name\":\"Grankera\",\"description\":\"\",\"publisher\":{\"@id\":\"https:\/\/grankera.com.br\/v3\/#organization\"},\"potentialAction\":[{\"@type\":\"SearchAction\",\"target\":{\"@type\":\"EntryPoint\",\"urlTemplate\":\"https:\/\/grankera.com.br\/v3\/?s={search_term_string}\"},\"query-input\":{\"@type\":\"PropertyValueSpecification\",\"valueRequired\":true,\"valueName\":\"search_term_string\"}}],\"inLanguage\":\"pt-BR\"},{\"@type\":\"Organization\",\"@id\":\"https:\/\/grankera.com.br\/v3\/#organization\",\"name\":\"Grankera\",\"url\":\"https:\/\/grankera.com.br\/v3\/\",\"logo\":{\"@type\":\"ImageObject\",\"inLanguage\":\"pt-BR\",\"@id\":\"https:\/\/grankera.com.br\/v3\/#\/schema\/logo\/image\/\",\"url\":\"https:\/\/grankera.com.br\/v3\/wp-content\/uploads\/2025\/12\/logo.png\",\"contentUrl\":\"https:\/\/grankera.com.br\/v3\/wp-content\/uploads\/2025\/12\/logo.png\",\"width\":152,\"height\":33,\"caption\":\"Grankera\"},\"image\":{\"@id\":\"https:\/\/grankera.com.br\/v3\/#\/schema\/logo\/image\/\"},\"sameAs\":[\"https:\/\/www.facebook.com\/grankera.oficial\",\"https:\/\/www.instagram.com\/grankera.oficial\"]}]}<\/script>\n<!-- \/ Yoast SEO plugin. -->","yoast_head_json":{"title":"Cereja Negra 250ml - Grankera","robots":{"index":"noindex","follow":"follow","max-snippet":"max-snippet:-1","max-image-preview":"max-image-preview:large","max-video-preview":"max-video-preview:-1"},"og_locale":"pt_BR","og_type":"article","og_title":"Cereja Negra 250ml - Grankera","og_description":"A blindagem capilar forma um escudo protetor que garante alinhamento tempor\u00e1rio dos fios e brilho intenso.","og_url":"https:\/\/grankera.com.br\/v3\/produto\/cereja-negra-250ml\/","og_site_name":"Grankera","article_publisher":"https:\/\/www.facebook.com\/grankera.oficial","article_modified_time":"2025-12-03T13:20:30+00:00","og_image":[{"width":1000,"height":1000,"url":"https:\/\/grankera.com.br\/v3\/wp-content\/uploads\/2022\/09\/Cereja-Negra.webp","type":"image\/webp"}],"twitter_card":"summary_large_image","twitter_misc":{"Est. tempo de leitura":"2 minutos"},"schema":{"@context":"https:\/\/schema.org","@graph":[{"@type":"WebPage","@id":"https:\/\/grankera.com.br\/v3\/produto\/cereja-negra-250ml\/","url":"https:\/\/grankera.com.br\/v3\/produto\/cereja-negra-250ml\/","name":"Cereja Negra 250ml - Grankera","isPartOf":{"@id":"https:\/\/grankera.com.br\/v3\/#website"},"primaryImageOfPage":{"@id":"https:\/\/grankera.com.br\/v3\/produto\/cereja-negra-250ml\/#primaryimage"},"image":{"@id":"https:\/\/grankera.com.br\/v3\/produto\/cereja-negra-250ml\/#primaryimage"},"thumbnailUrl":"https:\/\/grankera.com.br\/v3\/wp-content\/uploads\/2022\/09\/Cereja-Negra.webp","datePublished":"2022-09-16T14:41:32+00:00","dateModified":"2025-12-03T13:20:30+00:00","breadcrumb":{"@id":"https:\/\/grankera.com.br\/v3\/produto\/cereja-negra-250ml\/#breadcrumb"},"inLanguage":"pt-BR","potentialAction":[{"@type":"ReadAction","target":["https:\/\/grankera.com.br\/v3\/produto\/cereja-negra-250ml\/"]}]},{"@type":"ImageObject","inLanguage":"pt-BR","@id":"https:\/\/grankera.com.br\/v3\/produto\/cereja-negra-250ml\/#primaryimage","url":"https:\/\/grankera.com.br\/v3\/wp-content\/uploads\/2022\/09\/Cereja-Negra.webp","contentUrl":"https:\/\/grankera.com.br\/v3\/wp-content\/uploads\/2022\/09\/Cereja-Negra.webp","width":1000,"height":1000},{"@type":"BreadcrumbList","@id":"https:\/\/grankera.com.br\/v3\/produto\/cereja-negra-250ml\/#breadcrumb","itemListElement":[{"@type":"ListItem","position":1,"name":"In\u00edcio","item":"https:\/\/grankera.com.br\/v3\/"},{"@type":"ListItem","position":2,"name":"Loja","item":"https:\/\/grankera.com.br\/v3\/loja\/"},{"@type":"ListItem","position":3,"name":"Cereja Negra 250ml"}]},{"@type":"WebSite","@id":"https:\/\/grankera.com.br\/v3\/#website","url":"https:\/\/grankera.com.br\/v3\/","name":"Grankera","description":"","publisher":{"@id":"https:\/\/grankera.com.br\/v3\/#organization"},"potentialAction":[{"@type":"SearchAction","target":{"@type":"EntryPoint","urlTemplate":"https:\/\/grankera.com.br\/v3\/?s={search_term_string}"},"query-input":{"@type":"PropertyValueSpecification","valueRequired":true,"valueName":"search_term_string"}}],"inLanguage":"pt-BR"},{"@type":"Organization","@id":"https:\/\/grankera.com.br\/v3\/#organization","name":"Grankera","url":"https:\/\/grankera.com.br\/v3\/","logo":{"@type":"ImageObject","inLanguage":"pt-BR","@id":"https:\/\/grankera.com.br\/v3\/#\/schema\/logo\/image\/","url":"https:\/\/grankera.com.br\/v3\/wp-content\/uploads\/2025\/12\/logo.png","contentUrl":"https:\/\/grankera.com.br\/v3\/wp-content\/uploads\/2025\/12\/logo.png","width":152,"height":33,"caption":"Grankera"},"image":{"@id":"https:\/\/grankera.com.br\/v3\/#\/schema\/logo\/image\/"},"sameAs":["https:\/\/www.facebook.com\/grankera.oficial","https:\/\/www.instagram.com\/grankera.oficial"]}]}},"_links":{"self":[{"href":"https:\/\/grankera.com.br\/v3\/wp-json\/wp\/v2\/product\/6381","targetHints":{"allow":["GET"]}}],"collection":[{"href":"https:\/\/grankera.com.br\/v3\/wp-json\/wp\/v2\/product"}],"about":[{"href":"https:\/\/grankera.com.br\/v3\/wp-json\/wp\/v2\/types\/product"}],"replies":[{"embeddable":true,"href":"https:\/\/grankera.com.br\/v3\/wp-json\/wp\/v2\/comments?post=6381"}],"wp:featuredmedia":[{"embeddable":true,"href":"https:\/\/grankera.com.br\/v3\/wp-json\/wp\/v2\/media\/6383"}],"wp:attachment":[{"href":"https:\/\/grankera.com.br\/v3\/wp-json\/wp\/v2\/media?parent=6381"}],"wp:term":[{"taxonomy":"product_brand","embeddable":true,"href":"https:\/\/grankera.com.br\/v3\/wp-json\/wp\/v2\/product_brand?post=6381"},{"taxonomy":"product_cat","embeddable":true,"href":"https:\/\/grankera.com.br\/v3\/wp-json\/wp\/v2\/product_cat?post=6381"},{"taxonomy":"product_tag","embeddable":true,"href":"https:\/\/grankera.com.br\/v3\/wp-json\/wp\/v2\/product_tag?post=6381"}],"curies":[{"name":"wp","href":"https:\/\/api.w.org\/{rel}","templated":true}]}}