{"id":6724,"date":"2023-07-04T15:43:01","date_gmt":"2023-07-04T18:43:01","guid":{"rendered":"http:\/\/&#038;p=6724"},"modified":"2025-12-02T16:43:32","modified_gmt":"2025-12-02T19:43:32","slug":"day-care-mascara-hidratante-300g","status":"publish","type":"product","link":"https:\/\/grankera.com.br\/v3\/produto\/day-care-mascara-hidratante-300g\/","title":{"rendered":"Day Care M\u00e1scara Hidratante 300g"},"content":{"rendered":"<p>Proporciona maciez, hidrata\u00e7\u00e3o, condicionamento e ajuda a reparar danos. Com f\u00f3rmula leve e hidratante, \u00e9 indicado para todos os tipos de cabelos. Ideal para cuidados di\u00e1rios j\u00e1 que forma uma camada protetora nos fios expostos ao calor, ar-condicionado, polui\u00e7\u00e3o e agentes qu\u00edmicos.<\/p>\n<p><strong>ATIVOS<\/strong><\/p>\n<p><strong>COL\u00c1GENO<\/strong>: Rico em amino\u00e1cidos o col\u00e1geno \u00e9 uma prote\u00edna respons\u00e1vel n\u00e3o apenas pela elasticidade e for\u00e7a dos fios, mas tamb\u00e9m por deixar o cabelo forte, brilhante e com crescimento saud\u00e1vel.<\/p>\n<p><strong>VITAMINA B5<\/strong>: Por tratar os fios de dentro para fora com o que ele tem de natural, devolve a capacidade saud\u00e1vel do cabelo deixando-o mais fortalecido. Evita pontas duplas, auxilia na reten\u00e7\u00e3o de umidade e repara danos causados por tratamentos qu\u00edmicos e agress\u00f5es externas.<\/p>\n<p><strong>MODO DE USAR<\/strong>: Ap\u00f3s lavar o cabelo com o shampoo, aplique a M\u00c1SCARA HIDRATANTE de forma uniforme em todo comprimento dos fios. Deixe o produto agir por 5 minutos. Enxague em \u00e1gua abundante at\u00e9 sair todo excesso. Finalize como de costume.<\/p>\n","protected":false},"excerpt":{"rendered":"<p>F\u00f3rmula leve e hidratante. Indicado para todos os tipos de cabelos. Proporciona maciez, hidrata\u00e7\u00e3o, condicionamento.<\/p>\n","protected":false},"featured_media":6725,"comment_status":"open","ping_status":"closed","template":"","meta":[],"product_brand":[],"product_cat":[25],"product_tag":[],"class_list":{"0":"post-6724","1":"product","2":"type-product","3":"status-publish","4":"has-post-thumbnail","6":"product_cat-day-care","8":"first","9":"instock","10":"shipping-taxable","11":"purchasable","12":"product-type-simple"},"yoast_head":"<!-- This site is optimized with the Yoast SEO plugin v26.6 - https:\/\/yoast.com\/wordpress\/plugins\/seo\/ -->\n<title>Day Care M\u00e1scara Hidratante 300g - Grankera<\/title>\n<meta name=\"robots\" content=\"noindex, follow, max-snippet:-1, max-image-preview:large, max-video-preview:-1\" \/>\n<meta property=\"og:locale\" content=\"pt_BR\" \/>\n<meta property=\"og:type\" content=\"article\" \/>\n<meta property=\"og:title\" content=\"Day Care M\u00e1scara Hidratante 300g - Grankera\" \/>\n<meta property=\"og:description\" content=\"F\u00f3rmula leve e hidratante. Indicado para todos os tipos de cabelos. Proporciona maciez, hidrata\u00e7\u00e3o, condicionamento.\" \/>\n<meta property=\"og:url\" content=\"https:\/\/grankera.com.br\/v3\/produto\/day-care-mascara-hidratante-300g\/\" \/>\n<meta property=\"og:site_name\" content=\"Grankera\" \/>\n<meta property=\"article:publisher\" content=\"https:\/\/www.facebook.com\/grankera.oficial\" \/>\n<meta property=\"article:modified_time\" content=\"2025-12-02T19:43:32+00:00\" \/>\n<meta property=\"og:image\" content=\"https:\/\/grankera.com.br\/v3\/wp-content\/uploads\/2023\/07\/mask-day-care.png\" \/>\n\t<meta property=\"og:image:width\" content=\"1000\" \/>\n\t<meta property=\"og:image:height\" content=\"1000\" \/>\n\t<meta property=\"og:image:type\" content=\"image\/png\" \/>\n<meta name=\"twitter:card\" content=\"summary_large_image\" \/>\n<meta name=\"twitter:label1\" content=\"Est. tempo de leitura\" \/>\n\t<meta name=\"twitter:data1\" content=\"1 minuto\" \/>\n<script type=\"application\/ld+json\" class=\"yoast-schema-graph\">{\"@context\":\"https:\/\/schema.org\",\"@graph\":[{\"@type\":\"WebPage\",\"@id\":\"https:\/\/grankera.com.br\/v3\/produto\/day-care-mascara-hidratante-300g\/\",\"url\":\"https:\/\/grankera.com.br\/v3\/produto\/day-care-mascara-hidratante-300g\/\",\"name\":\"Day Care M\u00e1scara Hidratante 300g - Grankera\",\"isPartOf\":{\"@id\":\"https:\/\/grankera.com.br\/v3\/#website\"},\"primaryImageOfPage\":{\"@id\":\"https:\/\/grankera.com.br\/v3\/produto\/day-care-mascara-hidratante-300g\/#primaryimage\"},\"image\":{\"@id\":\"https:\/\/grankera.com.br\/v3\/produto\/day-care-mascara-hidratante-300g\/#primaryimage\"},\"thumbnailUrl\":\"https:\/\/grankera.com.br\/v3\/wp-content\/uploads\/2023\/07\/mask-day-care.png\",\"datePublished\":\"2023-07-04T18:43:01+00:00\",\"dateModified\":\"2025-12-02T19:43:32+00:00\",\"breadcrumb\":{\"@id\":\"https:\/\/grankera.com.br\/v3\/produto\/day-care-mascara-hidratante-300g\/#breadcrumb\"},\"inLanguage\":\"pt-BR\",\"potentialAction\":[{\"@type\":\"ReadAction\",\"target\":[\"https:\/\/grankera.com.br\/v3\/produto\/day-care-mascara-hidratante-300g\/\"]}]},{\"@type\":\"ImageObject\",\"inLanguage\":\"pt-BR\",\"@id\":\"https:\/\/grankera.com.br\/v3\/produto\/day-care-mascara-hidratante-300g\/#primaryimage\",\"url\":\"https:\/\/grankera.com.br\/v3\/wp-content\/uploads\/2023\/07\/mask-day-care.png\",\"contentUrl\":\"https:\/\/grankera.com.br\/v3\/wp-content\/uploads\/2023\/07\/mask-day-care.png\",\"width\":1000,\"height\":1000},{\"@type\":\"BreadcrumbList\",\"@id\":\"https:\/\/grankera.com.br\/v3\/produto\/day-care-mascara-hidratante-300g\/#breadcrumb\",\"itemListElement\":[{\"@type\":\"ListItem\",\"position\":1,\"name\":\"In\u00edcio\",\"item\":\"https:\/\/grankera.com.br\/v3\/\"},{\"@type\":\"ListItem\",\"position\":2,\"name\":\"Loja\",\"item\":\"https:\/\/grankera.com.br\/v3\/loja\/\"},{\"@type\":\"ListItem\",\"position\":3,\"name\":\"Day Care M\u00e1scara Hidratante 300g\"}]},{\"@type\":\"WebSite\",\"@id\":\"https:\/\/grankera.com.br\/v3\/#website\",\"url\":\"https:\/\/grankera.com.br\/v3\/\",\"name\":\"Grankera\",\"description\":\"\",\"publisher\":{\"@id\":\"https:\/\/grankera.com.br\/v3\/#organization\"},\"potentialAction\":[{\"@type\":\"SearchAction\",\"target\":{\"@type\":\"EntryPoint\",\"urlTemplate\":\"https:\/\/grankera.com.br\/v3\/?s={search_term_string}\"},\"query-input\":{\"@type\":\"PropertyValueSpecification\",\"valueRequired\":true,\"valueName\":\"search_term_string\"}}],\"inLanguage\":\"pt-BR\"},{\"@type\":\"Organization\",\"@id\":\"https:\/\/grankera.com.br\/v3\/#organization\",\"name\":\"Grankera\",\"url\":\"https:\/\/grankera.com.br\/v3\/\",\"logo\":{\"@type\":\"ImageObject\",\"inLanguage\":\"pt-BR\",\"@id\":\"https:\/\/grankera.com.br\/v3\/#\/schema\/logo\/image\/\",\"url\":\"https:\/\/grankera.com.br\/v3\/wp-content\/uploads\/2025\/12\/logo.png\",\"contentUrl\":\"https:\/\/grankera.com.br\/v3\/wp-content\/uploads\/2025\/12\/logo.png\",\"width\":152,\"height\":33,\"caption\":\"Grankera\"},\"image\":{\"@id\":\"https:\/\/grankera.com.br\/v3\/#\/schema\/logo\/image\/\"},\"sameAs\":[\"https:\/\/www.facebook.com\/grankera.oficial\",\"https:\/\/www.instagram.com\/grankera.oficial\"]}]}<\/script>\n<!-- \/ Yoast SEO plugin. -->","yoast_head_json":{"title":"Day Care M\u00e1scara Hidratante 300g - Grankera","robots":{"index":"noindex","follow":"follow","max-snippet":"max-snippet:-1","max-image-preview":"max-image-preview:large","max-video-preview":"max-video-preview:-1"},"og_locale":"pt_BR","og_type":"article","og_title":"Day Care M\u00e1scara Hidratante 300g - Grankera","og_description":"F\u00f3rmula leve e hidratante. Indicado para todos os tipos de cabelos. Proporciona maciez, hidrata\u00e7\u00e3o, condicionamento.","og_url":"https:\/\/grankera.com.br\/v3\/produto\/day-care-mascara-hidratante-300g\/","og_site_name":"Grankera","article_publisher":"https:\/\/www.facebook.com\/grankera.oficial","article_modified_time":"2025-12-02T19:43:32+00:00","og_image":[{"width":1000,"height":1000,"url":"https:\/\/grankera.com.br\/v3\/wp-content\/uploads\/2023\/07\/mask-day-care.png","type":"image\/png"}],"twitter_card":"summary_large_image","twitter_misc":{"Est. tempo de leitura":"1 minuto"},"schema":{"@context":"https:\/\/schema.org","@graph":[{"@type":"WebPage","@id":"https:\/\/grankera.com.br\/v3\/produto\/day-care-mascara-hidratante-300g\/","url":"https:\/\/grankera.com.br\/v3\/produto\/day-care-mascara-hidratante-300g\/","name":"Day Care M\u00e1scara Hidratante 300g - Grankera","isPartOf":{"@id":"https:\/\/grankera.com.br\/v3\/#website"},"primaryImageOfPage":{"@id":"https:\/\/grankera.com.br\/v3\/produto\/day-care-mascara-hidratante-300g\/#primaryimage"},"image":{"@id":"https:\/\/grankera.com.br\/v3\/produto\/day-care-mascara-hidratante-300g\/#primaryimage"},"thumbnailUrl":"https:\/\/grankera.com.br\/v3\/wp-content\/uploads\/2023\/07\/mask-day-care.png","datePublished":"2023-07-04T18:43:01+00:00","dateModified":"2025-12-02T19:43:32+00:00","breadcrumb":{"@id":"https:\/\/grankera.com.br\/v3\/produto\/day-care-mascara-hidratante-300g\/#breadcrumb"},"inLanguage":"pt-BR","potentialAction":[{"@type":"ReadAction","target":["https:\/\/grankera.com.br\/v3\/produto\/day-care-mascara-hidratante-300g\/"]}]},{"@type":"ImageObject","inLanguage":"pt-BR","@id":"https:\/\/grankera.com.br\/v3\/produto\/day-care-mascara-hidratante-300g\/#primaryimage","url":"https:\/\/grankera.com.br\/v3\/wp-content\/uploads\/2023\/07\/mask-day-care.png","contentUrl":"https:\/\/grankera.com.br\/v3\/wp-content\/uploads\/2023\/07\/mask-day-care.png","width":1000,"height":1000},{"@type":"BreadcrumbList","@id":"https:\/\/grankera.com.br\/v3\/produto\/day-care-mascara-hidratante-300g\/#breadcrumb","itemListElement":[{"@type":"ListItem","position":1,"name":"In\u00edcio","item":"https:\/\/grankera.com.br\/v3\/"},{"@type":"ListItem","position":2,"name":"Loja","item":"https:\/\/grankera.com.br\/v3\/loja\/"},{"@type":"ListItem","position":3,"name":"Day Care M\u00e1scara Hidratante 300g"}]},{"@type":"WebSite","@id":"https:\/\/grankera.com.br\/v3\/#website","url":"https:\/\/grankera.com.br\/v3\/","name":"Grankera","description":"","publisher":{"@id":"https:\/\/grankera.com.br\/v3\/#organization"},"potentialAction":[{"@type":"SearchAction","target":{"@type":"EntryPoint","urlTemplate":"https:\/\/grankera.com.br\/v3\/?s={search_term_string}"},"query-input":{"@type":"PropertyValueSpecification","valueRequired":true,"valueName":"search_term_string"}}],"inLanguage":"pt-BR"},{"@type":"Organization","@id":"https:\/\/grankera.com.br\/v3\/#organization","name":"Grankera","url":"https:\/\/grankera.com.br\/v3\/","logo":{"@type":"ImageObject","inLanguage":"pt-BR","@id":"https:\/\/grankera.com.br\/v3\/#\/schema\/logo\/image\/","url":"https:\/\/grankera.com.br\/v3\/wp-content\/uploads\/2025\/12\/logo.png","contentUrl":"https:\/\/grankera.com.br\/v3\/wp-content\/uploads\/2025\/12\/logo.png","width":152,"height":33,"caption":"Grankera"},"image":{"@id":"https:\/\/grankera.com.br\/v3\/#\/schema\/logo\/image\/"},"sameAs":["https:\/\/www.facebook.com\/grankera.oficial","https:\/\/www.instagram.com\/grankera.oficial"]}]}},"_links":{"self":[{"href":"https:\/\/grankera.com.br\/v3\/wp-json\/wp\/v2\/product\/6724","targetHints":{"allow":["GET"]}}],"collection":[{"href":"https:\/\/grankera.com.br\/v3\/wp-json\/wp\/v2\/product"}],"about":[{"href":"https:\/\/grankera.com.br\/v3\/wp-json\/wp\/v2\/types\/product"}],"replies":[{"embeddable":true,"href":"https:\/\/grankera.com.br\/v3\/wp-json\/wp\/v2\/comments?post=6724"}],"wp:featuredmedia":[{"embeddable":true,"href":"https:\/\/grankera.com.br\/v3\/wp-json\/wp\/v2\/media\/6725"}],"wp:attachment":[{"href":"https:\/\/grankera.com.br\/v3\/wp-json\/wp\/v2\/media?parent=6724"}],"wp:term":[{"taxonomy":"product_brand","embeddable":true,"href":"https:\/\/grankera.com.br\/v3\/wp-json\/wp\/v2\/product_brand?post=6724"},{"taxonomy":"product_cat","embeddable":true,"href":"https:\/\/grankera.com.br\/v3\/wp-json\/wp\/v2\/product_cat?post=6724"},{"taxonomy":"product_tag","embeddable":true,"href":"https:\/\/grankera.com.br\/v3\/wp-json\/wp\/v2\/product_tag?post=6724"}],"curies":[{"name":"wp","href":"https:\/\/api.w.org\/{rel}","templated":true}]}}