{"id":6861,"date":"2023-09-21T10:03:23","date_gmt":"2023-09-21T13:03:23","guid":{"rendered":"http:\/\/&#038;p=6861"},"modified":"2025-11-27T13:53:13","modified_gmt":"2025-11-27T16:53:13","slug":"cereja-negra-shampoo-300ml","status":"publish","type":"product","link":"https:\/\/grankera.com.br\/v3\/produto\/cereja-negra-shampoo-300ml\/","title":{"rendered":"Cereja Negra Shampoo 300ml"},"content":{"rendered":"<p><strong>DESCRI\u00c7\u00c3O<\/strong><br \/>\nNeutraliza os metais pesados que se acumulam nos fios, protege contra danos externos e desbotamento da cor. Age como restaurador para cabelos sensibilizados. pH 5,0 &#8211; 6,0<\/p>\n<p><strong>ATIVOS<\/strong><\/p>\n<p><strong>EXO-P<\/strong><\/p>\n<p>A\u00e7\u00e3o quelante que neutraliza o metal dentro da fibra capilar, estabiliza os agentes colorantes para manter a cor mais forte e vibrante por mais tempo. Cria uma camada de prote\u00e7\u00e3o que previne danos aos cabelos. Promove a remo\u00e7\u00e3o das toxinas que s\u00e3o absorvidas pelos fios ao longo do tempo, assim como de \u00edons met\u00e1licos vindo de variados cosm\u00e9ticos que, com o ac\u00famulo, deixam suas madeixas danificadas, ressecadas e fracas. Repara a fibra capilar ao mesmo tempo em que blinda seu cabelo, gra\u00e7as \u00e0 camada protetora que os ativos desse produto criam ao redor dos fios.<\/p>\n<p><strong>EXTRATO DE CEREJA NEGRA<\/strong><\/p>\n<p>Preserva o brilho e luminosidade, mant\u00e9m os fios saud\u00e1veis, nutridos, hidratados e sem frizz.<\/p>\n<p><strong>KARIT\u00c9<\/strong><\/p>\n<p>Emoliente e profundamente nutritivo, penetra na fibra capilar e proporciona um cabelo menos poroso, com maciez, brilho e sedosidade.<\/p>\n<p><strong>MODO DE USAR: <\/strong>USO EXTERNO.<\/p>\n<p>Ap\u00f3s molhar os fios, aplique o SHAMPOO CEREJA NEGRA e massageie suavemente at\u00e9 a forma\u00e7\u00e3o de espuma. Enx\u00e1gue bem e repita a aplica\u00e7\u00e3o se necess\u00e1rio. Em seguida aplique a <a href=\"https:\/\/www.grankera.com.br\/produto\/cereja-negra-mascara-de-tratamento-300g\/\">M\u00c1SCARA DE TRATAMENTO CEREJA NEGRA<\/a>.<\/p>\n","protected":false},"excerpt":{"rendered":"<p>Blindagem dos fios contra desbotamento da cor, frizz e ressecamento.<\/p>\n","protected":false},"featured_media":11691,"comment_status":"open","ping_status":"closed","template":"","meta":[],"product_brand":[],"product_cat":[35],"product_tag":[],"class_list":{"0":"post-6861","1":"product","2":"type-product","3":"status-publish","4":"has-post-thumbnail","6":"product_cat-cereja-negra","8":"first","9":"instock","10":"shipping-taxable","11":"purchasable","12":"product-type-simple"},"yoast_head":"<!-- This site is optimized with the Yoast SEO plugin v26.6 - https:\/\/yoast.com\/wordpress\/plugins\/seo\/ -->\n<title>Cereja Negra Shampoo 300ml - Grankera<\/title>\n<meta name=\"robots\" content=\"noindex, follow, max-snippet:-1, max-image-preview:large, max-video-preview:-1\" \/>\n<meta property=\"og:locale\" content=\"pt_BR\" \/>\n<meta property=\"og:type\" content=\"article\" \/>\n<meta property=\"og:title\" content=\"Cereja Negra Shampoo 300ml - Grankera\" \/>\n<meta property=\"og:description\" content=\"Blindagem dos fios contra desbotamento da cor, frizz e ressecamento.\" \/>\n<meta property=\"og:url\" content=\"https:\/\/grankera.com.br\/v3\/produto\/cereja-negra-shampoo-300ml\/\" \/>\n<meta property=\"og:site_name\" content=\"Grankera\" \/>\n<meta property=\"article:publisher\" content=\"https:\/\/www.facebook.com\/grankera.oficial\" \/>\n<meta property=\"article:modified_time\" content=\"2025-11-27T16:53:13+00:00\" \/>\n<meta property=\"og:image\" content=\"https:\/\/grankera.com.br\/v3\/wp-content\/uploads\/2023\/09\/Cereja-Negra-Shampoo-300ml-1.png\" \/>\n\t<meta property=\"og:image:width\" content=\"1000\" \/>\n\t<meta property=\"og:image:height\" content=\"1000\" \/>\n\t<meta property=\"og:image:type\" content=\"image\/png\" \/>\n<meta name=\"twitter:card\" content=\"summary_large_image\" \/>\n<meta name=\"twitter:label1\" content=\"Est. tempo de leitura\" \/>\n\t<meta name=\"twitter:data1\" content=\"2 minutos\" \/>\n<script type=\"application\/ld+json\" class=\"yoast-schema-graph\">{\"@context\":\"https:\/\/schema.org\",\"@graph\":[{\"@type\":\"WebPage\",\"@id\":\"https:\/\/grankera.com.br\/v3\/produto\/cereja-negra-shampoo-300ml\/\",\"url\":\"https:\/\/grankera.com.br\/v3\/produto\/cereja-negra-shampoo-300ml\/\",\"name\":\"Cereja Negra Shampoo 300ml - Grankera\",\"isPartOf\":{\"@id\":\"https:\/\/grankera.com.br\/v3\/#website\"},\"primaryImageOfPage\":{\"@id\":\"https:\/\/grankera.com.br\/v3\/produto\/cereja-negra-shampoo-300ml\/#primaryimage\"},\"image\":{\"@id\":\"https:\/\/grankera.com.br\/v3\/produto\/cereja-negra-shampoo-300ml\/#primaryimage\"},\"thumbnailUrl\":\"https:\/\/grankera.com.br\/v3\/wp-content\/uploads\/2023\/09\/Cereja-Negra-Shampoo-300ml-1.png\",\"datePublished\":\"2023-09-21T13:03:23+00:00\",\"dateModified\":\"2025-11-27T16:53:13+00:00\",\"breadcrumb\":{\"@id\":\"https:\/\/grankera.com.br\/v3\/produto\/cereja-negra-shampoo-300ml\/#breadcrumb\"},\"inLanguage\":\"pt-BR\",\"potentialAction\":[{\"@type\":\"ReadAction\",\"target\":[\"https:\/\/grankera.com.br\/v3\/produto\/cereja-negra-shampoo-300ml\/\"]}]},{\"@type\":\"ImageObject\",\"inLanguage\":\"pt-BR\",\"@id\":\"https:\/\/grankera.com.br\/v3\/produto\/cereja-negra-shampoo-300ml\/#primaryimage\",\"url\":\"https:\/\/grankera.com.br\/v3\/wp-content\/uploads\/2023\/09\/Cereja-Negra-Shampoo-300ml-1.png\",\"contentUrl\":\"https:\/\/grankera.com.br\/v3\/wp-content\/uploads\/2023\/09\/Cereja-Negra-Shampoo-300ml-1.png\",\"width\":1000,\"height\":1000},{\"@type\":\"BreadcrumbList\",\"@id\":\"https:\/\/grankera.com.br\/v3\/produto\/cereja-negra-shampoo-300ml\/#breadcrumb\",\"itemListElement\":[{\"@type\":\"ListItem\",\"position\":1,\"name\":\"In\u00edcio\",\"item\":\"https:\/\/grankera.com.br\/v3\/\"},{\"@type\":\"ListItem\",\"position\":2,\"name\":\"Loja\",\"item\":\"https:\/\/grankera.com.br\/v3\/loja\/\"},{\"@type\":\"ListItem\",\"position\":3,\"name\":\"Cereja Negra Shampoo 300ml\"}]},{\"@type\":\"WebSite\",\"@id\":\"https:\/\/grankera.com.br\/v3\/#website\",\"url\":\"https:\/\/grankera.com.br\/v3\/\",\"name\":\"Grankera\",\"description\":\"\",\"publisher\":{\"@id\":\"https:\/\/grankera.com.br\/v3\/#organization\"},\"potentialAction\":[{\"@type\":\"SearchAction\",\"target\":{\"@type\":\"EntryPoint\",\"urlTemplate\":\"https:\/\/grankera.com.br\/v3\/?s={search_term_string}\"},\"query-input\":{\"@type\":\"PropertyValueSpecification\",\"valueRequired\":true,\"valueName\":\"search_term_string\"}}],\"inLanguage\":\"pt-BR\"},{\"@type\":\"Organization\",\"@id\":\"https:\/\/grankera.com.br\/v3\/#organization\",\"name\":\"Grankera\",\"url\":\"https:\/\/grankera.com.br\/v3\/\",\"logo\":{\"@type\":\"ImageObject\",\"inLanguage\":\"pt-BR\",\"@id\":\"https:\/\/grankera.com.br\/v3\/#\/schema\/logo\/image\/\",\"url\":\"https:\/\/grankera.com.br\/v3\/wp-content\/uploads\/2025\/12\/logo.png\",\"contentUrl\":\"https:\/\/grankera.com.br\/v3\/wp-content\/uploads\/2025\/12\/logo.png\",\"width\":152,\"height\":33,\"caption\":\"Grankera\"},\"image\":{\"@id\":\"https:\/\/grankera.com.br\/v3\/#\/schema\/logo\/image\/\"},\"sameAs\":[\"https:\/\/www.facebook.com\/grankera.oficial\",\"https:\/\/www.instagram.com\/grankera.oficial\"]}]}<\/script>\n<!-- \/ Yoast SEO plugin. -->","yoast_head_json":{"title":"Cereja Negra Shampoo 300ml - Grankera","robots":{"index":"noindex","follow":"follow","max-snippet":"max-snippet:-1","max-image-preview":"max-image-preview:large","max-video-preview":"max-video-preview:-1"},"og_locale":"pt_BR","og_type":"article","og_title":"Cereja Negra Shampoo 300ml - Grankera","og_description":"Blindagem dos fios contra desbotamento da cor, frizz e ressecamento.","og_url":"https:\/\/grankera.com.br\/v3\/produto\/cereja-negra-shampoo-300ml\/","og_site_name":"Grankera","article_publisher":"https:\/\/www.facebook.com\/grankera.oficial","article_modified_time":"2025-11-27T16:53:13+00:00","og_image":[{"width":1000,"height":1000,"url":"https:\/\/grankera.com.br\/v3\/wp-content\/uploads\/2023\/09\/Cereja-Negra-Shampoo-300ml-1.png","type":"image\/png"}],"twitter_card":"summary_large_image","twitter_misc":{"Est. tempo de leitura":"2 minutos"},"schema":{"@context":"https:\/\/schema.org","@graph":[{"@type":"WebPage","@id":"https:\/\/grankera.com.br\/v3\/produto\/cereja-negra-shampoo-300ml\/","url":"https:\/\/grankera.com.br\/v3\/produto\/cereja-negra-shampoo-300ml\/","name":"Cereja Negra Shampoo 300ml - Grankera","isPartOf":{"@id":"https:\/\/grankera.com.br\/v3\/#website"},"primaryImageOfPage":{"@id":"https:\/\/grankera.com.br\/v3\/produto\/cereja-negra-shampoo-300ml\/#primaryimage"},"image":{"@id":"https:\/\/grankera.com.br\/v3\/produto\/cereja-negra-shampoo-300ml\/#primaryimage"},"thumbnailUrl":"https:\/\/grankera.com.br\/v3\/wp-content\/uploads\/2023\/09\/Cereja-Negra-Shampoo-300ml-1.png","datePublished":"2023-09-21T13:03:23+00:00","dateModified":"2025-11-27T16:53:13+00:00","breadcrumb":{"@id":"https:\/\/grankera.com.br\/v3\/produto\/cereja-negra-shampoo-300ml\/#breadcrumb"},"inLanguage":"pt-BR","potentialAction":[{"@type":"ReadAction","target":["https:\/\/grankera.com.br\/v3\/produto\/cereja-negra-shampoo-300ml\/"]}]},{"@type":"ImageObject","inLanguage":"pt-BR","@id":"https:\/\/grankera.com.br\/v3\/produto\/cereja-negra-shampoo-300ml\/#primaryimage","url":"https:\/\/grankera.com.br\/v3\/wp-content\/uploads\/2023\/09\/Cereja-Negra-Shampoo-300ml-1.png","contentUrl":"https:\/\/grankera.com.br\/v3\/wp-content\/uploads\/2023\/09\/Cereja-Negra-Shampoo-300ml-1.png","width":1000,"height":1000},{"@type":"BreadcrumbList","@id":"https:\/\/grankera.com.br\/v3\/produto\/cereja-negra-shampoo-300ml\/#breadcrumb","itemListElement":[{"@type":"ListItem","position":1,"name":"In\u00edcio","item":"https:\/\/grankera.com.br\/v3\/"},{"@type":"ListItem","position":2,"name":"Loja","item":"https:\/\/grankera.com.br\/v3\/loja\/"},{"@type":"ListItem","position":3,"name":"Cereja Negra Shampoo 300ml"}]},{"@type":"WebSite","@id":"https:\/\/grankera.com.br\/v3\/#website","url":"https:\/\/grankera.com.br\/v3\/","name":"Grankera","description":"","publisher":{"@id":"https:\/\/grankera.com.br\/v3\/#organization"},"potentialAction":[{"@type":"SearchAction","target":{"@type":"EntryPoint","urlTemplate":"https:\/\/grankera.com.br\/v3\/?s={search_term_string}"},"query-input":{"@type":"PropertyValueSpecification","valueRequired":true,"valueName":"search_term_string"}}],"inLanguage":"pt-BR"},{"@type":"Organization","@id":"https:\/\/grankera.com.br\/v3\/#organization","name":"Grankera","url":"https:\/\/grankera.com.br\/v3\/","logo":{"@type":"ImageObject","inLanguage":"pt-BR","@id":"https:\/\/grankera.com.br\/v3\/#\/schema\/logo\/image\/","url":"https:\/\/grankera.com.br\/v3\/wp-content\/uploads\/2025\/12\/logo.png","contentUrl":"https:\/\/grankera.com.br\/v3\/wp-content\/uploads\/2025\/12\/logo.png","width":152,"height":33,"caption":"Grankera"},"image":{"@id":"https:\/\/grankera.com.br\/v3\/#\/schema\/logo\/image\/"},"sameAs":["https:\/\/www.facebook.com\/grankera.oficial","https:\/\/www.instagram.com\/grankera.oficial"]}]}},"_links":{"self":[{"href":"https:\/\/grankera.com.br\/v3\/wp-json\/wp\/v2\/product\/6861","targetHints":{"allow":["GET"]}}],"collection":[{"href":"https:\/\/grankera.com.br\/v3\/wp-json\/wp\/v2\/product"}],"about":[{"href":"https:\/\/grankera.com.br\/v3\/wp-json\/wp\/v2\/types\/product"}],"replies":[{"embeddable":true,"href":"https:\/\/grankera.com.br\/v3\/wp-json\/wp\/v2\/comments?post=6861"}],"wp:featuredmedia":[{"embeddable":true,"href":"https:\/\/grankera.com.br\/v3\/wp-json\/wp\/v2\/media\/11691"}],"wp:attachment":[{"href":"https:\/\/grankera.com.br\/v3\/wp-json\/wp\/v2\/media?parent=6861"}],"wp:term":[{"taxonomy":"product_brand","embeddable":true,"href":"https:\/\/grankera.com.br\/v3\/wp-json\/wp\/v2\/product_brand?post=6861"},{"taxonomy":"product_cat","embeddable":true,"href":"https:\/\/grankera.com.br\/v3\/wp-json\/wp\/v2\/product_cat?post=6861"},{"taxonomy":"product_tag","embeddable":true,"href":"https:\/\/grankera.com.br\/v3\/wp-json\/wp\/v2\/product_tag?post=6861"}],"curies":[{"name":"wp","href":"https:\/\/api.w.org\/{rel}","templated":true}]}}